{"id":7794,"date":"2025-06-13T15:00:18","date_gmt":"2025-06-13T15:00:18","guid":{"rendered":"https:\/\/www.novafloor.fi\/tuote\/okategoriserad\/parador-classic-1050-ek-studioline-slipad-1-stav-matt-laminat\/"},"modified":"2026-02-14T13:41:20","modified_gmt":"2026-02-14T13:41:20","slug":"parador-classic-1050-ek-studioline-slipad-1-stav-matt-laminat","status":"publish","type":"product","link":"https:\/\/www.novafloor.fi\/sv\/golv\/laminat\/parador-classic-1050-ek-studioline-slipad-1-stav-matt-laminat\/","title":{"rendered":"PARADOR Classic 1050 Ek Studioline slipad 1-stav matt laminat"},"content":{"rendered":"<p>PARADOR laminat representerar det absolut b\u00e4sta inom branschen.<span style=\"font-weight: 400;\"> Den tyska tillverkaren PARADOR producerar h\u00f6gklassiga laminatgolv som k\u00e4nnetecknas av mycket h\u00f6g slitstyrka samt naturliga och vackra golvdesigner.<\/span><\/p>\n<h3><b>H\u00d6GSTA KVALITET<\/b><\/h3>\n<p><span style=\"font-weight: 400;\">I utvecklingen och tillverkningen av PARADORs laminat prioriteras h\u00e5llbarhet, l\u00e4ttsk\u00f6tthet och enkel installation. Detta laminat uppfyller de str\u00e4nga kraven f\u00f6r bruksklass KL32, vilket inneb\u00e4r att golvet t\u00e5l h\u00e5rt slitage. Med PARADOR-laminat f\u00e5r du ett bekymmersfritt golv som h\u00e5ller i m\u00e5nga \u00e5r.<\/span><\/p>\n<p><span style=\"font-weight: 400;\">Laminatgolvet i Classic 1050-serien \u00e4r hela 8 mm tjockt, vilket g\u00f6r plankan mycket stabil. Den rej\u00e4la tjockleken m\u00f6jligg\u00f6r \u00e4ven ett stort och h\u00e5llbart l\u00e5ssystem, vilket underl\u00e4ttar installationen avsev\u00e4rt.<\/span><\/p>\n<h3><b>BRETT LAMINAT MED FASAD KANT<\/b><\/h3>\n<p><span style=\"font-weight: 400;\">PARADOR Classic 1050-laminatet \u00e4r 194 mm brett och 1285 mm l\u00e5ngt. Den breda plankan ger golvet ett lugnt och harmoniskt uttryck.<\/span><\/p>\n<p><span style=\"font-weight: 400;\">Plankorna har fasade kanter, vilket inneb\u00e4r att en V-formad fog bildas mellan plankorna. Detta framh\u00e4ver varje enskild planka och skapar ett tydligt plankgolvsintryck. Fasningen finns b\u00e5de l\u00e4ngs l\u00e5ngsidorna och kortsidorna \u2013 s\u00e5 kallad 4V-fas.<\/span><\/p>\n<p><span style=\"font-weight: 400;\">Laminat med fasade kanter \u00e4r enkelt att h\u00e5lla rent och reng\u00f6rs smidigt med vanlig dammsugning.<\/span><\/p>\n<h3><b>25 \u00c5RS GARANTI OCH \u00d6VERL\u00c4GSET SV\u00c4LLSKYDD<\/b><\/h3>\n<p><span style=\"font-weight: 400;\">PARADOR Classic 1050-serien har hela 25 \u00e5rs garanti vid hemmabruk och 5 \u00e5rs garanti i offentlig milj\u00f6.<\/span><\/p>\n<p><span style=\"font-weight: 400;\">En av laminatgolvets viktigaste egenskaper \u00e4r dess motst\u00e5ndskraft mot fukt, det vill s\u00e4ga skyddet mot sv\u00e4llning. D\u00e4rf\u00f6r impregnerar PARADOR kanterna p\u00e5 alla sina laminatprodukter, b\u00e5de l\u00e4ngs l\u00e5ngsidorna och kortsidorna. Tack vare detta \u00e4r sv\u00e4llskyddet hos PARADOR Classic 1050 hela 60 % b\u00e4ttre \u00e4n kraven i standarden EN 13329.<\/span><\/p>\n<h3><b>INSTALLATION OCH GOLVV\u00c4RME<\/b><\/h3>\n<p><span style=\"font-weight: 400;\">PARADORs l\u00e5ssystem \u00e4r ett av de b\u00e4sta i sin klass. Det patenterade Safe-Lock-l\u00e5ssystemet \u00e4r snabbt och enkelt att installera. Det noggrant framtagna och gedigna l\u00e5ssystemet g\u00f6r installationen smidig \u00e4ven f\u00f6r den som l\u00e4gger laminat f\u00f6r f\u00f6rsta g\u00e5ngen. Laminatgolvets h\u00f6jd g\u00f6r dessutom laminatet s\u00e4rskilt l\u00e4mpligt vid renoveringar d\u00e4r man vill undvika att h\u00f6ja tr\u00f6sklar.<\/span><\/p>\n<p><span style=\"font-weight: 400;\">PARADOR-laminat l\u00e4mpar sig utm\u00e4rkt f\u00f6r golvv\u00e4rme, b\u00e5de vattenburen och elektrisk.<\/span><\/p>\n<p>&nbsp;<\/p>\n","protected":false},"excerpt":{"rendered":"<p>PARADOR laminat representerar det absolut b\u00e4sta inom branschen. Den tyska tillverkaren PARADOR producerar h\u00f6gklassiga&#8230;<\/p>\n","protected":false},"featured_media":3137,"comment_status":"closed","ping_status":"closed","template":"","meta":{"_acf_changed":false,"footnotes":""},"product_brand":[118],"product_cat":[82,75],"product_tag":[],"class_list":{"0":"post-7794","1":"product","2":"type-product","3":"status-publish","4":"has-post-thumbnail","6":"product_brand-parador-sv","7":"product_cat-laminat","8":"product_cat-golv","10":"first","11":"instock","12":"taxable","13":"shipping-taxable","14":"purchasable","15":"product-type-simple"},"acf":[],"_links":{"self":[{"href":"https:\/\/www.novafloor.fi\/sv\/wp-json\/wp\/v2\/product\/7794","targetHints":{"allow":["GET"]}}],"collection":[{"href":"https:\/\/www.novafloor.fi\/sv\/wp-json\/wp\/v2\/product"}],"about":[{"href":"https:\/\/www.novafloor.fi\/sv\/wp-json\/wp\/v2\/types\/product"}],"replies":[{"embeddable":true,"href":"https:\/\/www.novafloor.fi\/sv\/wp-json\/wp\/v2\/comments?post=7794"}],"version-history":[{"count":1,"href":"https:\/\/www.novafloor.fi\/sv\/wp-json\/wp\/v2\/product\/7794\/revisions"}],"predecessor-version":[{"id":10469,"href":"https:\/\/www.novafloor.fi\/sv\/wp-json\/wp\/v2\/product\/7794\/revisions\/10469"}],"wp:featuredmedia":[{"embeddable":true,"href":"https:\/\/www.novafloor.fi\/sv\/wp-json\/wp\/v2\/media\/3137"}],"wp:attachment":[{"href":"https:\/\/www.novafloor.fi\/sv\/wp-json\/wp\/v2\/media?parent=7794"}],"wp:term":[{"taxonomy":"product_brand","embeddable":true,"href":"https:\/\/www.novafloor.fi\/sv\/wp-json\/wp\/v2\/product_brand?post=7794"},{"taxonomy":"product_cat","embeddable":true,"href":"https:\/\/www.novafloor.fi\/sv\/wp-json\/wp\/v2\/product_cat?post=7794"},{"taxonomy":"product_tag","embeddable":true,"href":"https:\/\/www.novafloor.fi\/sv\/wp-json\/wp\/v2\/product_tag?post=7794"}],"curies":[{"name":"wp","href":"https:\/\/api.w.org\/{rel}","templated":true}]}}