{"id":7772,"date":"2025-06-13T14:52:47","date_gmt":"2025-06-13T14:52:47","guid":{"rendered":"https:\/\/www.novafloor.fi\/tuote\/okategoriserad\/novafloor-new-classics-ek-polar-white-1-stav-oljevaxad-borstad-parkett\/"},"modified":"2026-03-27T09:40:29","modified_gmt":"2026-03-27T09:40:29","slug":"novafloor-new-classics-ek-polar-white-1-stav-oljevaxad-borstad-parkett","status":"publish","type":"product","link":"https:\/\/www.novafloor.fi\/sv\/golv\/parkettgolv\/novafloor-new-classics-ek-polar-white-1-stav-oljevaxad-borstad-parkett\/","title":{"rendered":"Novafloor New Classics Ek Polar White 1-stav oljevaxad &amp; borstad parkett"},"content":{"rendered":"<p><span style=\"font-weight: 400;\">Vi presenterar stolt den nya parkettserien Novafloor New Classics, d\u00e4r inhemsk ytbehandling och tysk toppkvalitet m\u00f6ts p\u00e5 ett helt nytt s\u00e4tt.<\/span><\/p>\n<p><span style=\"font-weight: 400;\">Novafloor New Classics-parkett \u00e4r 185 mm bred och 2,2 meter l\u00e5ng.<\/span><\/p>\n<h5><span style=\"font-weight: 400;\">Parkett med inhemsk ytbehandling<\/span><\/h5>\n<p><span style=\"font-weight: 400;\">Vi p\u00e5 Novafloor efterfr\u00e5gade ett nytt parkettgolv d\u00e4r kompromissl\u00f6s kvalitet kombineras med tidl\u00f6s sk\u00f6nhet och d\u00e4r det \u00e4kta materialets livfullhet f\u00e5r st\u00e5 i centrum. F\u00f6r att uppn\u00e5 detta tog vi saken i egna h\u00e4nder och b\u00f6rjade f\u00f6r\u00e4dla v\u00e5r egen namngivna parkett i Vasa. New Classics-parketten tillverkas f\u00f6r oss av den tyska tillverkaren Parador, vars kvalitet under v\u00e5rt l\u00e5ngvariga samarbete har visat sig vara utm\u00e4rkt. Borstning och ytbehandling av Novafloor-parketten med Saicos h\u00e5rdvaxolja utf\u00f6r vi sj\u00e4lva i Vasa p\u00e5 v\u00e5r egen ytbehandlingslinje. Tack vare v\u00e5r egen ytbehandlingslinje kan vi erbjuda korta leveranstider och \u00e4ven tillverka mindre best\u00e4llningar.<\/span><\/p>\n<h5><span style=\"font-weight: 400;\">Kompromissl\u00f6s sk\u00f6nhet<\/span><\/h5>\n<p><span style=\"font-weight: 400;\">Sk\u00f6nheten hos Novafloors ekparkett skapas p\u00e5 v\u00e5r egen ytbehandlingslinje i Vasa. Inledningsvis borstar vi parkettbr\u00e4dan f\u00f6r att lyfta fram tr\u00e4ets \u00e5dring p\u00e5 ett vackert s\u00e4tt. V\u00e5rt m\u00e5l \u00e4r att framh\u00e4va ekens naturliga k\u00e4nsla och ta fram tr\u00e4ets b\u00e4sta egenskaper. Den l\u00e4tt borstade ytan k\u00e4nns genuin under f\u00f6tterna och \u00e4r mycket estetisk. Novafloor-parketter ytbehandlas med Saicos h\u00e5rdvaxolja, som ger tr\u00e4et ett utm\u00e4rkt skydd och framh\u00e4ver tr\u00e4golvets naturliga karakt\u00e4r. En h\u00e5rdvaxoljad Novafloor-parkett \u00e4r ett \u00e4kta tr\u00e4golv n\u00e4r det \u00e4r som b\u00e4st. Ytbehandlingen \u00e4r slitstark och l\u00e4ttsk\u00f6tt. N\u00e4r parketten med tiden slits kan den \u00e5terst\u00e4llas till ett vackert skick med sk\u00f6tselolja. F\u00f6r reng\u00f6ring och sk\u00f6tsel anv\u00e4nds Pallmanns sk\u00f6tselprodukter.<\/span><\/p>\n<p><span style=\"font-weight: 400;\">Samtliga kanter p\u00e5 denna parkett \u00e4r fasade. N\u00e4r br\u00e4dorna sammanfogas bildas en tydlig och dekorativ fas, en s\u00e5 kallad V-fog, som ger golvet ett exklusivt plankliknande uttryck. Fasningen p\u00e5verkar inte golvets reng\u00f6ring eller sk\u00f6tsel.<\/span><\/p>\n<h5><span style=\"font-weight: 400;\">Natur-sortering<\/span><\/h5>\n<p><span style=\"font-weight: 400;\">Vid tillverkning av parkett anv\u00e4nds olika sorteringar som beskriver tr\u00e4ets livfullhet och utseende. De vanligaste sorteringarna \u00e4r Select, Natur, Living och Rustic. Denna parkett tillverkas i Natur-sortering av ek. Sorteringen \u00e4r relativt kvistfri och eventuella kvistar \u00e4r sm\u00e5 till storleken. Variationerna i ekens naturliga f\u00e4rgton och ljushet \u00e4r m\u00e5ttliga, vilket ger ett harmoniskt och tidl\u00f6st intryck.<\/span><\/p>\n<h5><span style=\"font-weight: 400;\">Ekytans tjocklek och h\u00e5llbarhet<\/span><\/h5>\n<p><span style=\"font-weight: 400;\">Parkettens ytskikt best\u00e5r av 3,6 mm massivt tr\u00e4 och kan slipas 1\u20132 g\u00e5nger. Efter slipning kan parketten vid behov \u00e4ven ytbehandlas i en annan nyans \u00e4n den ursprungliga. En stor f\u00f6rdel med Novafloor-parketter \u00e4r fabrikens impregnering av ytskiktet, som ger ett effektivt skydd mot fukt. Alla kanter p\u00e5 ekytan fuktskyddas i fabriken innan br\u00e4dorna monteras, vilket s\u00e4kerst\u00e4ller att golvets egenskaper bevaras under m\u00e5nga \u00e5r.<\/span><\/p>\n<h5><span style=\"font-weight: 400;\">Installation och golvv\u00e4rme<\/span><\/h5>\n<p><span style=\"font-weight: 400;\">Novafloor-parketten \u00e4r utrustad med Parador:s patenterade Automatic-Click-l\u00e5ssystem. L\u00e5ssystemet \u00e4r behagligt och snabbt att montera, \u00e4ven f\u00f6r den som inte har tidigare erfarenhet av parkettl\u00e4ggning. Novafloor-parkett l\u00e4mpar sig b\u00e5de f\u00f6r vattenburen och elburen golvv\u00e4rme. Vid elektrisk golvv\u00e4rme \u00e4r det viktigt att v\u00e4rmen \u00e4r j\u00e4mn \u2013 uppv\u00e4rmning enbart med nattel rekommenderas inte. Som underlagsmatta till Novafloor New Classics-parkett anv\u00e4nds Silence stegljudsd\u00e4mpning: Silence 15 f\u00f6r betongunderlag och Silence 20 f\u00f6r torra underlag. Vid installation appliceras vanligt tr\u00e4lim i l\u00e5sfogen f\u00f6r att s\u00e4kerst\u00e4lla att eventuella oj\u00e4mnheter i undergolvet inte orsakar knarr i l\u00e5ssystemet.<\/span><\/p>\n<h5><span style=\"font-weight: 400;\">\u00d6vrigt<\/span><\/h5>\n<p><span style=\"font-weight: 400;\">Installationen av Novafloor-parkett underl\u00e4ttas ytterligare av tydliga och h\u00f6gkvalitativa monteringsanvisningar. Monteringsanvisningar f\u00f6ljer alltid med golvet.<\/span><\/p>\n<p>&nbsp;<\/p>\n","protected":false},"excerpt":{"rendered":"<p>Vi presenterar stolt den nya parkettserien Novafloor New Classics, d\u00e4r inhemsk ytbehandling och tysk&#8230;<\/p>\n","protected":false},"featured_media":3069,"comment_status":"closed","ping_status":"closed","template":"","meta":{"_acf_changed":false,"footnotes":""},"product_brand":[117],"product_cat":[79,75],"product_tag":[],"class_list":{"0":"post-7772","1":"product","2":"type-product","3":"status-publish","4":"has-post-thumbnail","6":"product_brand-novafloor-sv","7":"product_cat-parkettgolv","8":"product_cat-golv","10":"first","11":"onbackorder","12":"taxable","13":"shipping-taxable","14":"purchasable","15":"product-type-simple"},"acf":[],"_links":{"self":[{"href":"https:\/\/www.novafloor.fi\/sv\/wp-json\/wp\/v2\/product\/7772","targetHints":{"allow":["GET"]}}],"collection":[{"href":"https:\/\/www.novafloor.fi\/sv\/wp-json\/wp\/v2\/product"}],"about":[{"href":"https:\/\/www.novafloor.fi\/sv\/wp-json\/wp\/v2\/types\/product"}],"replies":[{"embeddable":true,"href":"https:\/\/www.novafloor.fi\/sv\/wp-json\/wp\/v2\/comments?post=7772"}],"version-history":[{"count":0,"href":"https:\/\/www.novafloor.fi\/sv\/wp-json\/wp\/v2\/product\/7772\/revisions"}],"wp:featuredmedia":[{"embeddable":true,"href":"https:\/\/www.novafloor.fi\/sv\/wp-json\/wp\/v2\/media\/3069"}],"wp:attachment":[{"href":"https:\/\/www.novafloor.fi\/sv\/wp-json\/wp\/v2\/media?parent=7772"}],"wp:term":[{"taxonomy":"product_brand","embeddable":true,"href":"https:\/\/www.novafloor.fi\/sv\/wp-json\/wp\/v2\/product_brand?post=7772"},{"taxonomy":"product_cat","embeddable":true,"href":"https:\/\/www.novafloor.fi\/sv\/wp-json\/wp\/v2\/product_cat?post=7772"},{"taxonomy":"product_tag","embeddable":true,"href":"https:\/\/www.novafloor.fi\/sv\/wp-json\/wp\/v2\/product_tag?post=7772"}],"curies":[{"name":"wp","href":"https:\/\/api.w.org\/{rel}","templated":true}]}}