{"id":7744,"date":"2025-06-13T14:52:13","date_gmt":"2025-06-13T14:52:13","guid":{"rendered":"https:\/\/www.novafloor.fi\/tuote\/okategoriserad\/meister-ps-500-ek-pure-harmonic-fiskbensmonstrad-mattlackad-borstad-parkett\/"},"modified":"2026-03-09T09:06:41","modified_gmt":"2026-03-09T09:06:41","slug":"meister-ps-500-ek-pure-harmonic-fiskbensmonstrad-mattlackad-borstad-parkett","status":"publish","type":"product","link":"https:\/\/www.novafloor.fi\/sv\/golv\/fiskbensgolv\/meister-ps-500-ek-pure-harmonic-fiskbensmonstrad-mattlackad-borstad-parkett\/","title":{"rendered":"Meister PS 500 Ek Pure Harmonic fiskbensm\u00f6nstrad mattlackad &amp; borstad parkett"},"content":{"rendered":"<p><span style=\"font-weight: 400;\">MEISTER parkett \u00e4r ett h\u00f6gkvalitativt golv fr\u00e5n den tyska innovationsledaren i branschen. Meister parketter kombinerar kvalitet, tr\u00e4ets naturliga sk\u00f6nhet och v\u00e4rme med h\u00e5llbarhet, vilket ger en h\u00f6gklassig helhet som passar f\u00f6r de utmanande f\u00f6rh\u00e5llandena i Norden.<\/span><\/p>\n<p><span style=\"font-weight: 400;\">Den exceptionellt l\u00e5nga 35 \u00e5rs Long Life-produktgarantin f\u00f6r hemmabruk \u00e4r ocks\u00e5 ett bevis p\u00e5 kvaliteten hos Meisters parkettprodukter.<\/span><\/p>\n<h5>H\u00e5llbar utveckling och ren inomhusluft<\/h5>\n<p><span style=\"font-weight: 400;\">Meister anv\u00e4nder FSC-certifierat tr\u00e4 fr\u00e5n kontrollerade och h\u00e5llbart sk\u00f6tta skogar i sina parkettgolv.<\/span><span style=\"font-weight: 400;\"><br \/>\n<\/span><span style=\"font-weight: 400;\"><br \/>\n<\/span><span style=\"font-weight: 400;\">Alla r\u00e5material som anv\u00e4nds i parkett \u00e4r noggrant utvalda f\u00f6r att vara utsl\u00e4ppsfria eller s\u00e5 l\u00e5ga som m\u00f6jligt, f\u00f6r att s\u00e4kerst\u00e4lla ren inomhusluft. Detta bekr\u00e4ftas av b\u00e5de den finska M1-klassificeringen och det tyska Blauer Engel-certifikatet som tilldelats Meister parketter, och som endast tilldelas produkter som uppfyller de str\u00e4ngaste kriterierna f\u00f6r utsl\u00e4pp till inomhusluften.<\/span><\/p>\n<h5>Enast\u00e5ende st\u00f6tt\u00e5lighet<\/h5>\n<p><span style=\"font-weight: 400;\">Meister parkett har en unik stomme som g\u00f6r golvet mer motst\u00e5ndskraftigt mot st\u00f6tar \u00e4n traditionell parkett. I vanliga parketter anv\u00e4nds en stomme av korslimmade barrtr\u00e4lameller, men i Meister parketter anv\u00e4nds ist\u00e4llet en mycket t\u00e4t tr\u00e4fiberskiva (890 kg\/m\u00b3). Tack vare denna konstruktion f\u00e5r parkettens yta mindre m\u00e4rken av slag j\u00e4mf\u00f6rt med traditionella parkettgolv.<\/span><\/p>\n<p><span style=\"font-weight: 400;\">Detta g\u00f6r \u00e4ven parkettbr\u00e4dan stabilare \u00e4n vanlig parkett. N\u00e4r Meister-parkett uts\u00e4tts f\u00f6r fukt sv\u00e4ller den mycket mindre \u00e4n en traditionell parkett.<\/span><\/p>\n<h5>Utm\u00e4rkt fuktskydd<\/h5>\n<p><span style=\"font-weight: 400;\">En f\u00f6rdel med Meister parkett \u00e4r att varje parkettstav fuktskyddas l\u00e4ngs kanterna innan parkettbr\u00e4dan monteras samman. Tack vare fuktskyddet tr\u00e4nger spillt vatten inte omedelbart in i tr\u00e4et via kanterna, och golvets funktionsegenskaper bevaras under m\u00e5nga \u00e5r.<\/span><\/p>\n<h5>Ytbehandling<\/h5>\n<p><span style=\"font-weight: 400;\">Denna parkett har en mattlackad yta. Meister tillverkar sina mattlackade parkettgolv med en h\u00f6gkvalitativ och elastisk lack. D\u00e4rf\u00f6r skyddar den mattlackade ytan tr\u00e4et mycket effektivt, och mindre slag skadar inte den lackytan.<\/span><\/p>\n<p><span style=\"font-weight: 400;\">Den mattlackade ekskiktet ser ut som oljevaxad ek och k\u00e4nns n\u00e4stan lika varmt vid ber\u00f6ring som oljevaxat golv. Ytan \u00e4r l\u00e4tt att reng\u00f6ra och parketten beh\u00f6ver aldrig vaxas. Meister anv\u00e4nder tyska, milj\u00f6v\u00e4nliga UV-lacker.<\/span><\/p>\n<h5><b>Tr\u00e4sortering<\/b><\/h5>\n<p><span style=\"font-weight: 400;\">Vid tillverkning av parkett anv\u00e4nds olika tr\u00e4sorteringar som beskriver tr\u00e4ets visuella livfullhet. De vanligaste sorteringarna \u00e4r Harmonic, Natur, Lively och Rustic.<\/span><\/p>\n<p><span style=\"font-weight: 400;\">Till denna parkett anv\u00e4nds sorteringen Harmonic. Sorteringen \u00e4r n\u00e4stan kvistfritt, vilket ger ett lugnt och vackert helhetsintryck, precis som namnet antyder. I den harmoniska sorteringen f\u00f6rekommer naturliga nyansvariationer och en livfull tr\u00e4\u00e5dring som \u00e4r typiskt f\u00f6r ek.<\/span><\/p>\n<h5>Installation och golvv\u00e4rme<\/h5>\n<p><span style=\"font-weight: 400;\">Meister parkett l\u00e4mpar sig v\u00e4l f\u00f6r golvv\u00e4rme, b\u00e5de elektrisk och vattenburen. Det \u00e4r viktigt att komma ih\u00e5g att v\u00e4rmen ska vara j\u00e4mn vid elektrisk golvv\u00e4rme. Uppv\u00e4rmning enbart med nattel \u00e4r inte att rekommendera.<\/span><\/p>\n<p><span style=\"font-weight: 400;\">Unizip-klickspont g\u00f6r installationen enkel och snabb. Klicksponten \u00e4r behaglig att arbeta och f\u00f6renklar golvl\u00e4ggningen.\u00a0<\/span><\/p>\n<h5>\u00d6vrigt<\/h5>\n<p><span style=\"font-weight: 400;\">Installationsanvisningar f\u00f6r Meister Parkett finns i parkettpaketen.<\/span><\/p>\n","protected":false},"excerpt":{"rendered":"<p>MEISTER parkett \u00e4r ett h\u00f6gkvalitativt golv fr\u00e5n den tyska innovationsledaren i branschen. Meister parketter&#8230;<\/p>\n","protected":false},"featured_media":2989,"comment_status":"closed","ping_status":"closed","template":"","meta":{"_acf_changed":false,"footnotes":""},"product_brand":[116],"product_cat":[143,79,75],"product_tag":[],"class_list":{"0":"post-7744","1":"product","2":"type-product","3":"status-publish","4":"has-post-thumbnail","6":"product_brand-meister","7":"product_cat-fiskbensgolv","8":"product_cat-parkettgolv","9":"product_cat-golv","11":"first","12":"instock","13":"taxable","14":"shipping-taxable","15":"purchasable","16":"product-type-simple"},"acf":[],"_links":{"self":[{"href":"https:\/\/www.novafloor.fi\/sv\/wp-json\/wp\/v2\/product\/7744","targetHints":{"allow":["GET"]}}],"collection":[{"href":"https:\/\/www.novafloor.fi\/sv\/wp-json\/wp\/v2\/product"}],"about":[{"href":"https:\/\/www.novafloor.fi\/sv\/wp-json\/wp\/v2\/types\/product"}],"replies":[{"embeddable":true,"href":"https:\/\/www.novafloor.fi\/sv\/wp-json\/wp\/v2\/comments?post=7744"}],"version-history":[{"count":2,"href":"https:\/\/www.novafloor.fi\/sv\/wp-json\/wp\/v2\/product\/7744\/revisions"}],"predecessor-version":[{"id":10897,"href":"https:\/\/www.novafloor.fi\/sv\/wp-json\/wp\/v2\/product\/7744\/revisions\/10897"}],"wp:featuredmedia":[{"embeddable":true,"href":"https:\/\/www.novafloor.fi\/sv\/wp-json\/wp\/v2\/media\/2989"}],"wp:attachment":[{"href":"https:\/\/www.novafloor.fi\/sv\/wp-json\/wp\/v2\/media?parent=7744"}],"wp:term":[{"taxonomy":"product_brand","embeddable":true,"href":"https:\/\/www.novafloor.fi\/sv\/wp-json\/wp\/v2\/product_brand?post=7744"},{"taxonomy":"product_cat","embeddable":true,"href":"https:\/\/www.novafloor.fi\/sv\/wp-json\/wp\/v2\/product_cat?post=7744"},{"taxonomy":"product_tag","embeddable":true,"href":"https:\/\/www.novafloor.fi\/sv\/wp-json\/wp\/v2\/product_tag?post=7744"}],"curies":[{"name":"wp","href":"https:\/\/api.w.org\/{rel}","templated":true}]}}