{"id":7699,"date":"2025-06-13T14:50:37","date_gmt":"2025-06-13T14:50:37","guid":{"rendered":"https:\/\/www.novafloor.fi\/tuote\/okategoriserad\/novafloor-pd-200-ek-rustik-svart-tra-1-stav-oljevaxad-borstad-parkett\/"},"modified":"2026-02-15T11:54:27","modified_gmt":"2026-02-15T11:54:27","slug":"novafloor-pd-200-ek-rustik-svart-tra-1-stav-oljevaxad-borstad-parkett","status":"publish","type":"product","link":"https:\/\/www.novafloor.fi\/sv\/golv\/parkettgolv\/novafloor-pd-200-ek-rustik-svart-tra-1-stav-oljevaxad-borstad-parkett\/","title":{"rendered":"Novafloor PD 200 Ek Rustic Black Wood 1-stav oljevaxad &amp; borstad parkett"},"content":{"rendered":"<h5><span style=\"font-weight: 400;\">Unikt slagt\u00e5lig parkett<\/span><span style=\"font-weight: 400;\"><br \/>\n<\/span><\/h5>\n<p><span style=\"font-weight: 400;\">Novafloor PD200-parkettens unika stomme g\u00f6r golvet mer slagt\u00e5ligt \u00e4n traditionell stavparkett. I vanliga parketter anv\u00e4nds en stomme av korslimmade barrtr\u00e4lameller, men i PD200-parketten anv\u00e4nds ist\u00e4llet en mycket t\u00e4t tr\u00e4fiberskiva (890 kg\/m\u00b3). Tack vare denna konstruktion f\u00e5r parkettens yta mindre m\u00e4rken av slag j\u00e4mf\u00f6rt med traditionella parkettgolv.<\/span><\/p>\n<p><span style=\"font-weight: 400;\">Stommen g\u00f6r \u00e4ven parketten mer formstabil j\u00e4mf\u00f6rt med vanlig parkett, d\u00e5 parketten sv\u00e4ller betydligt mindre vid fuktp\u00e5verkan \u00e4n parkett med traditionell stomme.<\/span><\/p>\n<p><span style=\"font-weight: 400;\">Borstning och ytbehandling av Novafloor PD200-parketten med Saicos h\u00e5rdvaxolja utf\u00f6r vi sj\u00e4lva i Vasa p\u00e5 v\u00e5r egen ytbehandlingslinje. Tack vare den egna behandlingslinjen kan vi erbjuda korta leveranstider och \u00e4ven tillverka mindre best\u00e4llningar.<\/span><\/p>\n<h5><span style=\"font-weight: 400;\">Kompromissl\u00f6s sk\u00f6nhet<\/span><\/h5>\n<p><span style=\"font-weight: 400;\">Sk\u00f6nhet i Novafloors ekparketter skapas vid v\u00e5r egen ytbehandlingslinje i Vasa. F\u00f6rst borstar vi parkettbr\u00e4dan f\u00f6r att framh\u00e4va tr\u00e4ets \u00e5dring p\u00e5 ett vackert s\u00e4tt. V\u00e5rt m\u00e5l \u00e4r att ta fram ekens naturliga k\u00e4nsla och tr\u00e4ets b\u00e4sta egenskaper. Den l\u00e4tt borstade ytan k\u00e4nns genuin under f\u00f6tterna och ger ett levande intryck.<\/span><\/p>\n<p><span style=\"font-weight: 400;\">Novafloor-parketter ytbehandlas med Saicos h\u00e5rdvaxolja. Saicos ger tr\u00e4et ett utm\u00e4rkt skydd och framh\u00e4ver tr\u00e4golvets naturliga karakt\u00e4r. Novafloors oljevaxade ekparkett \u00e4r ett \u00e4kta tr\u00e4golv n\u00e4r det \u00e4r som b\u00e4st.<\/span><\/p>\n<p><span style=\"font-weight: 400;\">Ytbehandlingen \u00e4r slitstark och l\u00e4ttsk\u00f6tt. N\u00e4r parketten med tiden slits kan den \u00e5terst\u00e4llas till ett vackert skick med sk\u00f6tselolja. F\u00f6r reng\u00f6ring och sk\u00f6tsel av golvet anv\u00e4nds Pallmanns sk\u00f6tselprodukter.<\/span><\/p>\n<h5><span style=\"font-weight: 400;\">Rustik sortering<\/span><\/h5>\n<p><span style=\"font-weight: 400;\">Vid tillverkning av parkett anv\u00e4nds olika sorteringar som beskriver tr\u00e4ets livlighet och utseende. De vanligaste sorteringarna \u00e4r Harmonisk, Natur, Lively och Rustic.<\/span><\/p>\n<p><span style=\"font-weight: 400;\">Denna parkett tillverkas i sorteringen Rustic. Rustic k\u00e4nnetecknas av stora kvistm\u00f6nster, st\u00f6rre variationer i f\u00e4rgton mellan k\u00e4rnved och \u00e5dring samt ljus yttr\u00e4 l\u00e4ngs br\u00e4dornas kanter. Kvistar och sprickor i parkettens yta \u00e4r spacklade med svart eller gr\u00e5tt spackel.<\/span><\/p>\n<h5><span style=\"font-weight: 400;\">Ekytans tjocklek och h\u00e5llbarhet<\/span><\/h5>\n<p><span style=\"font-weight: 400;\">Parkettens ytskikt best\u00e5r av 2,5 mm massivt tr\u00e4 som vid behov kan slipas. Efter slipning kan parketten \u00e4ven ytbehandlas i en annan nyans \u00e4n den varit tidigare.<\/span><\/p>\n<p><span style=\"font-weight: 400;\">En stor f\u00f6rdel med Novafloor-parketter \u00e4r fabrikens impregnering av ytskiktet, vilket ger ett effektivt skydd mot fukt. Alla kanter p\u00e5 ekytan fuktskyddas i fabriken innan br\u00e4dorna monteras. Detta bidrar till att golvets egenskaper bevaras under m\u00e5nga \u00e5r.<\/span><\/p>\n<h5><span style=\"font-weight: 400;\">Installation och golvv\u00e4rme<\/span><\/h5>\n<p><span style=\"font-weight: 400;\">Novafloor-parketter l\u00e4mpar sig v\u00e4l f\u00f6r golvv\u00e4rme, b\u00e5de elburen och vattenburen. Vid elektrisk golvv\u00e4rme \u00e4r det viktigt att v\u00e4rmen \u00e4r j\u00e4mn. Uppv\u00e4rmning enbart med nattel rekommenderas inte.<\/span><\/p>\n<p><span style=\"font-weight: 400;\">MasterClick Plus-l\u00e5ssystemet g\u00f6r installationen snabb och enkel. L\u00e5set \u00e4r behagligt att arbeta med eftersom varje parkettbr\u00e4da kan f\u00e4llas ner direkt, vilket effektiviserar monteringen avsev\u00e4rt.<\/span><\/p>\n<p><span style=\"font-weight: 400;\">Installationen underl\u00e4ttas ytterligare av tydliga monteringsanvisningar. Monteringsanvisningar f\u00f6ljer alltid med golvet.<\/span><\/p>\n","protected":false},"excerpt":{"rendered":"<p>Unikt slagt\u00e5lig parkett Novafloor PD200-parkettens unika stomme g\u00f6r golvet mer slagt\u00e5ligt \u00e4n traditionell stavparkett&#8230;.<\/p>\n","protected":false},"featured_media":2791,"comment_status":"closed","ping_status":"closed","template":"","meta":{"_acf_changed":false,"footnotes":""},"product_brand":[117],"product_cat":[79,95,75,70],"product_tag":[],"class_list":{"0":"post-7699","1":"product","2":"type-product","3":"status-publish","4":"has-post-thumbnail","6":"product_brand-novafloor-sv","7":"product_cat-parkettgolv","8":"product_cat-erbjudanden","9":"product_cat-golv","10":"product_cat-tarjouksessa","12":"first","13":"onbackorder","14":"sale","15":"taxable","16":"shipping-taxable","17":"purchasable","18":"product-type-simple"},"acf":[],"_links":{"self":[{"href":"https:\/\/www.novafloor.fi\/sv\/wp-json\/wp\/v2\/product\/7699","targetHints":{"allow":["GET"]}}],"collection":[{"href":"https:\/\/www.novafloor.fi\/sv\/wp-json\/wp\/v2\/product"}],"about":[{"href":"https:\/\/www.novafloor.fi\/sv\/wp-json\/wp\/v2\/types\/product"}],"replies":[{"embeddable":true,"href":"https:\/\/www.novafloor.fi\/sv\/wp-json\/wp\/v2\/comments?post=7699"}],"version-history":[{"count":0,"href":"https:\/\/www.novafloor.fi\/sv\/wp-json\/wp\/v2\/product\/7699\/revisions"}],"wp:featuredmedia":[{"embeddable":true,"href":"https:\/\/www.novafloor.fi\/sv\/wp-json\/wp\/v2\/media\/2791"}],"wp:attachment":[{"href":"https:\/\/www.novafloor.fi\/sv\/wp-json\/wp\/v2\/media?parent=7699"}],"wp:term":[{"taxonomy":"product_brand","embeddable":true,"href":"https:\/\/www.novafloor.fi\/sv\/wp-json\/wp\/v2\/product_brand?post=7699"},{"taxonomy":"product_cat","embeddable":true,"href":"https:\/\/www.novafloor.fi\/sv\/wp-json\/wp\/v2\/product_cat?post=7699"},{"taxonomy":"product_tag","embeddable":true,"href":"https:\/\/www.novafloor.fi\/sv\/wp-json\/wp\/v2\/product_tag?post=7699"}],"curies":[{"name":"wp","href":"https:\/\/api.w.org\/{rel}","templated":true}]}}