{"id":7685,"date":"2025-06-13T14:50:16","date_gmt":"2025-06-13T14:50:16","guid":{"rendered":"https:\/\/www.novafloor.fi\/tuote\/okategoriserad\/trinity-harmony-ek-polarvit-fiskbensmonstrad-oljad-och-borstad-parkett\/"},"modified":"2026-02-16T20:35:27","modified_gmt":"2026-02-16T20:35:27","slug":"trinity-harmony-ek-polarvit-fiskbensmonstrad-oljad-och-borstad-parkett","status":"publish","type":"product","link":"https:\/\/www.novafloor.fi\/sv\/golv\/fiskbensgolv\/trinity-harmony-ek-polarvit-fiskbensmonstrad-oljad-och-borstad-parkett\/","title":{"rendered":"Trinity Harmony Ek Polar White fiskbensm\u00f6nstrad oljad och borstad parkett"},"content":{"rendered":"<p><span style=\"font-weight: 400;\">V\u00e5rt storskaliga fiskbensparkettgolv \u00e4r ett exceptionellt uttrycksfullt parkettgolv. Fiskbensstavarna \u00e4r hela 18 cm breda och 108 cm l\u00e5nga. Tack vare l\u00e5ssystemet installeras fiskbensm\u00f6nstret enkelt. Parkettens ekyta \u00e4r sl\u00e4t och l\u00e4tt borstad. Matt oljevax ger ytan en elegant och vacker yta.<\/span><\/p>\n<h5><span style=\"font-weight: 400;\">Naturlig sk\u00f6nhet till ditt golv<\/span><\/h5>\n<p><span style=\"font-weight: 400;\">\u00c4kta Trinity-fiskbensparkett i ek \u00e4r ett levande och varmt golv som h\u00e5ller i generationer i ditt hem. Med en naturlig oljevaxbehandling lyfter vi fram ekens sk\u00f6nhet och \u00e5dring; en yta som \u00e4r behaglig att b\u00e5de se p\u00e5 och r\u00f6ra vid. Trinity-golvet f\u00f6rst\u00e4rker hemmets personliga uttryck, eftersom varje stav \u00e4r unikt formad av naturen.<\/span><\/p>\n<h5><span style=\"font-weight: 400;\">Den b\u00e4sta fiskbensparketten<\/span><\/h5>\n<p><span style=\"font-weight: 400;\">Vi presenterar stolt den nya Trinity-fiskbensparketten. V\u00e5r nya fiskbensparkett \u00e4r den enda fiskbensparketten i sin storlek som kan installeras flytande, tack vare sitt klickl\u00e5s. Fiskbensparketten ett mycket uttrycksfullt golv. Varje parkettstav \u00e4r 18 cm bred och 108 cm l\u00e5ng. Det unika l\u00e5ssystemet m\u00f6jligg\u00f6r att golvet installeras genom att klickas p\u00e5 plats, utan att limmas mot underlaget.<\/span><\/p>\n<p><span style=\"font-weight: 400;\">Fiskbensparketten l\u00e4mpar sig v\u00e4l f\u00f6r b\u00e5de hemmilj\u00f6er och offentliga utrymmen. I \u00f6ver tio \u00e5r har vi utvecklat Trinity-plankparketter och plankgolv i Vasa. D\u00e4rf\u00f6r \u00e4r Trinity ett tryggt, h\u00e5llbart och s\u00e4kert val f\u00f6r ditt golv. Fiskbensparkettens stomme tillverkas i Tyskland av europeisk vitek. I Vasa v\u00e4ljer vi f\u00f6r hand varje stav till ditt golv enligt f\u00e4rg och sortering. Golvet oljevaxas f\u00e4rdigt f\u00f6re leverans och \u00e4r d\u00e4rmed klart att anv\u00e4ndas direkt efter installation, utan behov av ytterligare sk\u00f6tseloljning.<\/span><\/p>\n<h5><span style=\"font-weight: 400;\">L\u00e4tt borstad, elegant ekyta<\/span><\/h5>\n<p><span style=\"font-weight: 400;\">Ytan p\u00e5 denna Trinity-parkett \u00e4r sl\u00e4t och l\u00e4tt borstad. Den sl\u00e4ta versionen \u00e4r ett klassiskt och elegant golv som passar i m\u00e5nga olika inredningsstilar. Den l\u00e4tta borstningen framh\u00e4ver diskret ekens \u00e5dring och ger oljevaxbehandlingen extra djup. Ytan \u00e4r silkeslen och mycket behaglig att r\u00f6ra vid. Den matta Osmo Color-oljevaxen ger parketten ett exklusivt och mjukt matt utseende.<\/span><\/p>\n<h5><span style=\"font-weight: 400;\">Stabil konstruktion<\/span><\/h5>\n<p><span style=\"font-weight: 400;\">Tack vare Trinity-fiskbensparkettens stabila konstruktion \u00e4r golvet mycket formstabilt. Parkettens stomme best\u00e5r av Aquasafe-tr\u00e4fiber, vilket g\u00f6r parkettstavarna formstabila och s\u00e4kra. Varje enskild stav \u00e4r 18 cm bred och 108 cm l\u00e5ng.<\/span><\/p>\n<h5><span style=\"font-weight: 400;\">Slitstark och naturlig oljevaxad yta<\/span><\/h5>\n<p><span style=\"font-weight: 400;\">F\u00f6re leverans oljevaxas parketten i den kul\u00f6r du valt. Vid oljevaxningen anv\u00e4nder vi v\u00e4xtbaserade vaxer och oljor fr\u00e5n Saicos. Golvet levereras f\u00e4rdigbehandlat, vilket inneb\u00e4r att ingen separat sk\u00f6tseloljning beh\u00f6vs vid installation. Den oljevaxade ytan \u00e4r slitstark och enkel att fr\u00e4scha upp vid behov med Saicos sk\u00f6tselolja, n\u00e5got du \u00e4ven enkelt kan g\u00f6ra sj\u00e4lv. F\u00f6r reng\u00f6ring anv\u00e4nds Pallmanns reng\u00f6rings- och sk\u00f6tselprodukter. Enstaka repor och m\u00e4rken kan \u00e5tg\u00e4rdas med Pallmanns underh\u00e5llsprodukter.<\/span><\/p>\n<h5><span style=\"font-weight: 400;\">Tr\u00e4ets naturliga sk\u00f6nhet<\/span><\/h5>\n<p><span style=\"font-weight: 400;\">Vid tillverkningen av Trinity-fiskbensparkett anv\u00e4nds europeisk vitek i sorteringen Lively. Den k\u00e4nnetecknas av m\u00e5ttlig variation i ton och m\u00f6rkhetsgrad samt enstaka kvistar och inslag av k\u00e4rnved. Kvistarna \u00e4r antingen hela eller lagade med m\u00f6rkt spackel. Ljus yttr\u00e4 f\u00f6rekommer sparsamt. Parkettens helhetsintryck \u00e4r levande men inte rustikt. M\u00e5nga stavar \u00e4r helt utan kvistar.<\/span><\/p>\n<h5><span style=\"font-weight: 400;\">Klickl\u00e5s f\u00f6r enkel installation<\/span><\/h5>\n<p><span style=\"font-weight: 400;\">Ett vackert och h\u00e5llbart golv m\u00e5ste ocks\u00e5 vara enkelt att installera. Vid utvecklingen av Trinity-fiskbensparkett har vi lagt s\u00e4rskilt stor vikt vid enkel installation. Nyckeln \u00e4r ett exakt och p\u00e5litligt l\u00e5ssystem samt mycket h\u00f6g m\u00e5ttnoggrannhet i varje stav. D\u00e4rf\u00f6r \u00e4r v\u00e5rt l\u00e5ssystem ett av marknadens starkaste.<\/span><\/p>\n<p><span style=\"font-weight: 400;\">Fiskbensparketten \u00e4r en fr\u00f6jd att installera, staven klickas enkelt p\u00e5 plats och l\u00e5ssystemet g\u00f6r att fiskbensm\u00f6nstret h\u00e5lls stabilt och korrekt. Trinity-fiskbensparkett kan installeras flytande, det vill s\u00e4ga utan att limmas p\u00e5 underlaget. Flytande installation l\u00e4mpar sig s\u00e4rskilt v\u00e4l f\u00f6r hemmilj\u00f6er.<\/span><\/p>\n","protected":false},"excerpt":{"rendered":"<p>V\u00e5rt storskaliga fiskbensparkettgolv \u00e4r ett exceptionellt uttrycksfullt parkettgolv. Fiskbensstavarna \u00e4r hela 18 cm breda&#8230;<\/p>\n","protected":false},"featured_media":4937,"comment_status":"closed","ping_status":"closed","template":"","meta":{"_acf_changed":false,"footnotes":""},"product_brand":[119],"product_cat":[143,81,92,93,79,75],"product_tag":[],"class_list":{"0":"post-7685","1":"product","2":"type-product","3":"status-publish","4":"has-post-thumbnail","6":"product_brand-trinity","7":"product_cat-fiskbensgolv","8":"product_cat-golv-av-ek-fran-trinity","9":"product_cat-fiskben","10":"product_cat-slat-parkett","11":"product_cat-parkettgolv","12":"product_cat-golv","14":"first","15":"onbackorder","16":"taxable","17":"shipping-taxable","18":"purchasable","19":"product-type-simple"},"acf":[],"_links":{"self":[{"href":"https:\/\/www.novafloor.fi\/sv\/wp-json\/wp\/v2\/product\/7685","targetHints":{"allow":["GET"]}}],"collection":[{"href":"https:\/\/www.novafloor.fi\/sv\/wp-json\/wp\/v2\/product"}],"about":[{"href":"https:\/\/www.novafloor.fi\/sv\/wp-json\/wp\/v2\/types\/product"}],"replies":[{"embeddable":true,"href":"https:\/\/www.novafloor.fi\/sv\/wp-json\/wp\/v2\/comments?post=7685"}],"version-history":[{"count":1,"href":"https:\/\/www.novafloor.fi\/sv\/wp-json\/wp\/v2\/product\/7685\/revisions"}],"predecessor-version":[{"id":10544,"href":"https:\/\/www.novafloor.fi\/sv\/wp-json\/wp\/v2\/product\/7685\/revisions\/10544"}],"wp:featuredmedia":[{"embeddable":true,"href":"https:\/\/www.novafloor.fi\/sv\/wp-json\/wp\/v2\/media\/4937"}],"wp:attachment":[{"href":"https:\/\/www.novafloor.fi\/sv\/wp-json\/wp\/v2\/media?parent=7685"}],"wp:term":[{"taxonomy":"product_brand","embeddable":true,"href":"https:\/\/www.novafloor.fi\/sv\/wp-json\/wp\/v2\/product_brand?post=7685"},{"taxonomy":"product_cat","embeddable":true,"href":"https:\/\/www.novafloor.fi\/sv\/wp-json\/wp\/v2\/product_cat?post=7685"},{"taxonomy":"product_tag","embeddable":true,"href":"https:\/\/www.novafloor.fi\/sv\/wp-json\/wp\/v2\/product_tag?post=7685"}],"curies":[{"name":"wp","href":"https:\/\/api.w.org\/{rel}","templated":true}]}}