{"id":7677,"date":"2025-06-13T14:50:01","date_gmt":"2025-06-13T14:50:01","guid":{"rendered":"https:\/\/www.novafloor.fi\/tuote\/okategoriserad\/novafloor-205-ek-svart-tra-1-stav-oljevaxad-borstad-parkett\/"},"modified":"2026-03-09T12:56:40","modified_gmt":"2026-03-09T12:56:40","slug":"novafloor-205-ek-svart-tra-1-stav-oljevaxad-borstad-parkett","status":"publish","type":"product","link":"https:\/\/www.novafloor.fi\/sv\/golv\/parkettgolv\/novafloor-205-ek-svart-tra-1-stav-oljevaxad-borstad-parkett\/","title":{"rendered":"Novafloor 205 Ek Black Wood 1-stav oljevaxad &amp; borstad parkett"},"content":{"rendered":"<p><span style=\"font-weight: 400;\">Vi presenterar stolt Novafloor 205 parkettserien d\u00e4r inhemsk ytbehandling m\u00f6ter tysk toppkvalitet p\u00e5 ett helt nytt s\u00e4tt.<\/span><\/p>\n<p><span style=\"font-weight: 400;\">Novafloor 205 parketten \u00e4r <\/span><span style=\"font-weight: 400;\">185 mm bred och 2,2 meter l\u00e5ng.<\/span><\/p>\n<h5><span style=\"font-weight: 400;\">Tysk parkett med finl\u00e4ndsk design<\/span><\/h5>\n<p><span style=\"font-weight: 400;\">Vi p\u00e5 Novafloor efterfr\u00e5gade ett nytt parkettgolv d\u00e4r kompromissl\u00f6s kvalitet kombineras med tidl\u00f6s sk\u00f6nhet och d\u00e4r det \u00e4kta materialets livfullhet f\u00e5r st\u00e5 i centrum. F\u00f6r att uppn\u00e5 detta tog vi saken i egna h\u00e4nder och b\u00f6rjade f\u00f6r\u00e4dla v\u00e5r egen namngivna parkett i Vasa. Som leverant\u00f6r av Novafloor 205 parketten valde vi v\u00e5r l\u00e5ngvariga samarbetspartner, den tyska parkettfabriken PARADOR. Borstning och ytbehandling av Novafloor-parketten med Saicos oljevax utf\u00f6r vi sj\u00e4lva i Vasa p\u00e5 v\u00e5r egen ytbehandlingslinje. Tack vare den egna ytbehandlingslinjen kan vi erbjuda korta leveranstider och \u00e4ven tillverka mindre best\u00e4llningar.<\/span><\/p>\n<h5><span style=\"font-weight: 400;\">Kompromissl\u00f6s sk\u00f6nhet<\/span><\/h5>\n<p><span style=\"font-weight: 400;\">Novafloor ekparkettens sk\u00f6nhet skapas p\u00e5 v\u00e5r egen ytbehandlingslinje i Vasa. Inledningsvis borstar vi parkettbr\u00e4dan f\u00f6r att lyfta fram tr\u00e4ets \u00e5dring p\u00e5 ett vackert s\u00e4tt. V\u00e5rt m\u00e5l \u00e4r att framh\u00e4va ekens naturliga k\u00e4nsla och ta fram tr\u00e4ets b\u00e4sta egenskaper. Den l\u00e4tt borstade ytan k\u00e4nns genuin under f\u00f6tterna och \u00e4r mycket estetisk.\u00a0<\/span><\/p>\n<p><span style=\"font-weight: 400;\">Novafloor parketter ytbehandlas med Saicos h\u00e5rdvaxolja. Oljevaxet ger eken ett utm\u00e4rkt skydd och framh\u00e4ver tr\u00e4golvets naturliga karakt\u00e4r. En h\u00e5rdvaxoljad Novafloor-parkett \u00e4r ett \u00e4kta tr\u00e4golv n\u00e4r det \u00e4r som b\u00e4st. Ytbehandlingen \u00e4r slitstark och l\u00e4ttsk\u00f6tt. N\u00e4r parketten med tiden slits kan den \u00e5terst\u00e4llas till ett vackert skick med sk\u00f6tselolja. F\u00f6r reng\u00f6ring och sk\u00f6tsel anv\u00e4nds Pallmanns sk\u00f6tselprodukter.<\/span><\/p>\n<h5><span style=\"font-weight: 400;\">Tr\u00e4sortering<\/span><\/h5>\n<p><span style=\"font-weight: 400;\">Alla kanter p\u00e5 denna parkett \u00e4r fasade. N\u00e4r br\u00e4dorna fogas samman bildas en tydlig fas eller s\u00e5 kallad V-fog mellan dem. Fasen p\u00e5verkar inte golvets reng\u00f6ring och g\u00f6r att golvet f\u00e5r ett mer plankliknande utseende.<\/span><\/p>\n<p><span style=\"font-weight: 400;\">Till denna parkett anv\u00e4nds den b\u00e4sta Select tr\u00e4sorteringen. Select har en j\u00e4mn f\u00e4rg och \u00e4r n\u00e4stan kvistfri.\u00a0<\/span><\/p>\n<h5><span style=\"font-weight: 400;\">Ekytans tjocklek och h\u00e5llbarhet<\/span><\/h5>\n<p><span style=\"font-weight: 400;\">Parkettens ytskikt best\u00e5r av hela 3,6 mm massivt tr\u00e4. Tack vare det tjocka ytskiktet kan golvet slipas flera g\u00e5nger. Efter slipning kan parketten vid behov \u00e4ven ytbehandlas i en annan nyans \u00e4n tidigare. En stor f\u00f6rdel med Novafloor-parketter \u00e4r fabrikens impregnering av ytskiktet, som ger ett effektivt skydd mot fukt. Alla kanter p\u00e5 ekytan fuktskyddas i fabriken innan br\u00e4dorna monteras. Detta s\u00e4kerst\u00e4ller att golvets egenskaper bevaras under m\u00e5nga \u00e5r.<\/span><\/p>\n<h5><span style=\"font-weight: 400;\">Installation och golvv\u00e4rme<\/span><\/h5>\n<p><span style=\"font-weight: 400;\">Novafloor-parketten \u00e4r utrustad med PARADORs patenterade Automatic-Click-l\u00e5ssystem. L\u00e5ssystemet \u00e4r behagligt och snabbt att montera, \u00e4ven f\u00f6r den som inte har tidigare erfarenhet av parkettl\u00e4ggning. Novafloor-parkett l\u00e4mpar sig b\u00e5de f\u00f6r vattenburen och elburen golvv\u00e4rme. Vid elektrisk golvv\u00e4rme \u00e4r det viktigt att v\u00e4rmen \u00e4r j\u00e4mn. Uppv\u00e4rmning enbart med nattel rekommenderas inte. Som underlagsmatta till Novafloor 160-parkett anv\u00e4nds Silence stegljudsd\u00e4mpning: Silence 15 f\u00f6r betongunderlag och Silence 20 f\u00f6r torra underlag. Vid installation appliceras vanligt tr\u00e4lim i l\u00e5sfogen f\u00f6r att s\u00e4kerst\u00e4lla att eventuella oj\u00e4mnheter i undergolvet inte orsakar knarr i l\u00e5ssystemet.<\/span><\/p>\n<h5><span style=\"font-weight: 400;\">\u00d6vrigt<\/span><\/h5>\n<p><span style=\"font-weight: 400;\">Installationen av Novafloor-parkett underl\u00e4ttas ytterligare av tydliga och h\u00f6gkvalitativa monteringsanvisningar. Monteringsanvisningar f\u00f6ljer alltid med golvet.<\/span><\/p>\n","protected":false},"excerpt":{"rendered":"<p>Vi presenterar stolt Novafloor 205 parkettserien d\u00e4r inhemsk ytbehandling m\u00f6ter tysk toppkvalitet p\u00e5 ett&#8230;<\/p>\n","protected":false},"featured_media":2655,"comment_status":"closed","ping_status":"closed","template":"","meta":{"_acf_changed":false,"footnotes":""},"product_brand":[117],"product_cat":[79,75],"product_tag":[],"class_list":{"0":"post-7677","1":"product","2":"type-product","3":"status-publish","4":"has-post-thumbnail","6":"product_brand-novafloor-sv","7":"product_cat-parkettgolv","8":"product_cat-golv","10":"first","11":"onbackorder","12":"taxable","13":"shipping-taxable","14":"purchasable","15":"product-type-simple"},"acf":[],"_links":{"self":[{"href":"https:\/\/www.novafloor.fi\/sv\/wp-json\/wp\/v2\/product\/7677","targetHints":{"allow":["GET"]}}],"collection":[{"href":"https:\/\/www.novafloor.fi\/sv\/wp-json\/wp\/v2\/product"}],"about":[{"href":"https:\/\/www.novafloor.fi\/sv\/wp-json\/wp\/v2\/types\/product"}],"replies":[{"embeddable":true,"href":"https:\/\/www.novafloor.fi\/sv\/wp-json\/wp\/v2\/comments?post=7677"}],"version-history":[{"count":1,"href":"https:\/\/www.novafloor.fi\/sv\/wp-json\/wp\/v2\/product\/7677\/revisions"}],"predecessor-version":[{"id":10911,"href":"https:\/\/www.novafloor.fi\/sv\/wp-json\/wp\/v2\/product\/7677\/revisions\/10911"}],"wp:featuredmedia":[{"embeddable":true,"href":"https:\/\/www.novafloor.fi\/sv\/wp-json\/wp\/v2\/media\/2655"}],"wp:attachment":[{"href":"https:\/\/www.novafloor.fi\/sv\/wp-json\/wp\/v2\/media?parent=7677"}],"wp:term":[{"taxonomy":"product_brand","embeddable":true,"href":"https:\/\/www.novafloor.fi\/sv\/wp-json\/wp\/v2\/product_brand?post=7677"},{"taxonomy":"product_cat","embeddable":true,"href":"https:\/\/www.novafloor.fi\/sv\/wp-json\/wp\/v2\/product_cat?post=7677"},{"taxonomy":"product_tag","embeddable":true,"href":"https:\/\/www.novafloor.fi\/sv\/wp-json\/wp\/v2\/product_tag?post=7677"}],"curies":[{"name":"wp","href":"https:\/\/api.w.org\/{rel}","templated":true}]}}