{"id":7575,"date":"2025-06-13T15:05:18","date_gmt":"2025-06-13T15:05:18","guid":{"rendered":"https:\/\/www.novafloor.fi\/tuote\/okategoriserad\/parador-basic-30-ek-studioline-slipat-vinylgolv-med-1-stav\/"},"modified":"2026-01-13T08:00:29","modified_gmt":"2026-01-13T08:00:29","slug":"parador-basic-30-ek-studioline-slipat-vinylgolv-med-1-stav","status":"publish","type":"product","link":"https:\/\/www.novafloor.fi\/sv\/golv\/vinylgolv\/parador-basic-30-ek-studioline-slipat-vinylgolv-med-1-stav\/","title":{"rendered":"PARADOR Basic 30 Ek Studioline slipat vinylgolv med 1 stav"},"content":{"rendered":"<p><strong>LIV- OCH VATTENT\u00c5LIGT VINYLLOCK MED L\u00c5SPUNKT<\/strong><\/p>\n<p>Parador Basic 30 vinylkorkgolv \u00e4r ett s\u00e4kert och bekv\u00e4mt val f\u00f6r ditt hem. Golvytan k\u00e4nns behagligt varm vid ber\u00f6ring. Det naturliga korkskiktet p\u00e5 undersidan av vinylkorkskivan g\u00f6r golvet s\u00e4rskilt tyst.  &nbsp;<\/p>\n<p>Golvet m\u00e5ste ocks\u00e5 vara motst\u00e5ndskraftigt mot v\u00e4tskor som droppar p\u00e5 golvet, vilket \u00e4r ett av de viktigaste kriterierna vid val av golv. Vinylgolvet Parador Basic 30 t\u00e5l v\u00e4tskor som st\u00e5r p\u00e5 golvet i upp till 24 timmar. <\/p>\n<p><strong>DEN B\u00c4STA KOMFORTEN OCH H\u00c5LLBARHETEN<\/strong><\/p>\n<p>Parador Basic 30 vinylkorkgolv \u00e4r l\u00e4mpligt f\u00f6r b\u00e5de hemmilj\u00f6 och l\u00e4ttare kontors- och butiksmilj\u00f6er. Parador ger 10 \u00e5rs garanti p\u00e5 detta golv f\u00f6r anv\u00e4ndning i hemmet. Vinylbel\u00e4ggningen som anv\u00e4nds p\u00e5 golvet \u00e4r naturligt ftalatfri. Golvet \u00e4r fuktbest\u00e4ndigt och \u00e4r \u00e4ven antistatiskt och antibakteriellt. Vinylkork \u00e4r ocks\u00e5 idealiskt f\u00f6r golvv\u00e4rme, b\u00e5de vattenburen och elektrisk.    <\/p>\n<p>Vinylytan g\u00f6r golvet mycket slitstarkt. Vinylen \u00e4r PU-belagd, vilket inneb\u00e4r att golvet \u00e4r underh\u00e5llsfritt och mycket l\u00e4tt att h\u00e5lla rent. Den fiberbaserade ramen p\u00e5 vinylkorkplankan \u00e4r fukts\u00e4ker och den tyska l\u00e5stappen av h\u00f6g kvalitet g\u00f6r golvet mycket l\u00e4tt att installera. Det naturliga korkskiktet p\u00e5 undersidan av vinylkorkplattan fungerar som ljud- och st\u00f6td\u00e4mpare.     <\/p>\n<p>Tack vare den fiberbaserade ramstrukturen \u00e4r Parador vinylkorkgolv mycket stabilt och de typiska problemen med v\u00e4rmeutvidgning hos f\u00f6rseglade vinylgolv som orsakas av solljus uppst\u00e5r inte alls med Parador vinylkorkgolv.<\/p>\n<p><strong>INSTALLATION OCH GOLVV\u00c4RME<\/strong><\/p>\n<p>Installationen av vinylkorkgolv \u00e4r mycket enkel, eftersom golvet \u00e4r utrustat med PARADORs h\u00f6gkvalitativa Safe-Lock-l\u00e5ssystem. \u00c4ven f\u00f6rstag\u00e5ngsmonterare kan l\u00e4gga vinylgolv p\u00e5 ett framg\u00e5ngsrikt s\u00e4tt. Golvet \u00e4r ocks\u00e5 mycket l\u00e4mpligt f\u00f6r installation av golvv\u00e4rme, b\u00e5de f\u00f6r vattenburen och elektrisk golvv\u00e4rme.  <\/p>\n","protected":false},"excerpt":{"rendered":"<p>LIV- OCH VATTENT\u00c5LIGT VINYLLOCK MED L\u00c5SPUNKT Parador Basic 30 vinylkorkgolv \u00e4r ett s\u00e4kert och&#8230;<\/p>\n","protected":false},"featured_media":3548,"comment_status":"closed","ping_status":"closed","template":"","meta":{"_acf_changed":false,"footnotes":""},"product_brand":[118],"product_cat":[80,75],"product_tag":[],"class_list":{"0":"post-7575","1":"product","2":"type-product","3":"status-publish","4":"has-post-thumbnail","6":"product_brand-parador-sv","7":"product_cat-vinylgolv","8":"product_cat-golv","10":"first","11":"instock","12":"taxable","13":"shipping-taxable","14":"purchasable","15":"product-type-simple"},"acf":[],"_links":{"self":[{"href":"https:\/\/www.novafloor.fi\/sv\/wp-json\/wp\/v2\/product\/7575","targetHints":{"allow":["GET"]}}],"collection":[{"href":"https:\/\/www.novafloor.fi\/sv\/wp-json\/wp\/v2\/product"}],"about":[{"href":"https:\/\/www.novafloor.fi\/sv\/wp-json\/wp\/v2\/types\/product"}],"replies":[{"embeddable":true,"href":"https:\/\/www.novafloor.fi\/sv\/wp-json\/wp\/v2\/comments?post=7575"}],"version-history":[{"count":0,"href":"https:\/\/www.novafloor.fi\/sv\/wp-json\/wp\/v2\/product\/7575\/revisions"}],"wp:featuredmedia":[{"embeddable":true,"href":"https:\/\/www.novafloor.fi\/sv\/wp-json\/wp\/v2\/media\/3548"}],"wp:attachment":[{"href":"https:\/\/www.novafloor.fi\/sv\/wp-json\/wp\/v2\/media?parent=7575"}],"wp:term":[{"taxonomy":"product_brand","embeddable":true,"href":"https:\/\/www.novafloor.fi\/sv\/wp-json\/wp\/v2\/product_brand?post=7575"},{"taxonomy":"product_cat","embeddable":true,"href":"https:\/\/www.novafloor.fi\/sv\/wp-json\/wp\/v2\/product_cat?post=7575"},{"taxonomy":"product_tag","embeddable":true,"href":"https:\/\/www.novafloor.fi\/sv\/wp-json\/wp\/v2\/product_tag?post=7575"}],"curies":[{"name":"wp","href":"https:\/\/api.w.org\/{rel}","templated":true}]}}