{"id":7573,"date":"2025-06-13T15:05:14","date_gmt":"2025-06-13T15:05:14","guid":{"rendered":"https:\/\/www.novafloor.fi\/tuote\/okategoriserad\/parador-classic-2030-ek-slipad-1-stavs-vinylgolv\/"},"modified":"2026-04-06T17:07:47","modified_gmt":"2026-04-06T17:07:47","slug":"parador-classic-2030-ek-slipad-1-stavs-vinylgolv","status":"publish","type":"product","link":"https:\/\/www.novafloor.fi\/sv\/golv\/vinylgolv\/parador-classic-2030-ek-slipad-1-stavs-vinylgolv\/","title":{"rendered":"PARADOR Classic 2030 Ek slipad 1-stavs vinylgolv"},"content":{"rendered":"<p><strong>VINYLKORK SOM T\u00c5L H\u00c5RD ANV\u00c4NDNING \u2013 \u00c4VEN VATTEN<\/strong><\/p>\n<p data-start=\"171\" data-end=\"485\"><strong data-start=\"187\" data-end=\"218\">Parador Classic 2030-seriens<\/strong> vinylkork \u00e4r ett slitstarkt golv i slitklass KL33, anpassat f\u00f6r b\u00e5de hemmilj\u00f6er samt exempelvis kontor och butikslokaler. Det \u00e4r ett tryggt, ftalatfritt kvalitetsgolv fr\u00e5n Tyskland med livstidsgaranti i hemmabruk, ett bekymmersfritt och klokt val som \u00e4ven \u00e4r l\u00e4mpad f\u00f6r golvv\u00e4rme.<\/p>\n<p data-start=\"487\" data-end=\"632\">Golvet har en behagligt varm yta att g\u00e5 p\u00e5. Det integrerade lagret av naturlig kork p\u00e5 plankans undersida g\u00f6r golvet extra tyst och komfortabelt.<\/p>\n<p data-start=\"634\" data-end=\"822\">Ett golv ska \u00e4ven t\u00e5la v\u00e4tska som hamnar p\u00e5 ytan, en av de viktigaste faktorerna vid golvval. Vinylkorkgolven i Parador Classic 2030-serien klarar st\u00e5ende v\u00e4tska i upp till 48 timmar.<\/p>\n<p><strong>B\u00c4STA KOMFORT OCH H\u00c5LLBARHET<\/strong><\/p>\n<p data-start=\"868\" data-end=\"1139\">Parador Classic 2030 vinylkorkgolv passar b\u00e5de f\u00f6r hem, kontor och butiksmilj\u00f6er tack vare den h\u00f6ga slitklassen KL33. Parador ger livstidsgaranti f\u00f6r hemmabruk och 10 \u00e5rs garanti i offentlig milj\u00f6.Vinylytan som anv\u00e4nds \u00e4r naturligtvis ftalatfri.<\/p>\n<p data-start=\"1141\" data-end=\"1281\">Golvet \u00e4r fuktt\u00e5ligt, antistatiskt och antibakteriellt. Vinylkork l\u00e4mpar sig dessutom utm\u00e4rkt f\u00f6r golvv\u00e4rme, b\u00e5de vattenburen och elektrisk.<\/p>\n<p data-start=\"1283\" data-end=\"1626\">Den slitstarka vinylytan \u00e4r PU-behandlad, vilket g\u00f6r golvet underh\u00e5llsfritt och mycket l\u00e4tt att h\u00e5lla rent. Vinylkorkplankans fiberbaserade stomme \u00e4r fuktskyddad, och tack vare det h\u00f6gkvalitativa tyska l\u00e5ssystemet \u00e4r golvet enkelt att installera. Det naturliga korklagret p\u00e5 plankans undersida fungerar som b\u00e5de ljud- och st\u00f6td\u00e4mpning.<\/p>\n<p data-start=\"1628\" data-end=\"1843\">Den fiberbaserade konstruktionen ger h\u00f6g stabilitet, vilket inneb\u00e4r att de problem med v\u00e4rmeutvidgning som ofta f\u00f6rekommer hos massiva vinylgolv inte uppst\u00e5r i Paradors vinylkorkgolv \u2013 inte ens i starkt solljus.<\/p>\n<p><strong>INSTALLATION OCH GOLVV\u00c4RME<\/strong><\/p>\n<p data-start=\"1878\" data-end=\"2065\">Vinylkorkgolvet \u00e4r mycket enkelt att installera tack vare Paradors h\u00f6gkvalitativa Safe-Lock-l\u00e5ssystem. Monteringen l\u00e4mpar sig \u00e4ven f\u00f6r dig som installerar vinylgolv f\u00f6r f\u00f6rsta g\u00e5ngen. Golvet \u00e4r fullt kompatibelt med b\u00e5de vattenburen och elektrisk golvv\u00e4rme.<\/p>\n","protected":false},"excerpt":{"rendered":"<p>VINYLKORK SOM T\u00c5L H\u00c5RD ANV\u00c4NDNING \u2013 \u00c4VEN VATTEN Parador Classic 2030-seriens vinylkork \u00e4r ett&#8230;<\/p>\n","protected":false},"featured_media":3535,"comment_status":"closed","ping_status":"closed","template":"","meta":{"_acf_changed":false,"footnotes":""},"product_brand":[118],"product_cat":[80,75],"product_tag":[],"class_list":{"0":"post-7573","1":"product","2":"type-product","3":"status-publish","4":"has-post-thumbnail","6":"product_brand-parador-sv","7":"product_cat-vinylgolv","8":"product_cat-golv","10":"first","11":"instock","12":"taxable","13":"shipping-taxable","14":"purchasable","15":"product-type-simple"},"acf":[],"_links":{"self":[{"href":"https:\/\/www.novafloor.fi\/sv\/wp-json\/wp\/v2\/product\/7573","targetHints":{"allow":["GET"]}}],"collection":[{"href":"https:\/\/www.novafloor.fi\/sv\/wp-json\/wp\/v2\/product"}],"about":[{"href":"https:\/\/www.novafloor.fi\/sv\/wp-json\/wp\/v2\/types\/product"}],"replies":[{"embeddable":true,"href":"https:\/\/www.novafloor.fi\/sv\/wp-json\/wp\/v2\/comments?post=7573"}],"version-history":[{"count":1,"href":"https:\/\/www.novafloor.fi\/sv\/wp-json\/wp\/v2\/product\/7573\/revisions"}],"predecessor-version":[{"id":10392,"href":"https:\/\/www.novafloor.fi\/sv\/wp-json\/wp\/v2\/product\/7573\/revisions\/10392"}],"wp:featuredmedia":[{"embeddable":true,"href":"https:\/\/www.novafloor.fi\/sv\/wp-json\/wp\/v2\/media\/3535"}],"wp:attachment":[{"href":"https:\/\/www.novafloor.fi\/sv\/wp-json\/wp\/v2\/media?parent=7573"}],"wp:term":[{"taxonomy":"product_brand","embeddable":true,"href":"https:\/\/www.novafloor.fi\/sv\/wp-json\/wp\/v2\/product_brand?post=7573"},{"taxonomy":"product_cat","embeddable":true,"href":"https:\/\/www.novafloor.fi\/sv\/wp-json\/wp\/v2\/product_cat?post=7573"},{"taxonomy":"product_tag","embeddable":true,"href":"https:\/\/www.novafloor.fi\/sv\/wp-json\/wp\/v2\/product_tag?post=7573"}],"curies":[{"name":"wp","href":"https:\/\/api.w.org\/{rel}","templated":true}]}}