{"id":7571,"date":"2025-06-13T15:04:37","date_gmt":"2025-06-13T15:04:37","guid":{"rendered":"https:\/\/www.novafloor.fi\/tuote\/okategoriserad\/solmer-vinylbasfilm-perforerad\/"},"modified":"2026-03-13T13:00:43","modified_gmt":"2026-03-13T13:00:43","slug":"solmer-vinylbasfilm-perforerad","status":"publish","type":"product","link":"https:\/\/www.novafloor.fi\/sv\/tillbehor\/solmer-vinylbasfilm-perforerad\/","title":{"rendered":"Solmer perforerad underlagsmatta"},"content":{"rendered":"<p><strong>49,20 m<\/strong><strong><sup>2<\/sup><\/strong><strong> rulle<\/strong><\/p>\n<p>N\u00e4r du installerar SPC- eller Hydron-vinylgolv p\u00e5 ett torrt underlag beh\u00f6ver du endast Solmer underlagsmatta under. Torra undergolv \u00e4r t.ex. gipsskivor, tr\u00e4undergolv, sp\u00e5nskivor, h\u00e5rda plastgolv och liknande ytor.<\/p>\n<p>Solmers underlagsmatta ska anv\u00e4ndas under f\u00f6ljande PARADOR-golv n\u00e4r de installeras p\u00e5 ett torrt underlag: Basic 5.3, Classic 2070 och Modular ONE fiskbensvinyl.<\/p>\n<p>Underlagsmattan \u00e4r perforerad, dvs den har m\u00e5nga h\u00e5l, d\u00e4rf\u00f6r fungerar underlagsmattan inte som fuktsp\u00e4rr. Syftet med underlaget \u00e4r att minska friktionen mellan undergolvet och vinylskivan. Vissa undergolv har en grov yta, vilket skapar mycket friktion mellan undergolvet och vinylskivan och hindrar vinylen fr\u00e5n att leva. Detta m\u00e4rks fr\u00e4mst p\u00e5 stora ytor.<\/p>\n<p>Om du installerar Parador vinylgolv direkt p\u00e5 betong kan du anv\u00e4nda vanlig byggplast i st\u00e4llet f\u00f6r en perforerad underlagsmatta.<\/p>\n","protected":false},"excerpt":{"rendered":"<p>49,20 m2 rulle N\u00e4r du installerar SPC- eller Hydron-vinylgolv p\u00e5 ett torrt underlag beh\u00f6ver&#8230;<\/p>\n","protected":false},"featured_media":3525,"comment_status":"closed","ping_status":"closed","template":"","meta":{"_acf_changed":false,"footnotes":""},"product_brand":[122],"product_cat":[84],"product_tag":[],"class_list":{"0":"post-7571","1":"product","2":"type-product","3":"status-publish","4":"has-post-thumbnail","6":"product_brand-solmer-sv","7":"product_cat-tillbehor","9":"first","10":"instock","11":"taxable","12":"shipping-taxable","13":"purchasable","14":"product-type-simple"},"acf":[],"_links":{"self":[{"href":"https:\/\/www.novafloor.fi\/sv\/wp-json\/wp\/v2\/product\/7571","targetHints":{"allow":["GET"]}}],"collection":[{"href":"https:\/\/www.novafloor.fi\/sv\/wp-json\/wp\/v2\/product"}],"about":[{"href":"https:\/\/www.novafloor.fi\/sv\/wp-json\/wp\/v2\/types\/product"}],"replies":[{"embeddable":true,"href":"https:\/\/www.novafloor.fi\/sv\/wp-json\/wp\/v2\/comments?post=7571"}],"version-history":[{"count":2,"href":"https:\/\/www.novafloor.fi\/sv\/wp-json\/wp\/v2\/product\/7571\/revisions"}],"predecessor-version":[{"id":11222,"href":"https:\/\/www.novafloor.fi\/sv\/wp-json\/wp\/v2\/product\/7571\/revisions\/11222"}],"wp:featuredmedia":[{"embeddable":true,"href":"https:\/\/www.novafloor.fi\/sv\/wp-json\/wp\/v2\/media\/3525"}],"wp:attachment":[{"href":"https:\/\/www.novafloor.fi\/sv\/wp-json\/wp\/v2\/media?parent=7571"}],"wp:term":[{"taxonomy":"product_brand","embeddable":true,"href":"https:\/\/www.novafloor.fi\/sv\/wp-json\/wp\/v2\/product_brand?post=7571"},{"taxonomy":"product_cat","embeddable":true,"href":"https:\/\/www.novafloor.fi\/sv\/wp-json\/wp\/v2\/product_cat?post=7571"},{"taxonomy":"product_tag","embeddable":true,"href":"https:\/\/www.novafloor.fi\/sv\/wp-json\/wp\/v2\/product_tag?post=7571"}],"curies":[{"name":"wp","href":"https:\/\/api.w.org\/{rel}","templated":true}]}}