{"id":7559,"date":"2025-06-13T15:04:25","date_gmt":"2025-06-13T15:04:25","guid":{"rendered":"https:\/\/www.novafloor.fi\/tuote\/okategoriserad\/novafloor-ek-stonewash-oljevaxad-foglist\/"},"modified":"2026-03-13T12:26:13","modified_gmt":"2026-03-13T12:26:13","slug":"novafloor-ek-stonewash-oljevaxad-foglist","status":"publish","type":"product","link":"https:\/\/www.novafloor.fi\/sv\/listverk-och-trappnosar\/skarvlister\/novafloor-ek-stonewash-oljevaxad-foglist\/","title":{"rendered":"Novafloor Ek Stonewash oljevaxad skarvlist"},"content":{"rendered":"<p>Novafloor skarvlist full\u00e4ndar ditt parkettgolv<\/p>\n<p><span style=\"font-weight: 400;\">V\u00e5r skarvlist med yta av \u00e4kta ek \u00e4r en unik produkt som s\u00e4kerst\u00e4ller ett utm\u00e4rkt slutresultat f\u00f6r ditt Novafloor parkettgolv samt f\u00f6r HARDER by Novafloor h\u00e4rdat ekgolv.<\/span><\/p>\n<p><span style=\"font-weight: 400;\">Skarvlistens stomme \u00e4r av aluminium och ovanp\u00e5 finns ett lager \u00e4kta ek. Vi h\u00e5rdvaxoljar skarvlistens yta i Vasa. Den f\u00e4rdiga listen ser ut som massivtr\u00e4 och matchar i nyans v\u00e5ra h\u00e5rdvaxoljade Novafloor och HARDER produkter.<\/span><\/p>\n<p><span style=\"font-weight: 400;\">Skarvlisten best\u00e5r av tv\u00e5 delar, en \u00f6ver- och en underprofil. Underprofilen f\u00e4sts i underlaget antingen genom skruvning eller genom limning. Om du har golvv\u00e4rme i bostaden rekommenderar vi limning med bygglim. Skruvar eller lim ing\u00e5r inte i leveransen.<\/span><\/p>\n<p><span style=\"font-weight: 400;\">Underprofilen ska installeras f\u00f6re golvet, eftersom det \u00e4r sv\u00e5rt att montera den i efterhand i fogen mellan tv\u00e5 parkettgolv. Underlagsmattan ska sk\u00e4ras s\u00e5 att inget material hamnar i kl\u00e4m mellan underprofilen och parketten. I underprofilen placeras de gr\u00f6na plastf\u00e4sten som medf\u00f6ljer leveransen, och d\u00e4refter trycks \u00f6verprofilen p\u00e5 plats n\u00e4r parketten \u00e4r installerad p\u00e5 b\u00e5da sidor.<\/span><\/p>\n<p><span style=\"font-weight: 400;\">Om du best\u00e4ller enbart skarvlisten fr\u00e5n oss, kom ih\u00e5g att ange golvets tjocklek i f\u00e4ltet f\u00f6r till\u00e4ggsinformation i varukorgen. Underprofilen finns i tv\u00e5 olika h\u00f6jdalternativ och det \u00e4r viktigt att vi vet golvets tjocklek f\u00f6r att kunna skicka r\u00e4tt underprofil. Alternativen \u00e4r f\u00f6r golv med tjocklek <\/span>9,6\u201312,5 mm<span style=\"font-weight: 400;\"> (Harder 11 mm) samt <\/span>12,6\u201315,5 mm<span style=\"font-weight: 400;\"> (de flesta av v\u00e5ra parkettgolv \u00e4r 13 mm tjocka).<\/span><\/p>\n<p><span style=\"font-weight: 400;\">Skarvlisten ska anv\u00e4ndas till exempel i d\u00f6rr\u00f6ppningar n\u00e4r parketten forts\u00e4tter fr\u00e5n ett rum till ett annat. I golvets l\u00e4ggningsanvisningar finns mer information om i vilka situationer skarvlist b\u00f6r anv\u00e4ndas. Skarvlisten \u00e4r inte en niv\u00e5list och j\u00e4mnar allts\u00e5 inte ut h\u00f6jdskillnader mellan olika golv.<\/span><\/p>\n<p><span style=\"font-weight: 400;\">V\u00e5r kundservice hj\u00e4lper g\u00e4rna ocks\u00e5 till med fr\u00e5gor kring installation.<\/span><\/p>\n","protected":false},"excerpt":{"rendered":"<p>Novafloor skarvlist full\u00e4ndar ditt parkettgolv V\u00e5r skarvlist med yta av \u00e4kta ek \u00e4r en&#8230;<\/p>\n","protected":false},"featured_media":3486,"comment_status":"closed","ping_status":"closed","template":"","meta":{"_acf_changed":false,"footnotes":""},"product_brand":[117],"product_cat":[83,86],"product_tag":[],"class_list":{"0":"post-7559","1":"product","2":"type-product","3":"status-publish","4":"has-post-thumbnail","6":"product_brand-novafloor-sv","7":"product_cat-listverk-och-trappnosar","8":"product_cat-skarvlister","10":"first","11":"onbackorder","12":"taxable","13":"shipping-taxable","14":"purchasable","15":"product-type-simple"},"acf":[],"_links":{"self":[{"href":"https:\/\/www.novafloor.fi\/sv\/wp-json\/wp\/v2\/product\/7559","targetHints":{"allow":["GET"]}}],"collection":[{"href":"https:\/\/www.novafloor.fi\/sv\/wp-json\/wp\/v2\/product"}],"about":[{"href":"https:\/\/www.novafloor.fi\/sv\/wp-json\/wp\/v2\/types\/product"}],"replies":[{"embeddable":true,"href":"https:\/\/www.novafloor.fi\/sv\/wp-json\/wp\/v2\/comments?post=7559"}],"version-history":[{"count":3,"href":"https:\/\/www.novafloor.fi\/sv\/wp-json\/wp\/v2\/product\/7559\/revisions"}],"predecessor-version":[{"id":11189,"href":"https:\/\/www.novafloor.fi\/sv\/wp-json\/wp\/v2\/product\/7559\/revisions\/11189"}],"wp:featuredmedia":[{"embeddable":true,"href":"https:\/\/www.novafloor.fi\/sv\/wp-json\/wp\/v2\/media\/3486"}],"wp:attachment":[{"href":"https:\/\/www.novafloor.fi\/sv\/wp-json\/wp\/v2\/media?parent=7559"}],"wp:term":[{"taxonomy":"product_brand","embeddable":true,"href":"https:\/\/www.novafloor.fi\/sv\/wp-json\/wp\/v2\/product_brand?post=7559"},{"taxonomy":"product_cat","embeddable":true,"href":"https:\/\/www.novafloor.fi\/sv\/wp-json\/wp\/v2\/product_cat?post=7559"},{"taxonomy":"product_tag","embeddable":true,"href":"https:\/\/www.novafloor.fi\/sv\/wp-json\/wp\/v2\/product_tag?post=7559"}],"curies":[{"name":"wp","href":"https:\/\/api.w.org\/{rel}","templated":true}]}}