{"id":7501,"date":"2025-06-13T15:03:54","date_gmt":"2025-06-13T15:03:54","guid":{"rendered":"https:\/\/www.novafloor.fi\/tuote\/okategoriserad\/meister-silence-15-underlag-for-betong\/"},"modified":"2026-03-13T13:16:13","modified_gmt":"2026-03-13T13:16:13","slug":"meister-silence-15-underlag-for-betong","status":"publish","type":"product","link":"https:\/\/www.novafloor.fi\/sv\/tillbehor\/stegljudsisolering\/meister-silence-15-underlag-for-betong\/","title":{"rendered":"Meister Silence 15 Underlagsmatta f\u00f6r betong"},"content":{"rendered":"<p data-start=\"0\" data-end=\"389\">V\u00e4lj alltid en underlagsmatta av h\u00f6g kvalitet till ditt golv, eftersom underlaget har en f\u00f6rv\u00e5nansv\u00e4rt stor p\u00e5verkan p\u00e5 slutresultatet. Silence 15 \u00e4r ett utm\u00e4rkt och tryggt val n\u00e4r du installerar golv p\u00e5 betong eller gipsavj\u00e4mning. Vi rekommenderar Silence 15-underlagsmattan s\u00e4rskilt under parkett och h\u00e4rdade ekgolv, och produkten fungerar \u00e4ven utm\u00e4rkt under laminat.<\/p>\n<p data-start=\"391\" data-end=\"614\">Produktens mineralbaserade konstruktion \u00e4r f\u00f6rst\u00e4rkt med fiberduk och belagd med en aluminiumf\u00f6rsedd fuktsp\u00e4rrfilm. Underlagsmattan \u00e4r elastisk och d\u00e4mpar effektivt stegljud samt mindre oj\u00e4mnheter i undergolvet.<\/p>\n<p data-start=\"616\" data-end=\"1111\">Silence 15-underlagsmattan installeras med aluminiumfilmen upp\u00e5t, och mattremsorna (underlagsmattan \u00e4r 1 meter bred) tejpas ihop till en sammanh\u00e4ngande yta med aluminiumtejp som levereras tillsammans med Silence-underlagsmattan. Varje Silence-underlagsrulle \u00e4r f\u00f6rpackad i en p\u00e5se d\u00e4r \u00e4ven en rulle aluminiumtejp ing\u00e5r. Mattremsorna ska inte \u00f6verlappas, eftersom det kan skapa en niv\u00e5skillnad i skarven. Remsorna placeras kant i kant och tejpas ihop till en enhetlig yta.<\/p>\n<p data-start=\"1113\" data-end=\"1355\">Underlagsmattan har h\u00f6g tryckh\u00e5llfasthet, vilket g\u00f6r den s\u00e4rskilt l\u00e4mplig som underlag f\u00f6r parkett, h\u00e4rdat ekgolv och laminat. N\u00e4r det g\u00e4ller vinylgolv b\u00f6r man kontrollera om vinylen \u00f6verhuvudtaget beh\u00f6ver extra stegljudsd\u00e4mpning.<\/p>\n<p data-start=\"1357\" data-end=\"1614\">Silence 15-underlagsmattan har en tjocklek p\u00e5 2 mm, en bredd p\u00e5 1 m och rullstorleken \u00e4r 8,5 m\u00b2. Underlagsmattans vikt \u00e4r cirka 1,6 kg\/m\u00b2. Stegljudsd\u00e4mpning upp till 18 dB och ljudet fr\u00e5n steg i rummet minskar upp till 25 %.<\/p>\n<p data-start=\"1616\" data-end=\"1818\" data-is-last-node=\"\" data-is-only-node=\"\">Om ditt undergolv \u00e4r ett s\u00e5 kallat torrt undergolv, till exempel gipsskiva, tr\u00e4skiva eller plastmatta, ska du i st\u00e4llet anv\u00e4nda Silence 20-underlagsmattan, som inte inneh\u00e5ller fuktsp\u00e4rr.<\/p>\n","protected":false},"excerpt":{"rendered":"<p>V\u00e4lj alltid en underlagsmatta av h\u00f6g kvalitet till ditt golv, eftersom underlaget har en&#8230;<\/p>\n","protected":false},"featured_media":1737,"comment_status":"closed","ping_status":"closed","template":"","meta":{"_acf_changed":false,"footnotes":""},"product_brand":[116],"product_cat":[84,88],"product_tag":[],"class_list":{"0":"post-7501","1":"product","2":"type-product","3":"status-publish","4":"has-post-thumbnail","6":"product_brand-meister","7":"product_cat-tillbehor","8":"product_cat-stegljudsisolering","10":"first","11":"instock","12":"taxable","13":"shipping-taxable","14":"purchasable","15":"product-type-simple"},"acf":[],"_links":{"self":[{"href":"https:\/\/www.novafloor.fi\/sv\/wp-json\/wp\/v2\/product\/7501","targetHints":{"allow":["GET"]}}],"collection":[{"href":"https:\/\/www.novafloor.fi\/sv\/wp-json\/wp\/v2\/product"}],"about":[{"href":"https:\/\/www.novafloor.fi\/sv\/wp-json\/wp\/v2\/types\/product"}],"replies":[{"embeddable":true,"href":"https:\/\/www.novafloor.fi\/sv\/wp-json\/wp\/v2\/comments?post=7501"}],"version-history":[{"count":3,"href":"https:\/\/www.novafloor.fi\/sv\/wp-json\/wp\/v2\/product\/7501\/revisions"}],"predecessor-version":[{"id":11227,"href":"https:\/\/www.novafloor.fi\/sv\/wp-json\/wp\/v2\/product\/7501\/revisions\/11227"}],"wp:featuredmedia":[{"embeddable":true,"href":"https:\/\/www.novafloor.fi\/sv\/wp-json\/wp\/v2\/media\/1737"}],"wp:attachment":[{"href":"https:\/\/www.novafloor.fi\/sv\/wp-json\/wp\/v2\/media?parent=7501"}],"wp:term":[{"taxonomy":"product_brand","embeddable":true,"href":"https:\/\/www.novafloor.fi\/sv\/wp-json\/wp\/v2\/product_brand?post=7501"},{"taxonomy":"product_cat","embeddable":true,"href":"https:\/\/www.novafloor.fi\/sv\/wp-json\/wp\/v2\/product_cat?post=7501"},{"taxonomy":"product_tag","embeddable":true,"href":"https:\/\/www.novafloor.fi\/sv\/wp-json\/wp\/v2\/product_tag?post=7501"}],"curies":[{"name":"wp","href":"https:\/\/api.w.org\/{rel}","templated":true}]}}