{"id":7498,"date":"2025-06-13T15:03:54","date_gmt":"2025-06-13T15:03:54","guid":{"rendered":"https:\/\/www.novafloor.fi\/tuote\/okategoriserad\/parador-rigid-acoustic-protect-underlag-for-betong\/"},"modified":"2026-03-13T13:24:01","modified_gmt":"2026-03-13T13:24:01","slug":"parador-rigid-acoustic-protect-underlag-for-betong","status":"publish","type":"product","link":"https:\/\/www.novafloor.fi\/sv\/tillbehor\/stegljudsisolering\/parador-rigid-acoustic-protect-underlag-for-betong\/","title":{"rendered":"PARADOR RIGID Acoustic Protect underlag f\u00f6r betong"},"content":{"rendered":"<p class=\"MsoNormal\"><strong>RIGID underlag f\u00f6r fiskbensgolv i vinyl<\/strong><\/p>\n<p class=\"MsoNormal\">Detta specialunderlag anv\u00e4nds under Parador Trendtime 3 fiskbensgolv i vinyl. Produkten har en mycket h\u00f6g tryckh\u00e5llfasthet och \u00e4r l\u00e4mplig i b\u00e5de offentliga och privata utrymmen.<\/p>\n<p class=\"MsoNormal\">Mattan har ingen fuktsp\u00e4rr, eftersom SPC-golvet inte \u00e4r k\u00e4nsligt f\u00f6r kvarvarande fukt i betongen. Underlaget kan anv\u00e4ndas p\u00e5 b\u00e5de betong och torra underlag som gipsskivor och sp\u00e5nskivor.<\/p>\n","protected":false},"excerpt":{"rendered":"<p>RIGID underlag f\u00f6r fiskbensgolv i vinyl Detta specialunderlag anv\u00e4nds under Parador Trendtime 3 fiskbensgolv&#8230;<\/p>\n","protected":false},"featured_media":3383,"comment_status":"closed","ping_status":"closed","template":"","meta":{"_acf_changed":false,"footnotes":""},"product_brand":[118],"product_cat":[84,88],"product_tag":[],"class_list":{"0":"post-7498","1":"product","2":"type-product","3":"status-publish","4":"has-post-thumbnail","6":"product_brand-parador-sv","7":"product_cat-tillbehor","8":"product_cat-stegljudsisolering","10":"first","11":"onbackorder","12":"taxable","13":"shipping-taxable","14":"purchasable","15":"product-type-simple"},"acf":[],"_links":{"self":[{"href":"https:\/\/www.novafloor.fi\/sv\/wp-json\/wp\/v2\/product\/7498","targetHints":{"allow":["GET"]}}],"collection":[{"href":"https:\/\/www.novafloor.fi\/sv\/wp-json\/wp\/v2\/product"}],"about":[{"href":"https:\/\/www.novafloor.fi\/sv\/wp-json\/wp\/v2\/types\/product"}],"replies":[{"embeddable":true,"href":"https:\/\/www.novafloor.fi\/sv\/wp-json\/wp\/v2\/comments?post=7498"}],"version-history":[{"count":2,"href":"https:\/\/www.novafloor.fi\/sv\/wp-json\/wp\/v2\/product\/7498\/revisions"}],"predecessor-version":[{"id":11231,"href":"https:\/\/www.novafloor.fi\/sv\/wp-json\/wp\/v2\/product\/7498\/revisions\/11231"}],"wp:featuredmedia":[{"embeddable":true,"href":"https:\/\/www.novafloor.fi\/sv\/wp-json\/wp\/v2\/media\/3383"}],"wp:attachment":[{"href":"https:\/\/www.novafloor.fi\/sv\/wp-json\/wp\/v2\/media?parent=7498"}],"wp:term":[{"taxonomy":"product_brand","embeddable":true,"href":"https:\/\/www.novafloor.fi\/sv\/wp-json\/wp\/v2\/product_brand?post=7498"},{"taxonomy":"product_cat","embeddable":true,"href":"https:\/\/www.novafloor.fi\/sv\/wp-json\/wp\/v2\/product_cat?post=7498"},{"taxonomy":"product_tag","embeddable":true,"href":"https:\/\/www.novafloor.fi\/sv\/wp-json\/wp\/v2\/product_tag?post=7498"}],"curies":[{"name":"wp","href":"https:\/\/api.w.org\/{rel}","templated":true}]}}