{"id":7484,"date":"2025-06-13T15:03:45","date_gmt":"2025-06-13T15:03:45","guid":{"rendered":"https:\/\/www.novafloor.fi\/tuote\/okategoriserad\/parador-hl1-hl2-hl3-utvandigt-horn-vit-tillbehor\/"},"modified":"2026-03-15T18:38:54","modified_gmt":"2026-03-15T18:38:54","slug":"parador-hl1-hl2-hl3-utvandigt-horn-vit-tillbehor","status":"publish","type":"product","link":"https:\/\/www.novafloor.fi\/sv\/tillbehor\/parador-hl1-hl2-hl3-utvandigt-horn-vit-tillbehor\/","title":{"rendered":"PARADOR HL1 \/ HL2 \/ HL3 ytterh\u00f6rn vit Tillbeh\u00f6r"},"content":{"rendered":"<p>Ytterh\u00f6rn f\u00f6r PARADOR HL1 \/ HL2 \/ HL3-golvsocklar. Med ytterh\u00f6rn blir monteringen av golvsocklar i ytterh\u00f6rn mycket enkel och slutresultatet ser mycket snyggt ut.<\/p>\n<p>F\u00f6rpackningen inneh\u00e5ller 2 st h\u00f6rndelar och de \u00e4r vitf\u00e4rgade. Den vita f\u00e4rgen \u00e4r neutral och passar v\u00e4l tillsammans med golvsocklar i alla f\u00e4rger.<\/p>\n<p>Monteringen av ytterh\u00f6rn \u00e4r mycket enkel \u2013 delen l\u00e5ses direkt fast i golvsockeln. Vid installationen anv\u00e4nds inget lim.<\/p>\n<p>Passar alla PARADOR HL1 \/ HL2 \/ HL3-piedestaler.<\/p>\n","protected":false},"excerpt":{"rendered":"<p>Ytterh\u00f6rn f\u00f6r PARADOR HL1 \/ HL2 \/ HL3-golvsocklar. Med ytterh\u00f6rn blir monteringen av golvsocklar&#8230;<\/p>\n","protected":false},"featured_media":3358,"comment_status":"closed","ping_status":"closed","template":"","meta":{"_acf_changed":false,"footnotes":""},"product_brand":[118],"product_cat":[84,85],"product_tag":[],"class_list":{"0":"post-7484","1":"product","2":"type-product","3":"status-publish","4":"has-post-thumbnail","6":"product_brand-parador-sv","7":"product_cat-tillbehor","8":"product_cat-socklar","10":"first","11":"instock","12":"taxable","13":"shipping-taxable","14":"purchasable","15":"product-type-simple"},"acf":[],"_links":{"self":[{"href":"https:\/\/www.novafloor.fi\/sv\/wp-json\/wp\/v2\/product\/7484","targetHints":{"allow":["GET"]}}],"collection":[{"href":"https:\/\/www.novafloor.fi\/sv\/wp-json\/wp\/v2\/product"}],"about":[{"href":"https:\/\/www.novafloor.fi\/sv\/wp-json\/wp\/v2\/types\/product"}],"replies":[{"embeddable":true,"href":"https:\/\/www.novafloor.fi\/sv\/wp-json\/wp\/v2\/comments?post=7484"}],"version-history":[{"count":2,"href":"https:\/\/www.novafloor.fi\/sv\/wp-json\/wp\/v2\/product\/7484\/revisions"}],"predecessor-version":[{"id":11272,"href":"https:\/\/www.novafloor.fi\/sv\/wp-json\/wp\/v2\/product\/7484\/revisions\/11272"}],"wp:featuredmedia":[{"embeddable":true,"href":"https:\/\/www.novafloor.fi\/sv\/wp-json\/wp\/v2\/media\/3358"}],"wp:attachment":[{"href":"https:\/\/www.novafloor.fi\/sv\/wp-json\/wp\/v2\/media?parent=7484"}],"wp:term":[{"taxonomy":"product_brand","embeddable":true,"href":"https:\/\/www.novafloor.fi\/sv\/wp-json\/wp\/v2\/product_brand?post=7484"},{"taxonomy":"product_cat","embeddable":true,"href":"https:\/\/www.novafloor.fi\/sv\/wp-json\/wp\/v2\/product_cat?post=7484"},{"taxonomy":"product_tag","embeddable":true,"href":"https:\/\/www.novafloor.fi\/sv\/wp-json\/wp\/v2\/product_tag?post=7484"}],"curies":[{"name":"wp","href":"https:\/\/api.w.org\/{rel}","templated":true}]}}