{"id":7480,"date":"2025-06-13T15:03:42","date_gmt":"2025-06-13T15:03:42","guid":{"rendered":"https:\/\/www.novafloor.fi\/tuote\/okategoriserad\/parador-sl3-innerhorn-aluminium-fargad-tillbehor\/"},"modified":"2026-03-13T10:01:01","modified_gmt":"2026-03-13T10:01:01","slug":"parador-sl3-innerhorn-aluminium-fargad-tillbehor","status":"publish","type":"product","link":"https:\/\/www.novafloor.fi\/sv\/tillbehor\/parador-sl3-innerhorn-aluminium-fargad-tillbehor\/","title":{"rendered":"PARADOR SL3 innerh\u00f6rn aluminiumf\u00e4rgad Tillbeh\u00f6r"},"content":{"rendered":"<p><span style=\"font-weight: 400;\">Innerh\u00f6rn f\u00f6r PARADOR SL3 \/ SL5 \/ SL6 \/ SL18 -golvsocklar. Med innerh\u00f6rn blir monteringen av socklar i innerh\u00f6rn mycket enkel och slutresultatet ser mycket snyggt ut.<\/span><\/p>\n<p><span style=\"font-weight: 400;\">F\u00f6rpackningen inneh\u00e5ller 2 st h\u00f6rndelar och de \u00e4r aluminiumf\u00e4rgade. Aluminiumf\u00e4rgen \u00e4r neutral och passar v\u00e4l tillsammans med golvsocklar i alla f\u00e4rger.<\/span><\/p>\n<p><span style=\"font-weight: 400;\">Monteringen av innerh\u00f6rnet \u00e4r mycket enkel \u2013 delen l\u00e5ses direkt fast i golvsockeln. Vid installationen anv\u00e4nds inget lim.<\/span><\/p>\n<p><span style=\"font-weight: 400;\">Passar alla PARADOR SL3 \/ SL5 \/ SL6 \/ SL18 -golvsocklar.<\/span><\/p>\n","protected":false},"excerpt":{"rendered":"<p>Innerh\u00f6rn f\u00f6r PARADOR SL3 \/ SL5 \/ SL6 \/ SL18 -golvsocklar. Med innerh\u00f6rn blir&#8230;<\/p>\n","protected":false},"featured_media":3350,"comment_status":"closed","ping_status":"closed","template":"","meta":{"_acf_changed":false,"footnotes":""},"product_brand":[118],"product_cat":[84,85],"product_tag":[],"class_list":{"0":"post-7480","1":"product","2":"type-product","3":"status-publish","4":"has-post-thumbnail","6":"product_brand-parador-sv","7":"product_cat-tillbehor","8":"product_cat-socklar","10":"first","11":"instock","12":"taxable","13":"shipping-taxable","14":"purchasable","15":"product-type-simple"},"acf":[],"_links":{"self":[{"href":"https:\/\/www.novafloor.fi\/sv\/wp-json\/wp\/v2\/product\/7480","targetHints":{"allow":["GET"]}}],"collection":[{"href":"https:\/\/www.novafloor.fi\/sv\/wp-json\/wp\/v2\/product"}],"about":[{"href":"https:\/\/www.novafloor.fi\/sv\/wp-json\/wp\/v2\/types\/product"}],"replies":[{"embeddable":true,"href":"https:\/\/www.novafloor.fi\/sv\/wp-json\/wp\/v2\/comments?post=7480"}],"version-history":[{"count":2,"href":"https:\/\/www.novafloor.fi\/sv\/wp-json\/wp\/v2\/product\/7480\/revisions"}],"predecessor-version":[{"id":11069,"href":"https:\/\/www.novafloor.fi\/sv\/wp-json\/wp\/v2\/product\/7480\/revisions\/11069"}],"wp:featuredmedia":[{"embeddable":true,"href":"https:\/\/www.novafloor.fi\/sv\/wp-json\/wp\/v2\/media\/3350"}],"wp:attachment":[{"href":"https:\/\/www.novafloor.fi\/sv\/wp-json\/wp\/v2\/media?parent=7480"}],"wp:term":[{"taxonomy":"product_brand","embeddable":true,"href":"https:\/\/www.novafloor.fi\/sv\/wp-json\/wp\/v2\/product_brand?post=7480"},{"taxonomy":"product_cat","embeddable":true,"href":"https:\/\/www.novafloor.fi\/sv\/wp-json\/wp\/v2\/product_cat?post=7480"},{"taxonomy":"product_tag","embeddable":true,"href":"https:\/\/www.novafloor.fi\/sv\/wp-json\/wp\/v2\/product_tag?post=7480"}],"curies":[{"name":"wp","href":"https:\/\/api.w.org\/{rel}","templated":true}]}}