{"id":7463,"date":"2025-06-13T15:03:34","date_gmt":"2025-06-13T15:03:34","guid":{"rendered":"https:\/\/www.novafloor.fi\/tuote\/okategoriserad\/parador-hl1-hl2-hl3-dold-konsol-tillbehor\/"},"modified":"2026-03-15T18:12:39","modified_gmt":"2026-03-15T18:12:39","slug":"parador-hl1-hl2-hl3-dold-konsol-tillbehor","status":"publish","type":"product","link":"https:\/\/www.novafloor.fi\/sv\/tillbehor\/parador-hl1-hl2-hl3-dold-konsol-tillbehor\/","title":{"rendered":"PARADOR HL1 \/ HL2 \/ HL3 monteringsclips Tillbeh\u00f6r"},"content":{"rendered":"<p>Dolda monteringsclips f\u00f6r PARADOR HL1\/2\/3-golvsocklar. Clipsen g\u00f6r att golvsockeln f\u00e5r ett mer stilrent utseende.<\/p>\n<p>Clipsen skruvas fast i v\u00e4ggen med 50 cm mellanrum och sedan f\u00e4sts golvsockeln genom att trycka in listen i f\u00e4stet uppifr\u00e5n.<\/p>\n<p>F\u00f6rpackningen inneh\u00e5ller 24 st clips (f\u00f6r 4 golvsocklar \/ 10 l\u00f6pmeter) samt skruvar, pluggar och en monteringsplatta som hj\u00e4lper till att placera clipsen p\u00e5 r\u00e4tt h\u00f6jd innan den skruvas fast i v\u00e4ggen.<\/p>\n<p>Monteringsclipsen ger ett stiligt slutresultat eftersom det inte finns n\u00e5gra synliga skruvar eller spikar i socklarna. Dessutom \u00e4r golvsocklarna l\u00e4tta att ta bort om det skulle beh\u00f6vas.<\/p>\n<div class=\"product-right\">\n<div class=\"product-price-calculator\"><\/div>\n<\/div>\n","protected":false},"excerpt":{"rendered":"<p>Dolda monteringsclips f\u00f6r PARADOR HL1\/2\/3-golvsocklar. Clipsen g\u00f6r att golvsockeln f\u00e5r ett mer stilrent utseende&#8230;.<\/p>\n","protected":false},"featured_media":3326,"comment_status":"closed","ping_status":"closed","template":"","meta":{"_acf_changed":false,"footnotes":""},"product_brand":[118],"product_cat":[84,85],"product_tag":[],"class_list":{"0":"post-7463","1":"product","2":"type-product","3":"status-publish","4":"has-post-thumbnail","6":"product_brand-parador-sv","7":"product_cat-tillbehor","8":"product_cat-socklar","10":"first","11":"instock","12":"taxable","13":"shipping-taxable","14":"purchasable","15":"product-type-simple"},"acf":[],"_links":{"self":[{"href":"https:\/\/www.novafloor.fi\/sv\/wp-json\/wp\/v2\/product\/7463","targetHints":{"allow":["GET"]}}],"collection":[{"href":"https:\/\/www.novafloor.fi\/sv\/wp-json\/wp\/v2\/product"}],"about":[{"href":"https:\/\/www.novafloor.fi\/sv\/wp-json\/wp\/v2\/types\/product"}],"replies":[{"embeddable":true,"href":"https:\/\/www.novafloor.fi\/sv\/wp-json\/wp\/v2\/comments?post=7463"}],"version-history":[{"count":2,"href":"https:\/\/www.novafloor.fi\/sv\/wp-json\/wp\/v2\/product\/7463\/revisions"}],"predecessor-version":[{"id":11261,"href":"https:\/\/www.novafloor.fi\/sv\/wp-json\/wp\/v2\/product\/7463\/revisions\/11261"}],"wp:featuredmedia":[{"embeddable":true,"href":"https:\/\/www.novafloor.fi\/sv\/wp-json\/wp\/v2\/media\/3326"}],"wp:attachment":[{"href":"https:\/\/www.novafloor.fi\/sv\/wp-json\/wp\/v2\/media?parent=7463"}],"wp:term":[{"taxonomy":"product_brand","embeddable":true,"href":"https:\/\/www.novafloor.fi\/sv\/wp-json\/wp\/v2\/product_brand?post=7463"},{"taxonomy":"product_cat","embeddable":true,"href":"https:\/\/www.novafloor.fi\/sv\/wp-json\/wp\/v2\/product_cat?post=7463"},{"taxonomy":"product_tag","embeddable":true,"href":"https:\/\/www.novafloor.fi\/sv\/wp-json\/wp\/v2\/product_tag?post=7463"}],"curies":[{"name":"wp","href":"https:\/\/api.w.org\/{rel}","templated":true}]}}