{"id":7442,"date":"2025-06-13T15:03:22","date_gmt":"2025-06-13T15:03:22","guid":{"rendered":"https:\/\/www.novafloor.fi\/tuote\/okategoriserad\/parador-sl4-sanggavel-tillbehor\/"},"modified":"2026-03-15T17:58:37","modified_gmt":"2026-03-15T17:58:37","slug":"parador-sl4-sanggavel-tillbehor","status":"publish","type":"product","link":"https:\/\/www.novafloor.fi\/sv\/tillbehor\/parador-sl4-sanggavel-tillbehor\/","title":{"rendered":"PARADOR SL4 \u00e4ndstycke Tillbeh\u00f6r"},"content":{"rendered":"<p>\u00c4ndstycke f\u00f6r PARADOR SL4 golvsocklar. Vi rekommenderar att anv\u00e4nda \u00e4ndstycken, s\u00e4rskilt vid d\u00f6rrkarmar, eftersom de ger en snygg finish p\u00e5 golvsocklarna.<\/p>\n<p>F\u00f6rpackningen inneh\u00e5ller 2 st \u00e4ndstycken, 1 v\u00e4nster och 1 h\u00f6ger. \u00c4ndstyckena \u00e4r aluminiumf\u00e4rgade. Aluminiumf\u00e4rgen \u00e4r neutral och passar v\u00e4l tillsammans med golvsocklar i alla f\u00e4rger.<\/p>\n<p>Monteringen av \u00e4ndstycket \u00e4r mycket enkel \u2013 delen l\u00e5ses direkt fast i golvsockeln. Vid installationen anv\u00e4nds inget lim.<\/p>\n<p>Passar till alla PARADOR SL4-golvsocklar.<\/p>\n","protected":false},"excerpt":{"rendered":"<p>\u00c4ndstycke f\u00f6r PARADOR SL4 golvsocklar. Vi rekommenderar att anv\u00e4nda \u00e4ndstycken, s\u00e4rskilt vid d\u00f6rrkarmar, eftersom&#8230;<\/p>\n","protected":false},"featured_media":3302,"comment_status":"closed","ping_status":"closed","template":"","meta":{"_acf_changed":false,"footnotes":""},"product_brand":[118],"product_cat":[84,85],"product_tag":[],"class_list":{"0":"post-7442","1":"product","2":"type-product","3":"status-publish","4":"has-post-thumbnail","6":"product_brand-parador-sv","7":"product_cat-tillbehor","8":"product_cat-socklar","10":"first","11":"onbackorder","12":"taxable","13":"shipping-taxable","14":"purchasable","15":"product-type-simple"},"acf":[],"_links":{"self":[{"href":"https:\/\/www.novafloor.fi\/sv\/wp-json\/wp\/v2\/product\/7442","targetHints":{"allow":["GET"]}}],"collection":[{"href":"https:\/\/www.novafloor.fi\/sv\/wp-json\/wp\/v2\/product"}],"about":[{"href":"https:\/\/www.novafloor.fi\/sv\/wp-json\/wp\/v2\/types\/product"}],"replies":[{"embeddable":true,"href":"https:\/\/www.novafloor.fi\/sv\/wp-json\/wp\/v2\/comments?post=7442"}],"version-history":[{"count":2,"href":"https:\/\/www.novafloor.fi\/sv\/wp-json\/wp\/v2\/product\/7442\/revisions"}],"predecessor-version":[{"id":11258,"href":"https:\/\/www.novafloor.fi\/sv\/wp-json\/wp\/v2\/product\/7442\/revisions\/11258"}],"wp:featuredmedia":[{"embeddable":true,"href":"https:\/\/www.novafloor.fi\/sv\/wp-json\/wp\/v2\/media\/3302"}],"wp:attachment":[{"href":"https:\/\/www.novafloor.fi\/sv\/wp-json\/wp\/v2\/media?parent=7442"}],"wp:term":[{"taxonomy":"product_brand","embeddable":true,"href":"https:\/\/www.novafloor.fi\/sv\/wp-json\/wp\/v2\/product_brand?post=7442"},{"taxonomy":"product_cat","embeddable":true,"href":"https:\/\/www.novafloor.fi\/sv\/wp-json\/wp\/v2\/product_cat?post=7442"},{"taxonomy":"product_tag","embeddable":true,"href":"https:\/\/www.novafloor.fi\/sv\/wp-json\/wp\/v2\/product_tag?post=7442"}],"curies":[{"name":"wp","href":"https:\/\/api.w.org\/{rel}","templated":true}]}}