{"id":7438,"date":"2025-06-13T15:03:19","date_gmt":"2025-06-13T15:03:19","guid":{"rendered":"https:\/\/www.novafloor.fi\/tuote\/okategoriserad\/novafloor-pk-3-ek-light-chocolate-oljevaxad-golvlist\/"},"modified":"2025-06-13T15:03:19","modified_gmt":"2025-06-13T15:03:19","slug":"novafloor-pk-3-ek-light-chocolate-oljevaxad-golvlist","status":"publish","type":"product","link":"https:\/\/www.novafloor.fi\/sv\/listverk-och-trappnosar\/socklar\/novafloor-pk-3-ek-light-chocolate-oljevaxad-golvlist\/","title":{"rendered":"Novafloor PK 3 Ek Light Chocolate oljevaxad golvlist"},"content":{"rendered":"<h3>Sockellist med yta av \u00e4kta ek<\/h3>\n<p>Novafloor PK3 sockellist avslutar ditt fantastiska ekgolv. Denna golvlist \u00e4r fanerad med en yta av \u00e4kta ek, som vi oljar in tillsammans med ditt Trinity \/ Novafloor \/ HARDER ekgolv. Sockellisten \u00e4r 20 mm tjock och 60 mm h\u00f6g. L\u00e4ngden \u00e4r s\u00e5 mycket som 2380 mm.   <\/p>\n<p>F\u00f6r montering av golvlister rekommenderar vi PK3 dolda f\u00e4stelement. Med dolda f\u00e4stelement blir installationen av golvlisten optimal, eftersom inga spikar eller skruvar syns p\u00e5 listen. Inuti listen finns plats f\u00f6r en liten kabel, t.ex. f\u00f6r h\u00f6gtalarkablar. Det dolda f\u00e4stet m\u00f6jligg\u00f6r ocks\u00e5 passage av kablar.   <\/p>\n","protected":false},"excerpt":{"rendered":"<p>Sockellist med yta av \u00e4kta ek Novafloor PK3 sockellist avslutar ditt fantastiska ekgolv. Denna&#8230;<\/p>\n","protected":false},"featured_media":3294,"comment_status":"closed","ping_status":"closed","template":"","meta":{"_acf_changed":false,"footnotes":""},"product_brand":[117],"product_cat":[83,85],"product_tag":[],"class_list":{"0":"post-7438","1":"product","2":"type-product","3":"status-publish","4":"has-post-thumbnail","6":"product_brand-novafloor-sv","7":"product_cat-listverk-och-trappnosar","8":"product_cat-socklar","10":"first","11":"onbackorder","12":"taxable","13":"shipping-taxable","14":"purchasable","15":"product-type-simple"},"acf":[],"_links":{"self":[{"href":"https:\/\/www.novafloor.fi\/sv\/wp-json\/wp\/v2\/product\/7438","targetHints":{"allow":["GET"]}}],"collection":[{"href":"https:\/\/www.novafloor.fi\/sv\/wp-json\/wp\/v2\/product"}],"about":[{"href":"https:\/\/www.novafloor.fi\/sv\/wp-json\/wp\/v2\/types\/product"}],"replies":[{"embeddable":true,"href":"https:\/\/www.novafloor.fi\/sv\/wp-json\/wp\/v2\/comments?post=7438"}],"version-history":[{"count":0,"href":"https:\/\/www.novafloor.fi\/sv\/wp-json\/wp\/v2\/product\/7438\/revisions"}],"wp:featuredmedia":[{"embeddable":true,"href":"https:\/\/www.novafloor.fi\/sv\/wp-json\/wp\/v2\/media\/3294"}],"wp:attachment":[{"href":"https:\/\/www.novafloor.fi\/sv\/wp-json\/wp\/v2\/media?parent=7438"}],"wp:term":[{"taxonomy":"product_brand","embeddable":true,"href":"https:\/\/www.novafloor.fi\/sv\/wp-json\/wp\/v2\/product_brand?post=7438"},{"taxonomy":"product_cat","embeddable":true,"href":"https:\/\/www.novafloor.fi\/sv\/wp-json\/wp\/v2\/product_cat?post=7438"},{"taxonomy":"product_tag","embeddable":true,"href":"https:\/\/www.novafloor.fi\/sv\/wp-json\/wp\/v2\/product_tag?post=7438"}],"curies":[{"name":"wp","href":"https:\/\/api.w.org\/{rel}","templated":true}]}}