{"id":7428,"date":"2025-06-13T15:03:12","date_gmt":"2025-06-13T15:03:12","guid":{"rendered":"https:\/\/www.novafloor.fi\/tuote\/okategoriserad\/parador-sl3-ek-urban-grey-malad-golvlist\/"},"modified":"2026-03-13T08:47:57","modified_gmt":"2026-03-13T08:47:57","slug":"parador-sl3-ek-urban-grey-malad-golvlist","status":"publish","type":"product","link":"https:\/\/www.novafloor.fi\/sv\/listverk-och-trappnosar\/socklar\/parador-sl3-ek-urban-grey-malad-golvlist\/","title":{"rendered":"PARADOR SL3 Ek Urban Grey m\u00e5lad golvsockel"},"content":{"rendered":"<p><span style=\"font-weight: 400;\">En h\u00f6gkvalitativt och vacker golvsockel full\u00e4ndar det stilrena PARADOR-vinylgolvet.<\/span><\/p>\n<p><span style=\"font-weight: 400;\">PARADOR SL3 golvsockel har m\u00e5tten 16 \u00d7 40 \u00d7 2200 mm och profilens form \u00e4r klassisk och elegant. Inuti listen finns ett 5 mm kabelutrymme. Sockeln tillverkas av en h\u00f6gkvalitativ MDF med en yta av slitstark laminatfilm.<\/span><\/p>\n<p><span style=\"font-weight: 400;\">Till denna produkt finns dolda monteringsclips samt h\u00f6rn- och \u00e4ndstycken som tillbeh\u00f6r. Se mer p\u00e5 sidan Tillbeh\u00f6r.<\/span><\/p>\n","protected":false},"excerpt":{"rendered":"<p>En h\u00f6gkvalitativt och vacker golvsockel full\u00e4ndar det stilrena PARADOR-vinylgolvet. PARADOR SL3 golvsockel har m\u00e5tten&#8230;<\/p>\n","protected":false},"featured_media":3275,"comment_status":"closed","ping_status":"closed","template":"","meta":{"_acf_changed":false,"footnotes":""},"product_brand":[118],"product_cat":[83,85],"product_tag":[],"class_list":{"0":"post-7428","1":"product","2":"type-product","3":"status-publish","4":"has-post-thumbnail","6":"product_brand-parador-sv","7":"product_cat-listverk-och-trappnosar","8":"product_cat-socklar","10":"first","11":"instock","12":"taxable","13":"shipping-taxable","14":"purchasable","15":"product-type-simple"},"acf":[],"_links":{"self":[{"href":"https:\/\/www.novafloor.fi\/sv\/wp-json\/wp\/v2\/product\/7428","targetHints":{"allow":["GET"]}}],"collection":[{"href":"https:\/\/www.novafloor.fi\/sv\/wp-json\/wp\/v2\/product"}],"about":[{"href":"https:\/\/www.novafloor.fi\/sv\/wp-json\/wp\/v2\/types\/product"}],"replies":[{"embeddable":true,"href":"https:\/\/www.novafloor.fi\/sv\/wp-json\/wp\/v2\/comments?post=7428"}],"version-history":[{"count":2,"href":"https:\/\/www.novafloor.fi\/sv\/wp-json\/wp\/v2\/product\/7428\/revisions"}],"predecessor-version":[{"id":11040,"href":"https:\/\/www.novafloor.fi\/sv\/wp-json\/wp\/v2\/product\/7428\/revisions\/11040"}],"wp:featuredmedia":[{"embeddable":true,"href":"https:\/\/www.novafloor.fi\/sv\/wp-json\/wp\/v2\/media\/3275"}],"wp:attachment":[{"href":"https:\/\/www.novafloor.fi\/sv\/wp-json\/wp\/v2\/media?parent=7428"}],"wp:term":[{"taxonomy":"product_brand","embeddable":true,"href":"https:\/\/www.novafloor.fi\/sv\/wp-json\/wp\/v2\/product_brand?post=7428"},{"taxonomy":"product_cat","embeddable":true,"href":"https:\/\/www.novafloor.fi\/sv\/wp-json\/wp\/v2\/product_cat?post=7428"},{"taxonomy":"product_tag","embeddable":true,"href":"https:\/\/www.novafloor.fi\/sv\/wp-json\/wp\/v2\/product_tag?post=7428"}],"curies":[{"name":"wp","href":"https:\/\/api.w.org\/{rel}","templated":true}]}}