{"id":7415,"date":"2025-06-13T15:02:54","date_gmt":"2025-06-13T15:02:54","guid":{"rendered":"https:\/\/www.novafloor.fi\/tuote\/okategoriserad\/parador-hl3-vit-105-mm-golvlist\/"},"modified":"2025-06-13T15:02:54","modified_gmt":"2025-06-13T15:02:54","slug":"parador-hl3-vit-105-mm-golvlist","status":"publish","type":"product","link":"https:\/\/www.novafloor.fi\/sv\/listverk-och-trappnosar\/socklar\/parador-hl3-vit-105-mm-golvlist\/","title":{"rendered":"PARADOR HL3 Vit 105 mm golvlist"},"content":{"rendered":"<p>Den fantastiska PARADOR-parketten, -laminatet och -vinylen avslutas med en vacker golvlist av h\u00f6g kvalitet.<\/p>\n<p>PARADOR HL3 golvlist m\u00e4ter 19 x 105 x 2200 mm. Inuti listen finns ett 10 mm kabelutrymme f\u00f6r genomf\u00f6ringar. Golvlisten \u00e4r tillverkad av h\u00f6gkvalitativ MDF-ram och slitstark laminatfilm.  &nbsp;<\/p>\n<p>Denna produkt kan f\u00e5s med dolda f\u00e4stanordningar som tillval.<\/p>\n","protected":false},"excerpt":{"rendered":"<p>Den fantastiska PARADOR-parketten, -laminatet och -vinylen avslutas med en vacker golvlist av h\u00f6g kvalitet&#8230;.<\/p>\n","protected":false},"featured_media":3233,"comment_status":"closed","ping_status":"closed","template":"","meta":{"_acf_changed":false,"footnotes":""},"product_brand":[118],"product_cat":[83,85],"product_tag":[],"class_list":{"0":"post-7415","1":"product","2":"type-product","3":"status-publish","4":"has-post-thumbnail","6":"product_brand-parador-sv","7":"product_cat-listverk-och-trappnosar","8":"product_cat-socklar","10":"first","11":"instock","12":"taxable","13":"shipping-taxable","14":"purchasable","15":"product-type-simple"},"acf":[],"_links":{"self":[{"href":"https:\/\/www.novafloor.fi\/sv\/wp-json\/wp\/v2\/product\/7415","targetHints":{"allow":["GET"]}}],"collection":[{"href":"https:\/\/www.novafloor.fi\/sv\/wp-json\/wp\/v2\/product"}],"about":[{"href":"https:\/\/www.novafloor.fi\/sv\/wp-json\/wp\/v2\/types\/product"}],"replies":[{"embeddable":true,"href":"https:\/\/www.novafloor.fi\/sv\/wp-json\/wp\/v2\/comments?post=7415"}],"version-history":[{"count":0,"href":"https:\/\/www.novafloor.fi\/sv\/wp-json\/wp\/v2\/product\/7415\/revisions"}],"wp:featuredmedia":[{"embeddable":true,"href":"https:\/\/www.novafloor.fi\/sv\/wp-json\/wp\/v2\/media\/3233"}],"wp:attachment":[{"href":"https:\/\/www.novafloor.fi\/sv\/wp-json\/wp\/v2\/media?parent=7415"}],"wp:term":[{"taxonomy":"product_brand","embeddable":true,"href":"https:\/\/www.novafloor.fi\/sv\/wp-json\/wp\/v2\/product_brand?post=7415"},{"taxonomy":"product_cat","embeddable":true,"href":"https:\/\/www.novafloor.fi\/sv\/wp-json\/wp\/v2\/product_cat?post=7415"},{"taxonomy":"product_tag","embeddable":true,"href":"https:\/\/www.novafloor.fi\/sv\/wp-json\/wp\/v2\/product_tag?post=7415"}],"curies":[{"name":"wp","href":"https:\/\/api.w.org\/{rel}","templated":true}]}}