{"id":7378,"date":"2025-06-13T15:09:02","date_gmt":"2025-06-13T15:09:02","guid":{"rendered":"https:\/\/www.novafloor.fi\/tuote\/okategoriserad\/harder-205-ek-antikbrun-1-stav-oljevaxad-och-borstad-ekparkett\/"},"modified":"2026-03-09T13:43:26","modified_gmt":"2026-03-09T13:43:26","slug":"harder-205-ek-antikbrun-1-stav-oljevaxad-och-borstad-ekparkett","status":"publish","type":"product","link":"https:\/\/www.novafloor.fi\/sv\/golv\/hardade-ekgolv\/harder-205-ek-antikbrun-1-stav-oljevaxad-och-borstad-ekparkett\/","title":{"rendered":"HARDER 205 Ek Antique Brown 1-stav oljevaxad och borstad ekparkett"},"content":{"rendered":"<p><span style=\"font-weight: 400;\">HARDER by Novafloor \u00e4r en ny typ av golvbel\u00e4ggning, ett h\u00e4rdat tr\u00e4golv. Tack vare den unika Wood Powder-teknologin kombinerar ett h\u00e4rdat tr\u00e4golv sk\u00f6nheten hos \u00e4kta ekparkett, den naturliga k\u00e4nslan och en tidigare o\u00f6vertr\u00e4ffad slagt\u00e5lighet. HARDER h\u00e4rdat tr\u00e4golv ser ut och k\u00e4nns som ett brett ekplankgolv, eftersom ytan \u00e4r av \u00e4kta ek och br\u00e4dan \u00e4r hela 20,5 cm bred.<\/span><\/p>\n<p><span style=\"font-weight: 400;\">Ekytan har kombinerats med en Aquasafe-k\u00e4rna med hj\u00e4lp av den nordiska Wood Powder-innovationen, vilket g\u00f6r golvet mycket slagt\u00e5ligt. HARDER h\u00e4rdat tr\u00e4golv t\u00e5l slag till och med b\u00e4ttre \u00e4n laminatgolv. Samtidigt \u00e4r golvets yta av \u00e4kta och varm ek.<\/span><\/p>\n<p><span style=\"font-weight: 400;\">HARDER golvet ser ut och k\u00e4nns som ett ekplankgolv. Plankorna \u00e4r breda, hela 20,5 cm, och l\u00e4ngden \u00e4r 2,2 meter. Fogen mellan br\u00e4dorna \u00e4r l\u00e4tt fasad, vilket framh\u00e4ver plankk\u00e4nslan. Fasen \u00e4r liten, en s\u00e5 kallad mikrofas.<\/span><\/p>\n<h5><span style=\"font-weight: 400;\">Tyskt golv med inhemsk ytbehandling<\/span><\/h5>\n<p><span style=\"font-weight: 400;\">V\u00e5rt f\u00f6retag har redan fr\u00e5n b\u00f6rjan, sedan 2007, g\u00e5tt en annan v\u00e4g \u00e4n v\u00e5ra konkurrenter, eftersom medelm\u00e5ttiga golv inte r\u00e4cker f\u00f6r oss. D\u00e4rf\u00f6r har vi i \u00f6ver tio \u00e5r sj\u00e4lva tagit fram v\u00e5ra parkettgolv i Vasa med hj\u00e4lp av tyska leverant\u00f6rer. Nu kompletteras v\u00e5rt sortiment \u00e4ven av det nya ekgolvet HARDER by Novafloor.<\/span><\/p>\n<p><span style=\"font-weight: 400;\">P\u00e5 v\u00e5r toppmoderna, robotiserade ytbehandlingslinje i Vasa h\u00e5rdvaxoljar vi alltid v\u00e5ra parkettgolv, plankgolv och nu \u00e4ven HARDER-ekgolv enligt best\u00e4llning. Kvalitetskontroll \u00e4r en hj\u00e4rtefr\u00e5ga f\u00f6r oss, liksom de b\u00e4sta materialen och komponenterna. Vid ytbehandlingen anv\u00e4nder vi tyska naturliga h\u00e5rdvaxoljor fr\u00e5n varum\u00e4rkena Osmo Color och Saicos. Vi tillverkar ditt golv specifikt f\u00f6r dig, vilket g\u00f6r att nyansskillnader mellan olika produktionspartier inte uppst\u00e5r.<\/span><\/p>\n<p><span style=\"font-weight: 400;\">HARDER-golvet tillverkas exklusivt f\u00f6r oss av den tyska tillverkaren Meister. Teknologin bakom HARDER-golvet \u00e4r noggrant testad och har visat sig vara mycket h\u00f6gkvalitativ, baserad p\u00e5 Wood Powder-teknologi utvecklad av Meister och det svenska f\u00f6retaget V\u00e4linge.<\/span><\/p>\n<h5><span style=\"font-weight: 400;\">H\u00e5llbar utveckling och ren inomhusluft<\/span><\/h5>\n<p><span style=\"font-weight: 400;\">Till HARDER-golvet anv\u00e4nds PEFC-certifierat tr\u00e4 fr\u00e5n kontrollerade och h\u00e5llbart sk\u00f6tta skogar. Alla r\u00e5material som anv\u00e4nds i HARDER-golvet v\u00e4ljs noggrant f\u00f6r att vara emissionsfria eller s\u00e5 l\u00e5gemitterande som m\u00f6jligt, f\u00f6r att s\u00e4kerst\u00e4lla en ren inomhusluft.<\/span><\/p>\n<h5><span style=\"font-weight: 400;\">Ett unikt slagt\u00e5ligt golv<\/span><\/h5>\n<p><span style=\"font-weight: 400;\">HARDER \u00e4r en helt ny typ av golvbel\u00e4ggning d\u00e4r den naturliga sk\u00f6nheten, livfullheten och v\u00e4rmen hos \u00e4kta \u00e4deltr\u00e4parkett kombineras med en ny golvteknologi. Resultatet \u00e4r ett \u00e4deltr\u00e4golv som ser ut och k\u00e4nns som bred ekparkett och som till och med t\u00e5l slag b\u00e4ttre \u00e4n laminatgolv.<\/span><\/p>\n<p><span style=\"font-weight: 400;\">Golvet beh\u00f6ver inte och kan inte slipas p\u00e5 samma s\u00e4tt som traditionell parkett, eftersom det inte slits p\u00e5 samma s\u00e4tt som parkett med mjukare yta. N\u00e4r golvets oljeyta har slitits kan golvet enkelt f\u00f6rnyas med en behandling med sk\u00f6tselolja. Oljebehandlingen \u00e4r ocks\u00e5 l\u00e4tt att g\u00f6ra sj\u00e4lv, fr\u00e5ga oss g\u00e4rna om mer detaljerade instruktioner.<\/span><\/p>\n<p><span style=\"font-weight: 400;\">Golvens h\u00f6ga kvalitet bekr\u00e4ftas ocks\u00e5 av en l\u00e5ng produktgaranti p\u00e5 20 \u00e5r f\u00f6r hemmabruk.<\/span><\/p>\n<h5><span style=\"font-weight: 400;\">Utm\u00e4rkt fuktskydd<\/span><\/h5>\n<p><span style=\"font-weight: 400;\">I HARDER-golvet anv\u00e4nds en Aquasafe-k\u00e4rna av tr\u00e4fibermaterial som g\u00f6r golvet formstabilt och motst\u00e5ndskraftigt mot st\u00e4nkvatten. Dessutom fuktskyddas varje br\u00e4da l\u00e4ngs kanterna f\u00f6re monteringen. Tack vare fuktskyddet tr\u00e4nger v\u00e4tskor inte genast in i tr\u00e4et via kanterna, och golvets egenskaper bevaras under m\u00e5nga \u00e5r. Tack vare sina egenskaper l\u00e4mpar sig HARDER ocks\u00e5 v\u00e4l som golv i offentliga milj\u00f6er.<\/span><\/p>\n<h5><span style=\"font-weight: 400;\">Vackert och harmoniskt golv<\/span><\/h5>\n<p><span style=\"font-weight: 400;\">Vid tillverkningen av HARDER-golvet anv\u00e4nds utvalda ekfan\u00e9r fr\u00e5n sorteringen Natural. De naturliga nyansvariationerna och den livfulla \u00e5dringen som \u00e4r typiska f\u00f6r sorteringen framh\u00e4ver tillsammans golvets plankliknande utseende. Golvet har endast f\u00e5 kvistar. Kvistpartierna \u00e4r m\u00f6rka eller ljusa, och f\u00e4rgen p\u00e5 den anv\u00e4nda oljevaxet p\u00e5verkar kvistens nyans. Kvistpartierna \u00e4r n\u00e5got neds\u00e4nkta.<\/span><\/p>\n<h5><span style=\"font-weight: 400;\">Installation och golvv\u00e4rme<\/span><\/h5>\n<p><span style=\"font-weight: 400;\">HARDER h\u00e4rdat tr\u00e4golv l\u00e4mpar sig v\u00e4l f\u00f6r golvv\u00e4rme, b\u00e5de elektrisk och vattenburen. Vid elektrisk golvv\u00e4rme \u00e4r det viktigt att v\u00e4rmen \u00e4r j\u00e4mn. Uppv\u00e4rmning enbart med nattel rekommenderas inte.<\/span><\/p>\n<p><span style=\"font-weight: 400;\">MasterClick Plus-l\u00e5ssystemet g\u00f6r installationen av HARDER-golvet enkel och snabb. L\u00e5ssystemet \u00e4r behagligt att arbeta med eftersom varje br\u00e4da kan f\u00e4llas ner direkt. Detta g\u00f6r installationen betydligt snabbare.<\/span><\/p>\n<h5><span style=\"font-weight: 400;\">\u00d6vrigt<\/span><\/h5>\n<p><span style=\"font-weight: 400;\">Tydliga och bra installationsanvisningar levereras tillsammans med golvet.<\/span><\/p>\n","protected":false},"excerpt":{"rendered":"<p>HARDER by Novafloor \u00e4r en ny typ av golvbel\u00e4ggning, ett h\u00e4rdat tr\u00e4golv. Tack vare&#8230;<\/p>\n","protected":false},"featured_media":3939,"comment_status":"closed","ping_status":"closed","template":"","meta":{"_acf_changed":false,"footnotes":""},"product_brand":[121],"product_cat":[75,76],"product_tag":[],"class_list":{"0":"post-7378","1":"product","2":"type-product","3":"status-publish","4":"has-post-thumbnail","6":"product_brand-hardare-hardade-ekgolv","7":"product_cat-golv","8":"product_cat-hardade-ekgolv","10":"first","11":"onbackorder","12":"taxable","13":"shipping-taxable","14":"purchasable","15":"product-type-simple"},"acf":[],"_links":{"self":[{"href":"https:\/\/www.novafloor.fi\/sv\/wp-json\/wp\/v2\/product\/7378","targetHints":{"allow":["GET"]}}],"collection":[{"href":"https:\/\/www.novafloor.fi\/sv\/wp-json\/wp\/v2\/product"}],"about":[{"href":"https:\/\/www.novafloor.fi\/sv\/wp-json\/wp\/v2\/types\/product"}],"replies":[{"embeddable":true,"href":"https:\/\/www.novafloor.fi\/sv\/wp-json\/wp\/v2\/comments?post=7378"}],"version-history":[{"count":1,"href":"https:\/\/www.novafloor.fi\/sv\/wp-json\/wp\/v2\/product\/7378\/revisions"}],"predecessor-version":[{"id":10935,"href":"https:\/\/www.novafloor.fi\/sv\/wp-json\/wp\/v2\/product\/7378\/revisions\/10935"}],"wp:featuredmedia":[{"embeddable":true,"href":"https:\/\/www.novafloor.fi\/sv\/wp-json\/wp\/v2\/media\/3939"}],"wp:attachment":[{"href":"https:\/\/www.novafloor.fi\/sv\/wp-json\/wp\/v2\/media?parent=7378"}],"wp:term":[{"taxonomy":"product_brand","embeddable":true,"href":"https:\/\/www.novafloor.fi\/sv\/wp-json\/wp\/v2\/product_brand?post=7378"},{"taxonomy":"product_cat","embeddable":true,"href":"https:\/\/www.novafloor.fi\/sv\/wp-json\/wp\/v2\/product_cat?post=7378"},{"taxonomy":"product_tag","embeddable":true,"href":"https:\/\/www.novafloor.fi\/sv\/wp-json\/wp\/v2\/product_tag?post=7378"}],"curies":[{"name":"wp","href":"https:\/\/api.w.org\/{rel}","templated":true}]}}