{"id":7321,"date":"2025-06-13T15:06:50","date_gmt":"2025-06-13T15:06:50","guid":{"rendered":"https:\/\/www.novafloor.fi\/tuote\/okategoriserad\/parador-trendtime-3-ek-oxford-naturligt-fiskbensmonstrat-vinylgolv\/"},"modified":"2026-03-08T08:07:38","modified_gmt":"2026-03-08T08:07:38","slug":"parador-trendtime-3-ek-oxford-naturligt-fiskbensmonstrat-vinylgolv","status":"publish","type":"product","link":"https:\/\/www.novafloor.fi\/sv\/golv\/fiskbensgolv\/parador-trendtime-3-ek-oxford-naturligt-fiskbensmonstrat-vinylgolv\/","title":{"rendered":"PARADOR Trendtime 3 Ek Oxford Natural Wood fiskbensm\u00f6nstrat vinylgolv"},"content":{"rendered":"<p><strong>100% VATTENAVVISANDE FISKBENSM\u00d6NSTRAT VINYLGOLV<\/strong><\/p>\n<p>Den tyska marknadsledaren Parador presenterade inf\u00f6r 2024 denna nya generation vinylgolv i fiskbensm\u00f6nster. Golvet \u00e4r 100 % vattent\u00e5ligt och l\u00e4mpar sig f\u00f6r b\u00e5de offentliga milj\u00f6er och hemmabruk. Det \u00e4r mycket slitstarkt och tack vare den h\u00f6gkvalitativa SPC-kompositstommen \u00e4r golvet extremt formstabilt med minimal r\u00f6relse.<\/p>\n<p><strong>TYSK KVALITET I TOPPKLASS<\/strong><\/p>\n<p>Trendtime 3 SPC vinylgolv \u00e4r tillverkat av h\u00f6gkvalitativa material med l\u00e5ga utsl\u00e4pp. Tack vare det l\u00e5sbara klickgolvet \u00e4r det enkelt och exakt att installera.<\/p>\n<p data-start=\"620\" data-end=\"1083\">Under golvet installeras Parador RIGID-underlagsmatta. Fiskbensplankorna har ingen integrerad stegljudsd\u00e4mpning, utan ljudreduktionen uppn\u00e5s med hj\u00e4lp av Parador RIGID-underlaget. Den integrerade underlagsmattan har utel\u00e4mnats f\u00f6r att golvet vid behov \u00e4ven ska kunna limmas direkt mot underlaget. Vid hemmabruk anv\u00e4nds RIGID-underlagsmatta och golvet limmas inte fast. I offentliga milj\u00f6er kan limning vara ett l\u00e4mpligt alternativ, s\u00e4rskilt vid mycket stora ytor.<\/p>\n<p data-start=\"1085\" data-end=\"1143\">Installationsanvisningar medf\u00f6ljer i produktf\u00f6rpackningen.<\/p>\n","protected":false},"excerpt":{"rendered":"<p>100% VATTENAVVISANDE FISKBENSM\u00d6NSTRAT VINYLGOLV Den tyska marknadsledaren Parador presenterade inf\u00f6r 2024 denna nya generation&#8230;<\/p>\n","protected":false},"featured_media":3779,"comment_status":"closed","ping_status":"closed","template":"","meta":{"_acf_changed":false,"footnotes":""},"product_brand":[118],"product_cat":[143,80,75],"product_tag":[],"class_list":{"0":"post-7321","1":"product","2":"type-product","3":"status-publish","4":"has-post-thumbnail","6":"product_brand-parador-sv","7":"product_cat-fiskbensgolv","8":"product_cat-vinylgolv","9":"product_cat-golv","11":"first","12":"instock","13":"taxable","14":"shipping-taxable","15":"purchasable","16":"product-type-simple"},"acf":[],"_links":{"self":[{"href":"https:\/\/www.novafloor.fi\/sv\/wp-json\/wp\/v2\/product\/7321","targetHints":{"allow":["GET"]}}],"collection":[{"href":"https:\/\/www.novafloor.fi\/sv\/wp-json\/wp\/v2\/product"}],"about":[{"href":"https:\/\/www.novafloor.fi\/sv\/wp-json\/wp\/v2\/types\/product"}],"replies":[{"embeddable":true,"href":"https:\/\/www.novafloor.fi\/sv\/wp-json\/wp\/v2\/comments?post=7321"}],"version-history":[{"count":1,"href":"https:\/\/www.novafloor.fi\/sv\/wp-json\/wp\/v2\/product\/7321\/revisions"}],"predecessor-version":[{"id":10525,"href":"https:\/\/www.novafloor.fi\/sv\/wp-json\/wp\/v2\/product\/7321\/revisions\/10525"}],"wp:featuredmedia":[{"embeddable":true,"href":"https:\/\/www.novafloor.fi\/sv\/wp-json\/wp\/v2\/media\/3779"}],"wp:attachment":[{"href":"https:\/\/www.novafloor.fi\/sv\/wp-json\/wp\/v2\/media?parent=7321"}],"wp:term":[{"taxonomy":"product_brand","embeddable":true,"href":"https:\/\/www.novafloor.fi\/sv\/wp-json\/wp\/v2\/product_brand?post=7321"},{"taxonomy":"product_cat","embeddable":true,"href":"https:\/\/www.novafloor.fi\/sv\/wp-json\/wp\/v2\/product_cat?post=7321"},{"taxonomy":"product_tag","embeddable":true,"href":"https:\/\/www.novafloor.fi\/sv\/wp-json\/wp\/v2\/product_tag?post=7321"}],"curies":[{"name":"wp","href":"https:\/\/api.w.org\/{rel}","templated":true}]}}