{"id":7307,"date":"2025-06-13T15:06:33","date_gmt":"2025-06-13T15:06:33","guid":{"rendered":"https:\/\/www.novafloor.fi\/tuote\/okategoriserad\/parador-classic-2070-oak-royal-whitewashed-1-stavs-vinylgolv\/"},"modified":"2026-03-17T07:41:42","modified_gmt":"2026-03-17T07:41:42","slug":"parador-classic-2070-oak-royal-whitewashed-1-stavs-vinylgolv","status":"publish","type":"product","link":"https:\/\/www.novafloor.fi\/sv\/golv\/vinylgolv\/parador-classic-2070-oak-royal-whitewashed-1-stavs-vinylgolv\/","title":{"rendered":"PARADOR Classic 2070 Ek Royal Whitewashed 1-stavs vinylgolv"},"content":{"rendered":"<p><strong>HELT VATTENAVVISANDE VINYLPLANKGOLV MED UTSL\u00c4PPSKLASS M1<\/strong><\/p>\n<p>Parador Classic 2070-seriens vinylplankgolv l\u00e4mpar sig utm\u00e4rkt b\u00e5de f\u00f6r hemmilj\u00f6er och f\u00f6r offentliga utrymmen. Golvet har h\u00f6g slitstyrka i slitklass KL33, t\u00e5l h\u00e5rt slitage och \u00e4r helt vattent\u00e5ligt. Denna tyska kvalitetsprodukt \u00e4r s\u00e4ker och sj\u00e4lvklart helt fri fr\u00e5n ftalater. Golvet uppfyller den b\u00e4sta utsl\u00e4ppsklassificeringen f\u00f6r byggmaterial, M1.<\/p>\n<p>Vinylplankorna \u00e4r uppbyggda med en modern SPC-k\u00e4rna, \u00e4ven kallad stenkomposit. En av de st\u00f6rsta f\u00f6rdelarna med Paradors SPC-vinylgolv j\u00e4mf\u00f6rt med traditionella vinylplankor \u00e4r att direkt solljus och v\u00e4rme inte orsakar n\u00e5gon sv\u00e4llning i golvet. P\u00e5 plankans undersida finns ett integrerat stegljudsd\u00e4mpning av h\u00f6g kvalitet, vilket inneb\u00e4r att inget separat stegljudsd\u00e4mpning beh\u00f6vs.<\/p>\n<p><strong>B\u00c4STA KOMFORT OCH SLITSTYRKA<\/strong><\/p>\n<p>Vinylplankor \u00e4r mycket h\u00e5llbara och t\u00e5liga mot slitage och \u00e4r dessutom helt vattent\u00e4ta. Classic 2070-golvet har en garanti p\u00e5 upp till 25 \u00e5r f\u00f6r hemmabruk och 10 \u00e5r f\u00f6r offentliga utrymmen. Golvet \u00e4r dessutom antistatiskt och antibakteriellt. Sj\u00e4lvklart l\u00e4mpar det sig \u00e4ven utm\u00e4rkt f\u00f6r b\u00e5de vattenburen och elektrisk golvv\u00e4rme. Vinylplankans totala tjocklek p\u00e5 6 mm g\u00f6r golvet till ett utm\u00e4rkt val \u00e4ven vid renovering.<\/p>\n<p>Plankornas kanter har diskreta fasningar som f\u00f6rst\u00e4rker golvets plankk\u00e4nsla. Tack vare modern tysk tillverkningsteknik f\u00f6r att golvet ser ut som ett riktigt tr\u00e4golv.<\/p>\n<p><strong>INSTALLATION OCH GOLVV\u00c4RME<\/strong><\/p>\n<p data-start=\"1582\" data-end=\"1856\">Installationen av SPC-vinylplankgolvet \u00e4r mycket enkel tack vare Paradors h\u00f6gkvalitativa klickl\u00e5s. Golvet \u00e4r l\u00e4tt att installera \u00e4ven f\u00f6r den som l\u00e4gger vinylgolv f\u00f6r f\u00f6rsta g\u00e5ngen. Det \u00e4r v\u00e4l l\u00e4mpat f\u00f6r installation tillsammans med b\u00e5de vattenburen och elektrisk golvv\u00e4rme.<\/p>\n<p data-start=\"1858\" data-end=\"2190\">F\u00f6re installation ska Solmer underlagsmatta f\u00f6r vinyl l\u00e4ggas p\u00e5 undergolvet. Underlagsmattans uppgift \u00e4r enbart att s\u00e4kerst\u00e4lla att eventuell oj\u00e4mnhet eller grovhet i undergolvet inte orsakar on\u00f6dig friktion mellan vinylplankorna och underlaget. Best\u00e4ll Solmer underlagsmatta enkelt i v\u00e5r webbshop samtidigt som du best\u00e4ller golvet.<\/p>\n","protected":false},"excerpt":{"rendered":"<p>HELT VATTENAVVISANDE VINYLPLANKGOLV MED UTSL\u00c4PPSKLASS M1 Parador Classic 2070-seriens vinylplankgolv l\u00e4mpar sig utm\u00e4rkt b\u00e5de&#8230;<\/p>\n","protected":false},"featured_media":3745,"comment_status":"closed","ping_status":"closed","template":"","meta":{"_acf_changed":false,"footnotes":""},"product_brand":[118],"product_cat":[80,75],"product_tag":[],"class_list":{"0":"post-7307","1":"product","2":"type-product","3":"status-publish","4":"has-post-thumbnail","6":"product_brand-parador-sv","7":"product_cat-vinylgolv","8":"product_cat-golv","10":"first","11":"instock","12":"taxable","13":"shipping-taxable","14":"purchasable","15":"product-type-simple"},"acf":[],"_links":{"self":[{"href":"https:\/\/www.novafloor.fi\/sv\/wp-json\/wp\/v2\/product\/7307","targetHints":{"allow":["GET"]}}],"collection":[{"href":"https:\/\/www.novafloor.fi\/sv\/wp-json\/wp\/v2\/product"}],"about":[{"href":"https:\/\/www.novafloor.fi\/sv\/wp-json\/wp\/v2\/types\/product"}],"replies":[{"embeddable":true,"href":"https:\/\/www.novafloor.fi\/sv\/wp-json\/wp\/v2\/comments?post=7307"}],"version-history":[{"count":2,"href":"https:\/\/www.novafloor.fi\/sv\/wp-json\/wp\/v2\/product\/7307\/revisions"}],"predecessor-version":[{"id":11443,"href":"https:\/\/www.novafloor.fi\/sv\/wp-json\/wp\/v2\/product\/7307\/revisions\/11443"}],"wp:featuredmedia":[{"embeddable":true,"href":"https:\/\/www.novafloor.fi\/sv\/wp-json\/wp\/v2\/media\/3745"}],"wp:attachment":[{"href":"https:\/\/www.novafloor.fi\/sv\/wp-json\/wp\/v2\/media?parent=7307"}],"wp:term":[{"taxonomy":"product_brand","embeddable":true,"href":"https:\/\/www.novafloor.fi\/sv\/wp-json\/wp\/v2\/product_brand?post=7307"},{"taxonomy":"product_cat","embeddable":true,"href":"https:\/\/www.novafloor.fi\/sv\/wp-json\/wp\/v2\/product_cat?post=7307"},{"taxonomy":"product_tag","embeddable":true,"href":"https:\/\/www.novafloor.fi\/sv\/wp-json\/wp\/v2\/product_tag?post=7307"}],"curies":[{"name":"wp","href":"https:\/\/api.w.org\/{rel}","templated":true}]}}