{"id":7305,"date":"2025-06-13T15:06:31","date_gmt":"2025-06-13T15:06:31","guid":{"rendered":"https:\/\/www.novafloor.fi\/tuote\/okategoriserad\/parador-modular-one-lark-apollo-natural-1-stavs-vinylgolv\/"},"modified":"2026-04-06T17:07:47","modified_gmt":"2026-04-06T17:07:47","slug":"parador-modular-one-lark-apollo-natural-1-stavs-vinylgolv","status":"publish","type":"product","link":"https:\/\/www.novafloor.fi\/sv\/erbjudanden\/parador-modular-one-lark-apollo-natural-1-stavs-vinylgolv\/","title":{"rendered":"PARADOR Modular ONE L\u00e4rk Apollo Natural 1-stavs vinylgolv"},"content":{"rendered":"<p>Parador Modular One \u00e4r golvbranschens mest innovativa nyhet. Det kombinerar tr\u00e4ets naturliga utseende och k\u00e4nsla med vinylgolvets slitstyrka, v\u00e4rme och enkla underh\u00e5ll.<\/p>\n<p>Modular One vinylkorkgolv uppfyller de h\u00f6gsta kraven p\u00e5 ekologi och god inomhusluft. Vid tillverkningen anv\u00e4nds varken mjukg\u00f6rare eller PVC. Modular One tillverkas i Tyskland med tyska r\u00e5varor. Det h\u00e4r vinylgolvet \u00e4r verkligen &#8221;Made in Germany&#8221;.<br \/>\n<strong><br \/>\nUTSEENDE OCH K\u00c4NSLA SOM ETT RIKTIGT TR\u00c4GOLV<\/strong><\/p>\n<p data-start=\"561\" data-end=\"808\">Tack vare en unik ytteknologi ser golvet ut och k\u00e4nns som riktigt tr\u00e4. Ytan \u00e4r mycket matt, helt utan plastk\u00e4nsla, och p\u00e5minner om oljad ek \u2013 varm och behaglig att g\u00e5 p\u00e5.<\/p>\n<p data-start=\"810\" data-end=\"1089\">Den elastiska ytan i kombination med ett lager naturlig kork p\u00e5 baksidan av plankan g\u00f6r golvet extra tyst och komfortabelt. F\u00f6r dig som vill ha maximal ljudd\u00e4mpning rekommenderar vi att komplettera med Silence-underlagsmatta, vilket ger en komplett och akustiskt optimal l\u00f6sning.<\/p>\n<p data-start=\"1091\" data-end=\"1376\">Modular One-vinylplankorna \u00e4r 235 mm breda och 2200 mm l\u00e5nga. Det gener\u00f6sa plankformatet ger golvet ett lugnt och exklusivt uttryck. Plankornas l\u00e5ngsidor och \u00e4ndar \u00e4r l\u00e4tt fasade, vilket f\u00f6rst\u00e4rker det plankliknande utseendet ytterligare. Golvet \u00e4r dessutom mycket l\u00e4tt att h\u00e5lla rent.<\/p>\n<p><strong>EKOLOGISKA OCH PVC\/TALATFRIA VINYLGOLV<\/strong><\/p>\n<p>Modular One \u00e4r det b\u00e4sta som vinylgolv kan erbjuda. Det \u00e4r tillverkat helt av tyska r\u00e5material, fritt fr\u00e5n PVC och plastmjukg\u00f6rare, och \u00e4r idealiskt f\u00f6r b\u00e5de bost\u00e4der och offentliga utrymmen. Den traditionella PVC-ytan har ersatts av en v\u00e4l unders\u00f6kt PP-bel\u00e4ggning.<\/p>\n<p>PP-plastbel\u00e4ggningen g\u00f6r att golvet inte bara \u00e4r utsl\u00e4ppsfritt utan ocks\u00e5 mycket slitstarkt och fuktbest\u00e4ndigt. Dessutom \u00e4r vinylbaksidan elastisk och fuktt\u00e5lig, vilket g\u00f6r Modular One-golvet l\u00e4mpligt f\u00f6r anv\u00e4ndning i fuktiga utrymmen, t.ex. intill en duschkabin.<\/p>\n<p>Modular One-golv \u00e4r certifierade f\u00f6r rumsluft. Detta bevisas av den tyska certifieringen Blauer Engel, det internationella Floorscore-certifikatet och Klasse A+- och T\u00dcV-certifieringarna.<\/p>\n<p><strong>KR\u00c4V DET B\u00c4STA &#8211; V\u00c4LJ MODULAR ONE<\/strong><\/p>\n<p data-start=\"2008\" data-end=\"2273\">Tiden f\u00f6r traditionella, massiva PVC-vinylgolv \u00e4r f\u00f6rbi. Modular One \u00e4r ett vinylgolv av n\u00e4sta generation, s\u00e4rskilt v\u00e4l anpassat f\u00f6r nordiska f\u00f6rh\u00e5llanden. Golvet \u00e4r mycket dimensionsstabilt och p\u00e5verkas inte av exempelvis starkt solljus eller v\u00e4rme under sommaren.<\/p>\n<p data-start=\"2275\" data-end=\"2591\">Det elastiska materialet g\u00f6r golvet l\u00e4mpligt \u00e4ven f\u00f6r n\u00e5got oj\u00e4mna undergolv, vilket \u00e4r en f\u00f6rdel vid renovering. I m\u00e5nga fall kan golvet installeras utan separat stegljudsunderlag. Vid installation p\u00e5 betong kr\u00e4vs dock alltid \u00e5ngsp\u00e4rr. P\u00e5 torra underlag, s\u00e5som gips- eller sp\u00e5nskivor, kan golvet installeras direkt.<\/p>\n<p data-start=\"2593\" data-end=\"2713\">F\u00f6r maximal ljudreduktion rekommenderas Meister Silence-akustikmatta, som finns att k\u00f6pa under Tillbeh\u00f6r i v\u00e5r webbutik.<\/p>\n<p><strong>ENKLAST ATT INSTALLERA<\/strong><\/p>\n<p data-start=\"2715\" data-end=\"3127\">Tunna vinylgolv har ofta svaga och sm\u00e5 l\u00e5ssystem, men Modular One \u00e4r hela 8 mm tjockt, vilket ger utrymme f\u00f6r ett stabilt och brett l\u00e5ssystem. Detta underl\u00e4ttar monteringen avsev\u00e4rt, s\u00e4rskilt f\u00f6r den som l\u00e4gger klickgolv f\u00f6r f\u00f6rsta g\u00e5ngen. F\u00f6r installationen beh\u00f6vs endast ett f\u00e5tal verktyg \u2013 fr\u00e4mst en bra s\u00e5g och ett m\u00e5ttband.<\/p>\n<p data-start=\"3129\" data-end=\"3216\">V\u00e5r kundservice hj\u00e4lper dig g\u00e4rna med alla fr\u00e5gor som r\u00f6r installation och val av golv.<\/p>\n","protected":false},"excerpt":{"rendered":"<p>Parador Modular One \u00e4r golvbranschens mest innovativa nyhet. Det kombinerar tr\u00e4ets naturliga utseende och&#8230;<\/p>\n","protected":false},"featured_media":3741,"comment_status":"closed","ping_status":"closed","template":"","meta":{"_acf_changed":false,"footnotes":""},"product_brand":[118],"product_cat":[95,80,75,70],"product_tag":[],"class_list":{"0":"post-7305","1":"product","2":"type-product","3":"status-publish","4":"has-post-thumbnail","6":"product_brand-parador-sv","7":"product_cat-erbjudanden","8":"product_cat-vinylgolv","9":"product_cat-golv","10":"product_cat-tarjouksessa","12":"first","13":"instock","14":"sale","15":"taxable","16":"shipping-taxable","17":"purchasable","18":"product-type-simple"},"acf":[],"_links":{"self":[{"href":"https:\/\/www.novafloor.fi\/sv\/wp-json\/wp\/v2\/product\/7305","targetHints":{"allow":["GET"]}}],"collection":[{"href":"https:\/\/www.novafloor.fi\/sv\/wp-json\/wp\/v2\/product"}],"about":[{"href":"https:\/\/www.novafloor.fi\/sv\/wp-json\/wp\/v2\/types\/product"}],"replies":[{"embeddable":true,"href":"https:\/\/www.novafloor.fi\/sv\/wp-json\/wp\/v2\/comments?post=7305"}],"version-history":[{"count":1,"href":"https:\/\/www.novafloor.fi\/sv\/wp-json\/wp\/v2\/product\/7305\/revisions"}],"predecessor-version":[{"id":10387,"href":"https:\/\/www.novafloor.fi\/sv\/wp-json\/wp\/v2\/product\/7305\/revisions\/10387"}],"wp:featuredmedia":[{"embeddable":true,"href":"https:\/\/www.novafloor.fi\/sv\/wp-json\/wp\/v2\/media\/3741"}],"wp:attachment":[{"href":"https:\/\/www.novafloor.fi\/sv\/wp-json\/wp\/v2\/media?parent=7305"}],"wp:term":[{"taxonomy":"product_brand","embeddable":true,"href":"https:\/\/www.novafloor.fi\/sv\/wp-json\/wp\/v2\/product_brand?post=7305"},{"taxonomy":"product_cat","embeddable":true,"href":"https:\/\/www.novafloor.fi\/sv\/wp-json\/wp\/v2\/product_cat?post=7305"},{"taxonomy":"product_tag","embeddable":true,"href":"https:\/\/www.novafloor.fi\/sv\/wp-json\/wp\/v2\/product_tag?post=7305"}],"curies":[{"name":"wp","href":"https:\/\/api.w.org\/{rel}","templated":true}]}}