{"id":7103,"date":"2025-06-13T19:13:14","date_gmt":"2025-06-13T19:13:14","guid":{"rendered":"https:\/\/www.novafloor.fi\/tuote\/okategoriserad\/meister-silence-20-underlag-for-torra-ytor\/"},"modified":"2026-03-13T13:10:22","modified_gmt":"2026-03-13T13:10:22","slug":"meister-silence-20-underlag-for-torra-ytor","status":"publish","type":"product","link":"https:\/\/www.novafloor.fi\/sv\/tillbehor\/stegljudsisolering\/meister-silence-20-underlag-for-torra-ytor\/","title":{"rendered":"Meister Silence 20 Underlagsmatta f\u00f6r torra ytor"},"content":{"rendered":"<p data-start=\"0\" data-end=\"77\">Underlagsmattans kvalitet har stor betydelse f\u00f6r slutresultatet p\u00e5 golvet. V\u00e4lj den utm\u00e4rkta Silence 20-underlagsmattan n\u00e4r du vill installera parkett, h\u00e4rdat ekgolv eller till exempel laminat p\u00e5 ett torrt undergolv. Med torrt undergolv avses gammalt tr\u00e4golv, gipsskiva, OSB- eller sp\u00e5nskiva samt h\u00e5rd plastmatta.<\/p>\n<p data-start=\"327\" data-end=\"746\">Silence 20-underlagsmattan\u00a0\u00e4r mineralbaserad och f\u00f6rst\u00e4rkt med fiberduk. Underlagsmattan inneh\u00e5ller ingen fuktsp\u00e4rr. Silence 20-underlagsmattan \u00e4r elastisk och d\u00e4mpar stegljud effektivt. Tryckh\u00e5llfastheten \u00e4r h\u00f6g, vilket g\u00f6r underlagsmattan s\u00e4rskilt l\u00e4mplig som underlag f\u00f6r parkett, h\u00e4rdat ekgolv och laminat. N\u00e4r det g\u00e4ller vinylgolv b\u00f6r man kontrollera om vinylen \u00f6verhuvudtaget beh\u00f6ver extra stegljudsd\u00e4mpning.<\/p>\n<p data-start=\"748\" data-end=\"880\">Underlagsmattan installeras med den blankare sidan upp\u00e5t. Produkten l\u00e4mpar sig b\u00e5de f\u00f6r elektrisk och vattenburen golvv\u00e4rme.<\/p>\n<p data-start=\"882\" data-end=\"1129\">Silence 20-underlagsmattan har en tjocklek p\u00e5 2,5 mm, en bredd p\u00e5 1 m och rullstorleken \u00e4r 7 m\u00b2. Underlagsmattans vikt \u00e4r 2,0 kg\/m\u00b2. Stegljudsd\u00e4mpning upp till 19 dB och ljudet fr\u00e5n steg i rummet minskar upp till 28 %.<\/p>\n<p data-start=\"1131\" data-end=\"1304\" data-is-last-node=\"\" data-is-only-node=\"\">Om ditt undergolv \u00e4r betong eller gipsavj\u00e4mning, anv\u00e4nd i st\u00e4llet Silence 15-underlagsmattan, som \u00e4ven inneh\u00e5ller fuktsp\u00e4rr. Silence 20 inneh\u00e5ller ingen fuktsp\u00e4rr.<\/p>\n","protected":false},"excerpt":{"rendered":"<p>Underlagsmattans kvalitet har stor betydelse f\u00f6r slutresultatet p\u00e5 golvet. V\u00e4lj den utm\u00e4rkta Silence 20-underlagsmattan&#8230;<\/p>\n","protected":false},"featured_media":4039,"comment_status":"closed","ping_status":"closed","template":"","meta":{"_acf_changed":false,"footnotes":""},"product_brand":[116],"product_cat":[84,88],"product_tag":[],"class_list":{"0":"post-7103","1":"product","2":"type-product","3":"status-publish","4":"has-post-thumbnail","6":"product_brand-meister","7":"product_cat-tillbehor","8":"product_cat-stegljudsisolering","10":"first","11":"instock","12":"taxable","13":"shipping-taxable","14":"purchasable","15":"product-type-simple"},"acf":[],"_links":{"self":[{"href":"https:\/\/www.novafloor.fi\/sv\/wp-json\/wp\/v2\/product\/7103","targetHints":{"allow":["GET"]}}],"collection":[{"href":"https:\/\/www.novafloor.fi\/sv\/wp-json\/wp\/v2\/product"}],"about":[{"href":"https:\/\/www.novafloor.fi\/sv\/wp-json\/wp\/v2\/types\/product"}],"replies":[{"embeddable":true,"href":"https:\/\/www.novafloor.fi\/sv\/wp-json\/wp\/v2\/comments?post=7103"}],"version-history":[{"count":2,"href":"https:\/\/www.novafloor.fi\/sv\/wp-json\/wp\/v2\/product\/7103\/revisions"}],"predecessor-version":[{"id":11226,"href":"https:\/\/www.novafloor.fi\/sv\/wp-json\/wp\/v2\/product\/7103\/revisions\/11226"}],"wp:featuredmedia":[{"embeddable":true,"href":"https:\/\/www.novafloor.fi\/sv\/wp-json\/wp\/v2\/media\/4039"}],"wp:attachment":[{"href":"https:\/\/www.novafloor.fi\/sv\/wp-json\/wp\/v2\/media?parent=7103"}],"wp:term":[{"taxonomy":"product_brand","embeddable":true,"href":"https:\/\/www.novafloor.fi\/sv\/wp-json\/wp\/v2\/product_brand?post=7103"},{"taxonomy":"product_cat","embeddable":true,"href":"https:\/\/www.novafloor.fi\/sv\/wp-json\/wp\/v2\/product_cat?post=7103"},{"taxonomy":"product_tag","embeddable":true,"href":"https:\/\/www.novafloor.fi\/sv\/wp-json\/wp\/v2\/product_tag?post=7103"}],"curies":[{"name":"wp","href":"https:\/\/api.w.org\/{rel}","templated":true}]}}