{"id":7047,"date":"2025-06-17T07:24:55","date_gmt":"2025-06-17T07:24:55","guid":{"rendered":"https:\/\/www.novafloor.fi\/tuote\/okategoriserad\/trinity-origin-xl-ek-dark-chocolate-plankgolv-handsnidat-och-oljevaxat\/"},"modified":"2026-02-14T11:05:43","modified_gmt":"2026-02-14T11:05:43","slug":"trinity-origin-xl-ek-dark-chocolate-plankgolv-handsnidat-och-oljevaxat","status":"publish","type":"product","link":"https:\/\/www.novafloor.fi\/sv\/golv\/golv-av-ek-fran-trinity\/snidad-planka\/trinity-origin-xl-ek-dark-chocolate-plankgolv-handsnidat-och-oljevaxat\/","title":{"rendered":"Trinity Origin XL Ek Dark Chocolate plankgolv handsnidat och oljevaxat"},"content":{"rendered":"<h5>Naturlig sk\u00f6nhet till ditt golv<\/h5>\n<p><span style=\"font-weight: 400;\">\u00c4kta Trinity plankgolv i ek \u00e4r ett levande och varmt golv som h\u00e5ller i generationer. Med en naturlig oljevaxbehandling lyfter vi fram ekens sk\u00f6nhet och \u00e5dring \u2013 en yta som \u00e4r lika vacker att se p\u00e5 som behaglig att r\u00f6ra vid. Trinitygolvet f\u00f6rst\u00e4rker hemmets personliga uttryck, d\u00e4r varje planka \u00e4r formad av naturen och d\u00e4rf\u00f6r helt unik.<\/span><\/p>\n<h5>Unik t\u00e4ljd ekyta<\/h5>\n<p><span style=\"font-weight: 400;\">Ytan p\u00e5 Trinity plankgolv t\u00e4ljs f\u00f6r hand till en lagom patinerad och vackert levande struktur f\u00f6re oljevaxningen. Som resultat av ett l\u00e5ngvarigt utvecklingsarbete \u00e4r den t\u00e4ljda ytan p\u00e5 Trinity-golven mycket vacker och behaglig att g\u00e5 p\u00e5. Sp\u00e5ren av t\u00e4ljningen syns precis lagom mycket, utan att ytan upplevs som alltf\u00f6r rustik. N\u00e4r golvet \u00e4r t\u00e4ljt borstar vi varje planka f\u00f6re oljevaxningen. Borstningen framh\u00e4ver ytterligare ekens \u00e5dring efter t\u00e4ljningen och slutresultatet \u00e4r en perfekt vacker, mycket slitstark yta som \u00e4r en fr\u00f6jd att g\u00e5 p\u00e5 \u2013 s\u00e4rskilt barfota. Trinity plankgolv med t\u00e4ljd yta l\u00e4mpar sig \u00e4ven v\u00e4l f\u00f6r h\u00e5rdare slitage, till exempel i offentliga milj\u00f6er. Vi rekommenderar att ett t\u00e4ljt Trinity-golv inte slipas med \u00e5ren, utan att golvet i st\u00e4llet f\u00e5r patineras naturligt genom anv\u00e4ndning och att utseendet bara blir vackrare. Med tiden f\u00f6rnyas ytan med sk\u00f6tselolja. Golvet kan slipas vid behov, d\u00e5 blir ytan sl\u00e4t.<\/span><\/p>\n<h5>Det b\u00e4sta golvet kommer fr\u00e5n Vasa<\/h5>\n<p><span style=\"font-weight: 400;\">I \u00f6ver tio \u00e5r har vi utvecklat Trinity-parkett och plankgolv i Vasa. D\u00e4rf\u00f6r \u00e4r Trinity ett tryggt, h\u00e5llbart och p\u00e5litligt val f\u00f6r ditt hem. I Vasa v\u00e4ljer vi omsorgsfullt ut varje planka till ditt golv enligt f\u00e4rg och sortering. Golvet oljevaxas f\u00e4rdigt f\u00f6re leverans och \u00e4r d\u00e4rmed direkt klart f\u00f6r anv\u00e4ndning efter installation \u2013 utan behov av ytterligare ytbehandling.<\/span><\/p>\n<h5>Stabil konstruktion och unikt breda plankor<\/h5>\n<p><span style=\"font-weight: 400;\">Trinity plankgolv har en mycket stabil konstruktion med 14 mm bj\u00f6rkplywood som stomme och ett 6 mm tjockt lager av massiv ek. Den robusta uppbyggnaden g\u00f6r golvet formstabilt och v\u00e4l l\u00e4mpat \u00e4ven f\u00f6r golvv\u00e4rme. Plankorna finns i bredder mellan 22 och 30 cm, och olika bredder kan \u00e4ven kombineras i samma golv f\u00f6r ett mer levande uttryck. Plankgolvet installeras genom limning mot underlaget eller genom skruvning i regelverk med 40 cm avst\u00e5nd.<\/span><\/p>\n<h5>Slitstark och naturlig oljevaxad yta<\/h5>\n<p><span style=\"font-weight: 400;\">F\u00f6re leverans oljevaxas plankgolvet i den kul\u00f6r du valt. Vi anv\u00e4nder v\u00e4xtbaserade oljevax. Golvet levereras f\u00e4rdigbehandlat, vilket inneb\u00e4r att ingen separat sk\u00f6tseloljning beh\u00f6vs vid installation. Den oljevaxade ytan \u00e4r slitstark och enkel att fr\u00e4scha upp vid behov med sk\u00f6tselolja \u2013 n\u00e5got du \u00e4ven enkelt kan g\u00f6ra sj\u00e4lv. F\u00f6r reng\u00f6ring anv\u00e4nds Pallmann Clean reng\u00f6ringsmedel och sk\u00f6tselprodukter. Mindre repor och st\u00f6rre m\u00e4rken kan \u00e5tg\u00e4rdas med hj\u00e4lp av v\u00e5ra rekommenderade underh\u00e5llsprodukter.<\/span><\/p>\n<h5>Tr\u00e4ets naturliga sk\u00f6nhet<\/h5>\n<p><span style=\"font-weight: 400;\">Vid tillverkningen av Trinity plankgolv anv\u00e4nds europeisk vitek i sorteringen Country. Sorteringen k\u00e4nnetecknas av naturliga variationer i ton och m\u00f6rkhetsgrad samt f\u00f6rekomst av kvistar, k\u00e4rnved och enstaka lagade sprickor. Kvistarna \u00e4r antingen hela eller lagade med m\u00f6rkt spackel, d\u00e4r oljevaxets kul\u00f6r p\u00e5verkar slutresultatet. Ljus yttr\u00e4 f\u00f6rekommer i viss m\u00e5n. Golvets helhetsintryck \u00e4r levande och rustikt, och de flesta plankor har en eller flera kvistar som bidrar till golvets karakt\u00e4r.<\/span><\/p>\n<h5>Modernt plankgolv som \u00e4ven l\u00e4mpar sig f\u00f6r golvv\u00e4rme<\/h5>\n<p><span style=\"font-weight: 400;\">Trinity-plankgolv fungerar utm\u00e4rkt tillsammans med vattenburen golvv\u00e4rme och, under vissa f\u00f6ruts\u00e4ttningar, \u00e4ven med elektrisk golvv\u00e4rme. Plankans stabila konstruktion i bj\u00f6rkplywood samt ekens noggranna torkningsprocessen i tillverkningsskedet minskar tr\u00e4ets r\u00f6relser och m\u00f6jligg\u00f6r installation \u00e4ven p\u00e5 golvv\u00e4rme.<\/span><\/p>\n<p><span style=\"font-weight: 400;\">Plankgolvet installeras antingen genom limning mot underlaget eller genom skruvning i tr\u00e4regelverk. Den vanligaste installationsmetoden \u00e4r limning mot underlaget. Plankan limmas med elastiskt MS-polymerlim mot betong, gipsavj\u00e4mning eller till exempel plywoodskiva. Limning mot underlaget \u00e4r en utm\u00e4rkt installationsmetod f\u00f6r golvv\u00e4rme, eftersom v\u00e4rmen leds effektivt genom plankan n\u00e4r ingen isolerande luftspalt uppst\u00e5r mellan golv och underlag.<\/span><\/p>\n<p><span style=\"font-weight: 400;\">Du kan \u00e4ven best\u00e4lla installationslim och primer f\u00f6r plankgolvet via oss. Installation genom skruvning \u00e4r ocks\u00e5 m\u00f6jlig; rekommenderat regelavst\u00e5nd \u00e4r 40 cm.<\/span><\/p>\n","protected":false},"excerpt":{"rendered":"<p>Naturlig sk\u00f6nhet till ditt golv \u00c4kta Trinity plankgolv i ek \u00e4r ett levande och&#8230;<\/p>\n","protected":false},"featured_media":5717,"comment_status":"closed","ping_status":"closed","template":"","meta":{"_acf_changed":false,"footnotes":""},"product_brand":[119],"product_cat":[81,91,75],"product_tag":[],"class_list":{"0":"post-7047","1":"product","2":"type-product","3":"status-publish","4":"has-post-thumbnail","6":"product_brand-trinity","7":"product_cat-golv-av-ek-fran-trinity","8":"product_cat-snidad-planka","9":"product_cat-golv","11":"first","12":"onbackorder","13":"taxable","14":"shipping-taxable","15":"purchasable","16":"product-type-simple"},"acf":[],"_links":{"self":[{"href":"https:\/\/www.novafloor.fi\/sv\/wp-json\/wp\/v2\/product\/7047","targetHints":{"allow":["GET"]}}],"collection":[{"href":"https:\/\/www.novafloor.fi\/sv\/wp-json\/wp\/v2\/product"}],"about":[{"href":"https:\/\/www.novafloor.fi\/sv\/wp-json\/wp\/v2\/types\/product"}],"replies":[{"embeddable":true,"href":"https:\/\/www.novafloor.fi\/sv\/wp-json\/wp\/v2\/comments?post=7047"}],"version-history":[{"count":1,"href":"https:\/\/www.novafloor.fi\/sv\/wp-json\/wp\/v2\/product\/7047\/revisions"}],"predecessor-version":[{"id":10430,"href":"https:\/\/www.novafloor.fi\/sv\/wp-json\/wp\/v2\/product\/7047\/revisions\/10430"}],"wp:featuredmedia":[{"embeddable":true,"href":"https:\/\/www.novafloor.fi\/sv\/wp-json\/wp\/v2\/media\/5717"}],"wp:attachment":[{"href":"https:\/\/www.novafloor.fi\/sv\/wp-json\/wp\/v2\/media?parent=7047"}],"wp:term":[{"taxonomy":"product_brand","embeddable":true,"href":"https:\/\/www.novafloor.fi\/sv\/wp-json\/wp\/v2\/product_brand?post=7047"},{"taxonomy":"product_cat","embeddable":true,"href":"https:\/\/www.novafloor.fi\/sv\/wp-json\/wp\/v2\/product_cat?post=7047"},{"taxonomy":"product_tag","embeddable":true,"href":"https:\/\/www.novafloor.fi\/sv\/wp-json\/wp\/v2\/product_tag?post=7047"}],"curies":[{"name":"wp","href":"https:\/\/api.w.org\/{rel}","templated":true}]}}