{"id":7008,"date":"2025-06-18T13:49:17","date_gmt":"2025-06-18T13:49:17","guid":{"rendered":"https:\/\/www.novafloor.fi\/tuote\/okategoriserad\/harder-norden-ek-gra-mist-vinylgolv\/"},"modified":"2026-02-11T15:20:01","modified_gmt":"2026-02-11T15:20:01","slug":"harder-norden-ek-gra-mist-vinylgolv","status":"publish","type":"product","link":"https:\/\/www.novafloor.fi\/sv\/golv\/vinylgolv\/harder-norden-ek-gra-mist-vinylgolv\/","title":{"rendered":"HARDER Norden Ek Grey Mist Vinylgolv"},"content":{"rendered":"<h3>Inhemsk design, skandinavisk kvalitet<\/h3>\n<p><span style=\"font-weight: 400;\">De nya HARDER vinylgolven \u00e4r skapade med Novafloors egna uttryck och finl\u00e4ndsk design. HARDER vinylgolv bygger vidare p\u00e5 v\u00e5r 20-\u00e5riga erfarenhet av ekparketter och plankgolv. HARDER vinylgolven \u00e4r m\u00e4rkta med Design from Finland, precis som v\u00e5ra \u00e4kta ekgolv som ytbehandlas i Vasa, Finland. Vi har nu skapat HARDER vinylgolv, som ett komplement till v\u00e5ra mest popul\u00e4ra parkettgolv.<\/span><\/p>\n<p><span style=\"font-weight: 400;\">Vi har satt h\u00f6gsta m\u00f6jliga standard f\u00f6r utvecklingen av HARDER vinylgolv n\u00e4r det g\u00e4ller utseende, teknisk kvalitet, milj\u00f6 och ren inomhusluft. Som ett resultat av detta kan vi stolt presentera det b\u00e4sta och mest h\u00f6gkvalitativa vinylgolvet p\u00e5 den finl\u00e4ndska marknaden.<\/span><\/p>\n<p><span style=\"font-weight: 400;\">Ytan p\u00e5 vinylgolvet \u00e4r vackert matt och \u00e5terger p\u00e5 ett realistiskt s\u00e4tt livfullheten och k\u00e4nslan hos \u00e4kta ekparkett. Vi har utvecklat ett unikt s\u00e4tt att tillverka vinylens ytstruktur, vilket g\u00f6r att golvet b\u00e5de ser ut och k\u00e4nns som ett \u00e4kta tr\u00e4golv. Varje tr\u00e4\u00e5dring och kvist \u00e4r b\u00e5de synliga f\u00f6r \u00f6gat och kan k\u00e4nnas med handen.<\/span><\/p>\n<p><span style=\"font-weight: 400;\">V\u00e5ra golv \u00e4r noggrant testade och certifierade. HARDER vinylgolven \u00e4r M1-certifierade och har tysk T\u00dcV-certifiering f\u00f6r inomhusluft och EPD-milj\u00f6certifiering.<\/span><\/p>\n<h3>100% vattenavvisande vinylgolv med 50 \u00e5rs garanti<\/h3>\n<p>I HARDER Norden vinylgolv anv\u00e4nder vi stenkomposit som b\u00e4rande struktur f\u00f6r <span style=\"font-weight: 400;\">vinylplankan<\/span>. Stenkomposit, som \u00e4ven kallas SPC-vinyl, g\u00f6r golvet helt vattent\u00e4tt och mycket formstabilt.<\/p>\n<p>Golvets slitstyrka \u00e4r utm\u00e4rkt, eftersom v\u00e5rt golv \u00f6vertr\u00e4ffar kriterierna f\u00f6r den h\u00f6gsta slitageklassen KL34. HARDER vinylgolv \u00e4r ett bekymmersfritt och stressfritt val f\u00f6r m\u00e5nga \u00e5r fram\u00f6ver.<\/p>\n<p>Vinylplankans undersida har en integrerad stegljudsd\u00e4mpande underlagsmatta. D\u00e4rf\u00f6r kan HARDER Norden vinylgolv l\u00e4ggas direkt p\u00e5 undergolvet, \u00e4ven p\u00e5 betong. Det beh\u00f6vs allts\u00e5 ingen separat underlagsmatta under golvet. F\u00f6r stegljudsd\u00e4mpning anv\u00e4nder vi den b\u00e4sta BioGuard IPEX-kvaliteten. Golvet fungerar ocks\u00e5 utm\u00e4rkt med golvv\u00e4rme.<\/p>\n","protected":false},"excerpt":{"rendered":"<ul>\n<li>100% vattenavvisande vinylgolv med ram av stenkomposit<\/li>\n<li>S\u00e4kert och noggrant testat, M1- och EPD-certifierat vinylgolv<\/li>\n<li>Varm, tyst och bekv\u00e4m vinyl f\u00f6r hem och offentliga utrymmen<\/li>\n<li>K\u00e4nns som ett riktigt ekgolv tack vare den unika ytan<\/li>\n<li>Mycket enkel att installera, med integrerad stegljudsisolering klar f\u00f6r anv\u00e4ndning<\/li>\n<li>H\u00f6gsta f\u00f6rbrukningsklass 34 och 50 \u00e5rs garanti f\u00f6r hemmabruk<\/li>\n<\/ul>\n","protected":false},"featured_media":9333,"comment_status":"closed","ping_status":"closed","template":"","meta":{"_acf_changed":false,"footnotes":""},"product_brand":[120],"product_cat":[80,75],"product_tag":[],"class_list":{"0":"post-7008","1":"product","2":"type-product","3":"status-publish","4":"has-post-thumbnail","6":"product_brand-harder-vinylgolv","7":"product_cat-vinylgolv","8":"product_cat-golv","10":"first","11":"instock","12":"taxable","13":"shipping-taxable","14":"purchasable","15":"product-type-simple"},"acf":[],"_links":{"self":[{"href":"https:\/\/www.novafloor.fi\/sv\/wp-json\/wp\/v2\/product\/7008","targetHints":{"allow":["GET"]}}],"collection":[{"href":"https:\/\/www.novafloor.fi\/sv\/wp-json\/wp\/v2\/product"}],"about":[{"href":"https:\/\/www.novafloor.fi\/sv\/wp-json\/wp\/v2\/types\/product"}],"replies":[{"embeddable":true,"href":"https:\/\/www.novafloor.fi\/sv\/wp-json\/wp\/v2\/comments?post=7008"}],"version-history":[{"count":1,"href":"https:\/\/www.novafloor.fi\/sv\/wp-json\/wp\/v2\/product\/7008\/revisions"}],"predecessor-version":[{"id":10371,"href":"https:\/\/www.novafloor.fi\/sv\/wp-json\/wp\/v2\/product\/7008\/revisions\/10371"}],"wp:featuredmedia":[{"embeddable":true,"href":"https:\/\/www.novafloor.fi\/sv\/wp-json\/wp\/v2\/media\/9333"}],"wp:attachment":[{"href":"https:\/\/www.novafloor.fi\/sv\/wp-json\/wp\/v2\/media?parent=7008"}],"wp:term":[{"taxonomy":"product_brand","embeddable":true,"href":"https:\/\/www.novafloor.fi\/sv\/wp-json\/wp\/v2\/product_brand?post=7008"},{"taxonomy":"product_cat","embeddable":true,"href":"https:\/\/www.novafloor.fi\/sv\/wp-json\/wp\/v2\/product_cat?post=7008"},{"taxonomy":"product_tag","embeddable":true,"href":"https:\/\/www.novafloor.fi\/sv\/wp-json\/wp\/v2\/product_tag?post=7008"}],"curies":[{"name":"wp","href":"https:\/\/api.w.org\/{rel}","templated":true}]}}