{"id":6971,"date":"2025-06-19T16:56:50","date_gmt":"2025-06-19T16:56:50","guid":{"rendered":"https:\/\/www.novafloor.fi\/tuote\/okategoriserad\/trinity-roots-233-ek-svart-tra-1-stav-snidad-oljevaxad\/"},"modified":"2026-02-14T06:49:24","modified_gmt":"2026-02-14T06:49:24","slug":"trinity-roots-233-ek-svart-tra-1-stav-snidad-oljevaxad","status":"publish","type":"product","link":"https:\/\/www.novafloor.fi\/sv\/golv\/golv-av-ek-fran-trinity\/snidad-parkett\/trinity-roots-233-ek-svart-tra-1-stav-snidad-oljevaxad\/","title":{"rendered":"Trinity ROOTS 233 Ek Black Wood 1-stav snidad &amp; oljevaxad"},"content":{"rendered":"<h5><b>Naturlig sk\u00f6nhet till ditt golv<\/b><\/h5>\n<p><span style=\"font-weight: 400;\">\u00c4kta Trinity-parkett i ek \u00e4r ett levande och varmt golv som h\u00e5ller i generationer. Med en naturlig oljevaxbehandling lyfter vi fram ekens sk\u00f6nhet och \u00e5dring \u2013 en yta som \u00e4r lika vacker att se p\u00e5 som behaglig att r\u00f6ra vid. Trinity-golvet f\u00f6rst\u00e4rker hemmets personliga uttryck, d\u00e4r varje planka \u00e4r formad av naturen och d\u00e4rf\u00f6r helt unik.<\/span><\/p>\n<h5>Unik t\u00e4ljd ekyta<\/h5>\n<p>Ytan p\u00e5 Trinity-parketten t\u00e4ljs med en unik arbetsmetod, vilken ger den en lagom patinerad och vackert levande struktur f\u00f6re oljevaxningen. Som resultat av ett l\u00e5ngvarigt utvecklingsarbete \u00e4r den t\u00e4ljda ytan p\u00e5 Trinity-golven mycket vacker och behaglig f\u00f6r foten. Sp\u00e5ren av t\u00e4ljning syns precis lagom mycket, utan att ytan upplevs som alltf\u00f6r rustik.<br data-start=\"640\" data-end=\"643\" \/>N\u00e4r golvet \u00e4r t\u00e4ljt borstar vi varje parkettplanka f\u00f6re oljevaxningen. Borstningen framh\u00e4ver ytterligare ekens \u00e5dring efter t\u00e4ljningen och slutresultatet \u00e4r en perfekt vacker, mycket slitstark yta som \u00e4r en fr\u00f6jd att g\u00e5 p\u00e5 \u2013 s\u00e4rskilt barfota.<br data-start=\"894\" data-end=\"897\" \/>Trinity-golv med t\u00e4ljd yta l\u00e4mpar sig \u00e4ven v\u00e4l f\u00f6r h\u00e5rdare slitage, till exempel i offentliga milj\u00f6er. Vi rekommenderar att ett t\u00e4ljt Trinity-golv inte slipas med \u00e5ren, utan att golvet i st\u00e4llet patineras ytterligare genom anv\u00e4ndning och att utseendet bara blir vackrare. Med tiden f\u00f6rnyas ytan med sk\u00f6tselolja. Golvet kan slipas vid behov, d\u00e5 blir ytan sl\u00e4t.<\/p>\n<h5><b>Den b\u00e4sta parketten kommer fr\u00e5n Vasa<\/b><\/h5>\n<p><span style=\"font-weight: 400;\">I \u00f6ver tio \u00e5r har vi utvecklat Trinity-parketter och plankgolv i Vasa. D\u00e4rf\u00f6r \u00e4r Trinity ett tryggt, h\u00e5llbart och p\u00e5litligt val f\u00f6r ditt hem. Stommen till parketten tillverkas i Tyskland av europeisk vitek. I Vasa v\u00e4ljer vi omsorgsfullt ut varje planka till ditt golv enligt f\u00e4rg och sortering. Golvet oljevaxas f\u00e4rdigt f\u00f6re leverans och \u00e4r d\u00e4rmed direkt klart f\u00f6r anv\u00e4ndning efter installation \u2013 utan behov av ytterligare ytbehandling.<\/span><\/p>\n<h5><b>Stabil konstruktion och unikt bred parkett<\/b><\/h5>\n<p><span style=\"font-weight: 400;\">Tack vare Trinity-parkettens stabila konstruktion kan golvet tillverkas i exceptionellt bred ek. Parkettens stomme med k\u00e4rna av barrtr\u00e4 g\u00f6r golvet formstabilt och trygg. Plankorna \u00e4r hela 23,3 cm breda och 238 cm l\u00e5nga. Golvet kan installeras flytande utan att f\u00e4stas i underlaget, eller vid behov \u00e4ven limmas p\u00e5 underlaget.<\/span><\/p>\n<h5>Slitstark och naturlig oljevaxad yta<\/h5>\n<p><span style=\"font-weight: 400;\">F\u00f6re leverans oljevaxas parketten i den kul\u00f6r du valt. Vi anv\u00e4nder v\u00e4xtbaserade oljevax. Golvet levereras f\u00e4rdigbehandlat, vilket inneb\u00e4r att ingen separat sk\u00f6tseloljning beh\u00f6vs vid installation. Den oljevaxade ytan \u00e4r slitstark och enkel att fr\u00e4scha upp vid behov med sk\u00f6tselolja \u2013 n\u00e5got du \u00e4ven enkelt kan g\u00f6ra sj\u00e4lv. F\u00f6r reng\u00f6ring anv\u00e4nds Pallmann Clean reng\u00f6ringsmedel och v\u00e5rdprodukter. Mindre repor och st\u00f6rre m\u00e4rken kan reduceras med hj\u00e4lp av v\u00e5ra rekommenderade underh\u00e5llsprodukter.<\/span><\/p>\n<h5><b>Tr\u00e4ets naturliga sk\u00f6nhet<\/b><\/h5>\n<p><span style=\"font-weight: 400;\">Vid tillverkningen av Trinity-parkett anv\u00e4nds europeisk vitek i sorteringen Lively. Den k\u00e4nnetecknas av m\u00e5ttlig variation i ton och m\u00f6rkhetsgrad, samt enstaka kvistar och inslag av k\u00e4rnved. Kvistarna \u00e4r antingen hela eller lagade med m\u00f6rkt spackel, d\u00e4r oljevaxets kul\u00f6r p\u00e5verkar slutresultatet. Ljus yttr\u00e4 f\u00f6rekommer sparsamt. Parkettens \u00f6vergripande utseende \u00e4r levande men inte rustikt. I m\u00e5nga plankor f\u00f6rekommer inga kvistar alls.<\/span><\/p>\n<h5>L\u00e5spunkten g\u00f6r installationen enkel<\/h5>\n<p>Ett vackert och h\u00e5llbart golv kan inte vara bra om det inte ocks\u00e5 \u00e4r l\u00e4tt att installera. Vid utvecklingen av Trinity-plankgolvet har vi lagt s\u00e4rskild vikt vid att l\u00e5sgolvet ska fungera p\u00e5 ett s\u00e4kert och tillf\u00f6rlitligt s\u00e4tt. Det \u00e4r d\u00e4rf\u00f6r v\u00e5r l\u00e5splank \u00e4r exceptionellt bred och den starkaste p\u00e5 marknaden. V\u00e5r plankparkett \u00e4r ett n\u00f6je att installera, eftersom br\u00e4dan sn\u00e4pper p\u00e5 plats och parkettbr\u00e4dans m\u00e5ttnoggrannhet \u00e4r utm\u00e4rkt. Trinity plankgolv kan enkelt installeras flytande, utan att limmas till underlaget. Flytande installation \u00e4r s\u00e4rskilt l\u00e4mplig f\u00f6r hemmabruk. Limning till underlaget \u00e4r ocks\u00e5 fullt m\u00f6jligt. Vi kan f\u00f6rse dig med n\u00f6dv\u00e4ndiga lim och primer samt installationsanvisningar f\u00f6r limning mot underlaget. Substratlimning anv\u00e4nds s\u00e4rskilt i offentliga utrymmen och i akustiskt kr\u00e4vande omr\u00e5den.<\/p>\n<h5><b>Klickl\u00e5s f\u00f6r enkel installation<\/b><\/h5>\n<p><span style=\"font-weight: 400;\">Ett vackert och h\u00e5llbart golv ska ocks\u00e5 vara enkelt att installera. Vid utvecklingen av Trinity-parkett har vi lagt stor vikt vid ett s\u00e4kert och p\u00e5litligt klickl\u00e5ssystem. D\u00e4rf\u00f6r \u00e4r klickl\u00e5set ovanligt bred och bland de starkaste p\u00e5 marknaden. Installationen \u00e4r smidig: plankorna klickas enkelt p\u00e5 plats och precisionen i tillverkningen \u00e4r mycket h\u00f6g. Golvet kan installeras flytande utan limning mot underlaget, vilket l\u00e4mpar sig s\u00e4rskilt v\u00e4l f\u00f6r hemmilj\u00f6er. Limning mot underlaget \u00e4r ocks\u00e5 fullt m\u00f6jlig och anv\u00e4nds ofta i offentliga eller akustiskt kr\u00e4vande milj\u00f6er.<\/span><\/p>\n","protected":false},"excerpt":{"rendered":"<p>Naturlig sk\u00f6nhet till ditt golv \u00c4kta Trinity-parkett i ek \u00e4r ett levande och varmt&#8230;<\/p>\n","protected":false},"featured_media":5883,"comment_status":"closed","ping_status":"closed","template":"","meta":{"_acf_changed":false,"footnotes":""},"product_brand":[119],"product_cat":[81,90,79,75],"product_tag":[],"class_list":{"0":"post-6971","1":"product","2":"type-product","3":"status-publish","4":"has-post-thumbnail","6":"product_brand-trinity","7":"product_cat-golv-av-ek-fran-trinity","8":"product_cat-snidad-parkett","9":"product_cat-parkettgolv","10":"product_cat-golv","12":"first","13":"onbackorder","14":"taxable","15":"shipping-taxable","16":"purchasable","17":"product-type-simple"},"acf":[],"_links":{"self":[{"href":"https:\/\/www.novafloor.fi\/sv\/wp-json\/wp\/v2\/product\/6971","targetHints":{"allow":["GET"]}}],"collection":[{"href":"https:\/\/www.novafloor.fi\/sv\/wp-json\/wp\/v2\/product"}],"about":[{"href":"https:\/\/www.novafloor.fi\/sv\/wp-json\/wp\/v2\/types\/product"}],"replies":[{"embeddable":true,"href":"https:\/\/www.novafloor.fi\/sv\/wp-json\/wp\/v2\/comments?post=6971"}],"version-history":[{"count":0,"href":"https:\/\/www.novafloor.fi\/sv\/wp-json\/wp\/v2\/product\/6971\/revisions"}],"wp:featuredmedia":[{"embeddable":true,"href":"https:\/\/www.novafloor.fi\/sv\/wp-json\/wp\/v2\/media\/5883"}],"wp:attachment":[{"href":"https:\/\/www.novafloor.fi\/sv\/wp-json\/wp\/v2\/media?parent=6971"}],"wp:term":[{"taxonomy":"product_brand","embeddable":true,"href":"https:\/\/www.novafloor.fi\/sv\/wp-json\/wp\/v2\/product_brand?post=6971"},{"taxonomy":"product_cat","embeddable":true,"href":"https:\/\/www.novafloor.fi\/sv\/wp-json\/wp\/v2\/product_cat?post=6971"},{"taxonomy":"product_tag","embeddable":true,"href":"https:\/\/www.novafloor.fi\/sv\/wp-json\/wp\/v2\/product_tag?post=6971"}],"curies":[{"name":"wp","href":"https:\/\/api.w.org\/{rel}","templated":true}]}}