{"id":6959,"date":"2025-06-19T16:57:33","date_gmt":"2025-06-19T16:57:33","guid":{"rendered":"https:\/\/www.novafloor.fi\/tuote\/okategoriserad\/trinity-saga-233-ek-ljus-choklad-1-stav-slatborstad-oljebehandlad\/"},"modified":"2026-02-12T12:02:32","modified_gmt":"2026-02-12T12:02:32","slug":"trinity-saga-233-ek-ljus-choklad-1-stav-slatborstad-oljebehandlad","status":"publish","type":"product","link":"https:\/\/www.novafloor.fi\/sv\/golv\/golv-av-ek-fran-trinity\/slat-parkett\/trinity-saga-233-ek-ljus-choklad-1-stav-slatborstad-oljebehandlad\/","title":{"rendered":"Trinity Saga 233 Ek Light Chocolate 1-stav sl\u00e4tborstad &amp; oljebehandlad"},"content":{"rendered":"<h5>Naturlig sk\u00f6nhet till ditt golv<\/h5>\n<p data-start=\"108\" data-end=\"492\">\u00c4kta Trinity-parkett i ek \u00e4r ett levande och varmt golv som h\u00e5ller i generationer. Med en naturlig oljevaxbehandling lyfter vi fram ekens sk\u00f6nhet och \u00e5dring \u2013 en yta som \u00e4r lika vacker att se p\u00e5 som behaglig att r\u00f6ra vid. Trinity-golvet f\u00f6rst\u00e4rker hemmets personliga uttryck, d\u00e4r varje planka \u00e4r formad av naturen och d\u00e4rf\u00f6r helt unik.<\/p>\n<h5>L\u00e4tt borstad, elegant ekyta<\/h5>\n<p>Ytan p\u00e5 denna Trinity-parkett \u00e4r sl\u00e4t och l\u00e4tt borstad. Den sl\u00e4ta versionen \u00e4r ett klassiskt och elegant golv som passar i m\u00e5nga olika typer av inredningar. Den varsamma borstningen framh\u00e4ver ekens naturliga \u00e5dring och ger oljevaxbehandlingen extra djup. Golvytan \u00e4r silkeslen och mycket behaglig att g\u00e5 p\u00e5. Det matta oljevaxet ger parketten ett exklusivt och diskret matt uttryck.<\/p>\n<h5>Den b\u00e4sta parketten kommer fr\u00e5n Vasa<\/h5>\n<p>I \u00f6ver tio \u00e5r har vi utvecklat Trinity-parketter och plankgolv i Vasa. D\u00e4rf\u00f6r \u00e4r Trinity ett tryggt, h\u00e5llbart och p\u00e5litligt val f\u00f6r ditt hem. Stommen till parketten tillverkas i Tyskland av europeisk vitek. I Vasa v\u00e4ljer vi omsorgsfullt ut varje planka till ditt golv enligt f\u00e4rg och sortering. Golvet oljevaxas f\u00e4rdigt f\u00f6re leverans och \u00e4r d\u00e4rmed direkt klart f\u00f6r anv\u00e4ndning efter installation \u2013 utan behov av ytterligare ytbehandling.<\/p>\n<h5>Stabil konstruktion och unikt bred parkett<\/h5>\n<p>Tack vare Trinity-parkettens stabila konstruktion kan golvet tillverkas i exceptionellt bred ek. Den korslimmade stommen best\u00e5r av t\u00e4tvuxet nordiskt barrtr\u00e4, vilket g\u00f6r plankorna formstabila och s\u00e4kra. Plankorna \u00e4r hela 23,3 cm breda och 238 cm l\u00e5nga. Golvet kan installeras flytande utan att f\u00e4stas i underlaget, eller vid behov \u00e4ven limmas p\u00e5 underlaget.<\/p>\n<h5>Slitstark och naturlig oljevaxad yta<\/h5>\n<p>F\u00f6re leverans oljevaxas parketten i den kul\u00f6r du valt. Vi anv\u00e4nder v\u00e4xtbaserade oljevax. Golvet levereras f\u00e4rdigbehandlat, vilket inneb\u00e4r att ingen separat sk\u00f6tseloljning beh\u00f6vs vid installation. Den oljevaxade ytan \u00e4r slitstark och enkel att fr\u00e4scha upp vid behov med sk\u00f6tselolja \u2013 n\u00e5got du \u00e4ven enkelt kan g\u00f6ra sj\u00e4lv. F\u00f6r reng\u00f6ring anv\u00e4nds Pallmann Clean reng\u00f6ringsmedel och v\u00e5rdprodukter. Mindre repor och st\u00f6rre m\u00e4rken kan reduceras med hj\u00e4lp av v\u00e5ra rekommenderade underh\u00e5llsprodukter.<\/p>\n<h5>Tr\u00e4ets naturliga sk\u00f6nhet<\/h5>\n<p>Vid tillverkningen av Trinity-parkett anv\u00e4nds europeisk vitek i sorteringen Lively. Den k\u00e4nnetecknas av m\u00e5ttlig variation i f\u00e4rgton och m\u00f6rkhetsgrad, samt enstaka kvistar och inslag av k\u00e4rnved. Kvistarna \u00e4r antingen hela eller lagade med m\u00f6rkt spackel, d\u00e4r oljevaxets kul\u00f6r p\u00e5verkar slutresultatet. Ljus ytved f\u00f6rekommer sparsamt. Parkettens \u00f6vergripande utseende \u00e4r levande men inte rustikt.<\/p>\n<h5>Klickl\u00e5s f\u00f6r enkel installation<\/h5>\n<p data-start=\"2789\" data-end=\"3593\">Ett vackert och h\u00e5llbart golv ska ocks\u00e5 vara enkelt att installera. Vid utvecklingen av Trinity-parkett har vi lagt stor vikt vid ett s\u00e4kert och p\u00e5litligt klickl\u00e5ssystem. D\u00e4rf\u00f6r \u00e4r klickl\u00e5set ovanligt bred och bland de starkaste p\u00e5 marknaden. Installationen \u00e4r smidig: plankorna klickas enkelt p\u00e5 plats och precisionen i tillverkningen \u00e4r mycket h\u00f6g. Golvet kan installeras flytande utan limning mot underlaget, vilket l\u00e4mpar sig s\u00e4rskilt v\u00e4l f\u00f6r hemmilj\u00f6er. Limning mot underlaget \u00e4r ocks\u00e5 fullt m\u00f6jlig och anv\u00e4nds ofta i offentliga eller akustiskt kr\u00e4vande milj\u00f6er. Vid flytande installation anv\u00e4nds vanligt tr\u00e4lim i klickl\u00e5set, till exempel Kiilto B3 eller Kiilto 66. Vi tillhandah\u00e5ller b\u00e5de lim, primer och installationsanvisningar f\u00f6r limmad montering.<\/p>\n","protected":false},"excerpt":{"rendered":"<p>Naturlig sk\u00f6nhet till ditt golv \u00c4kta Trinity-parkett i ek \u00e4r ett levande och varmt&#8230;<\/p>\n","protected":false},"featured_media":6276,"comment_status":"closed","ping_status":"closed","template":"","meta":{"_acf_changed":false,"footnotes":""},"product_brand":[119],"product_cat":[81,93,79,75],"product_tag":[],"class_list":{"0":"post-6959","1":"product","2":"type-product","3":"status-publish","4":"has-post-thumbnail","6":"product_brand-trinity","7":"product_cat-golv-av-ek-fran-trinity","8":"product_cat-slat-parkett","9":"product_cat-parkettgolv","10":"product_cat-golv","12":"first","13":"onbackorder","14":"taxable","15":"shipping-taxable","16":"purchasable","17":"product-type-simple"},"acf":[],"_links":{"self":[{"href":"https:\/\/www.novafloor.fi\/sv\/wp-json\/wp\/v2\/product\/6959","targetHints":{"allow":["GET"]}}],"collection":[{"href":"https:\/\/www.novafloor.fi\/sv\/wp-json\/wp\/v2\/product"}],"about":[{"href":"https:\/\/www.novafloor.fi\/sv\/wp-json\/wp\/v2\/types\/product"}],"replies":[{"embeddable":true,"href":"https:\/\/www.novafloor.fi\/sv\/wp-json\/wp\/v2\/comments?post=6959"}],"version-history":[{"count":1,"href":"https:\/\/www.novafloor.fi\/sv\/wp-json\/wp\/v2\/product\/6959\/revisions"}],"predecessor-version":[{"id":10395,"href":"https:\/\/www.novafloor.fi\/sv\/wp-json\/wp\/v2\/product\/6959\/revisions\/10395"}],"wp:featuredmedia":[{"embeddable":true,"href":"https:\/\/www.novafloor.fi\/sv\/wp-json\/wp\/v2\/media\/6276"}],"wp:attachment":[{"href":"https:\/\/www.novafloor.fi\/sv\/wp-json\/wp\/v2\/media?parent=6959"}],"wp:term":[{"taxonomy":"product_brand","embeddable":true,"href":"https:\/\/www.novafloor.fi\/sv\/wp-json\/wp\/v2\/product_brand?post=6959"},{"taxonomy":"product_cat","embeddable":true,"href":"https:\/\/www.novafloor.fi\/sv\/wp-json\/wp\/v2\/product_cat?post=6959"},{"taxonomy":"product_tag","embeddable":true,"href":"https:\/\/www.novafloor.fi\/sv\/wp-json\/wp\/v2\/product_tag?post=6959"}],"curies":[{"name":"wp","href":"https:\/\/api.w.org\/{rel}","templated":true}]}}