{"id":11093,"date":"2026-03-13T10:06:09","date_gmt":"2026-03-13T10:06:09","guid":{"rendered":"https:\/\/www.novafloor.fi\/?post_type=product&#038;p=11093"},"modified":"2026-03-13T10:21:35","modified_gmt":"2026-03-13T10:21:35","slug":"harder-stonehenge-granite-dark-vinylgolv","status":"publish","type":"product","link":"https:\/\/www.novafloor.fi\/sv\/erbjudanden\/harder-stonehenge-granite-dark-vinylgolv\/","title":{"rendered":"HARDER Stonehenge Granite Dark Vinylgolv"},"content":{"rendered":"<h3>Kvalit\u00e9tsgolv med finl\u00e4ndsk design<\/h3>\n<p>Vi har satt h\u00f6gsta m\u00f6jliga standard f\u00f6r utvecklingen av HARDER vinylgolv n\u00e4r det g\u00e4ller utseende, teknisk kvalitet, milj\u00f6 och ren inomhusluft. Som ett resultat av detta kan vi stolt presentera det b\u00e4sta och mest h\u00f6gkvalitativa vinylgolvet p\u00e5 den finl\u00e4ndska marknaden.<\/p>\n<p><span style=\"font-weight: 400;\">Ytan p\u00e5 vinylgolvet \u00e4r vackert matt och \u00e5terger p\u00e5 ett realistiskt s\u00e4tt livfullheten och k\u00e4nslan hos en riktig naturstensyta<\/span>. Vi har utvecklat ett unikt s\u00e4tt att tillverka vinylens ytstruktur<span style=\"font-weight: 400;\">, vilket g\u00f6r att golvet b\u00e5de ser ut och k\u00e4nns som \u00e4kta<\/span>. Slutresultatet \u00e4r en behaglig och mycket autentisk naturstensliknande yta.<\/p>\n<p>V\u00e5ra golv \u00e4r noggrant testade och certifierade. HARDER vinylgolven \u00e4r M1-certifierade och har d\u00e4rtill tysk T\u00dcV-certifiering f\u00f6r inomhusluft och EPD-milj\u00f6certifiering.<\/p>\n<h3>100% vattenavvisande vinylgolv med 50 \u00e5rs garanti<\/h3>\n<p>I HARDER Stonehenge vinylgolv anv\u00e4nder vi stenkomposit som b\u00e4rande struktur f\u00f6r <span style=\"font-weight: 400;\">vinylplankan<\/span>. Stenkomposit, som \u00e4ven kallas SPC-vinyl, g\u00f6r golvet helt vattent\u00e4tt och mycket formstabilt.<\/p>\n<p>Golvets slitstyrka \u00e4r utm\u00e4rkt, eftersom v\u00e5rt golv \u00f6vertr\u00e4ffar kriterierna f\u00f6r den h\u00f6gsta slitageklassen KL34. HARDER vinylgolv \u00e4r ett bekymmersfritt och stressfritt val f\u00f6r m\u00e5nga \u00e5r fram\u00f6ver.<\/p>\n<p>Vinylplankans undersida har en integrerad stegljudsd\u00e4mpande underlagsmatta. D\u00e4rf\u00f6r kan HARDER Stonehenge vinylgolv l\u00e4ggas direkt p\u00e5 undergolvet, \u00e4ven p\u00e5 betong. Det beh\u00f6vs allts\u00e5 ingen separat underlagsmatta under golvet. F\u00f6r stegljudsd\u00e4mpning anv\u00e4nder vi den b\u00e4sta BioGuard IPEX-kvaliteten. Golvet fungerar ocks\u00e5 utm\u00e4rkt med golvv\u00e4rme.<\/p>\n","protected":false},"excerpt":{"rendered":"<ul>\n<li>100% vattenavvisande vinylgolv med ram av stenkomposit<\/li>\n<li>S\u00e4kert och noggrant testat, M1- och EPD-certifierat vinylgolv<\/li>\n<li>Varm, tyst och bekv\u00e4m vinyl f\u00f6r hem och offentliga utrymmen<\/li>\n<li>K\u00e4nns som ett riktigt klinkergolv tack vare den unika ytan<\/li>\n<li>Mycket enkel att installera, med integrerad stegljudsisolering klar f\u00f6r anv\u00e4ndning<\/li>\n<li>H\u00f6gsta f\u00f6rbrukningsklass 34 och 50 \u00e5rs garanti f\u00f6r hemmabruk<\/li>\n<\/ul>\n","protected":false},"featured_media":11073,"comment_status":"closed","ping_status":"closed","template":"","meta":{"_acf_changed":false,"footnotes":""},"product_brand":[120],"product_cat":[95,80,75,70],"product_tag":[],"class_list":{"0":"post-11093","1":"product","2":"type-product","3":"status-publish","4":"has-post-thumbnail","6":"product_brand-harder-vinylgolv","7":"product_cat-erbjudanden","8":"product_cat-vinylgolv","9":"product_cat-golv","10":"product_cat-tarjouksessa","12":"first","13":"instock","14":"sale","15":"taxable","16":"shipping-taxable","17":"purchasable","18":"product-type-simple"},"acf":[],"_links":{"self":[{"href":"https:\/\/www.novafloor.fi\/sv\/wp-json\/wp\/v2\/product\/11093","targetHints":{"allow":["GET"]}}],"collection":[{"href":"https:\/\/www.novafloor.fi\/sv\/wp-json\/wp\/v2\/product"}],"about":[{"href":"https:\/\/www.novafloor.fi\/sv\/wp-json\/wp\/v2\/types\/product"}],"replies":[{"embeddable":true,"href":"https:\/\/www.novafloor.fi\/sv\/wp-json\/wp\/v2\/comments?post=11093"}],"version-history":[{"count":1,"href":"https:\/\/www.novafloor.fi\/sv\/wp-json\/wp\/v2\/product\/11093\/revisions"}],"predecessor-version":[{"id":11094,"href":"https:\/\/www.novafloor.fi\/sv\/wp-json\/wp\/v2\/product\/11093\/revisions\/11094"}],"wp:featuredmedia":[{"embeddable":true,"href":"https:\/\/www.novafloor.fi\/sv\/wp-json\/wp\/v2\/media\/11073"}],"wp:attachment":[{"href":"https:\/\/www.novafloor.fi\/sv\/wp-json\/wp\/v2\/media?parent=11093"}],"wp:term":[{"taxonomy":"product_brand","embeddable":true,"href":"https:\/\/www.novafloor.fi\/sv\/wp-json\/wp\/v2\/product_brand?post=11093"},{"taxonomy":"product_cat","embeddable":true,"href":"https:\/\/www.novafloor.fi\/sv\/wp-json\/wp\/v2\/product_cat?post=11093"},{"taxonomy":"product_tag","embeddable":true,"href":"https:\/\/www.novafloor.fi\/sv\/wp-json\/wp\/v2\/product_tag?post=11093"}],"curies":[{"name":"wp","href":"https:\/\/api.w.org\/{rel}","templated":true}]}}