{"id":6561,"date":"2025-05-27T06:31:10","date_gmt":"2025-05-27T06:31:10","guid":{"rendered":"https:\/\/www.novafloor.fi\/kiitos-sivu-mallipalat\/"},"modified":"2025-07-17T12:30:50","modified_gmt":"2025-07-17T12:30:50","slug":"tack-sida-provbitar","status":"publish","type":"page","link":"https:\/\/www.novafloor.fi\/sv\/tack-sida-provbitar\/","title":{"rendered":"Tack sida: Provbitar"},"content":{"rendered":"<section class=\"block block-hero block-bg-white image-style-next\">\r\n    <div class=\"container container-full\">\r\n        <div class=\"image-container\"><img decoding=\"async\" src=\"https:\/\/www.novafloor.fi\/wp-content\/uploads\/2025\/05\/hero-2-574x366.jpg\" srcset=\"https:\/\/www.novafloor.fi\/wp-content\/uploads\/2025\/05\/hero-2-300x191.jpg 300w, https:\/\/www.novafloor.fi\/wp-content\/uploads\/2025\/05\/hero-2-600x383.jpg 600w, https:\/\/www.novafloor.fi\/wp-content\/uploads\/2025\/05\/hero-2-768x490.jpg 768w, https:\/\/www.novafloor.fi\/wp-content\/uploads\/2025\/05\/hero-2-714x455.jpg 714w, https:\/\/www.novafloor.fi\/wp-content\/uploads\/2025\/05\/hero-2-574x366.jpg 574w, https:\/\/www.novafloor.fi\/wp-content\/uploads\/2025\/05\/hero-2.jpg 812w\" sizes=\"100vw\" alt=\"hero-2\" width=\"812\" height=\"518\" data-no-lazy=\"1\" fetchpriority=\"high\"><\/div>        <div class=\"hero-container\">\r\n            <div class=\"container\"><div class=\"breadcrumbs-container\"><ol itemscope itemtype=\"https:\/\/schema.org\/BreadcrumbList\"><li itemprop=\"itemListElement\" itemscope itemtype=\"https:\/\/schema.org\/ListItem\"><a itemprop=\"item\" href=\"https:\/\/www.novafloor.fi\/sv\/\"><span itemprop=\"name\">Novafloor<\/span><\/a><meta itemprop=\"position\" content=\"1\" \/><\/li><li itemprop=\"itemListElement\" itemscope itemtype=\"https:\/\/schema.org\/ListItem\"><span itemprop=\"name\">Tack sida: Provbitar<\/span><meta itemprop=\"position\" content=\"2\" \/><\/li><\/ol><\/div><\/div>\r\n            <h1 class=\"h2\">Provbitarna \u00e4r p\u00e5 v\u00e4g till dig!<\/h1>            <div class=\"hero-content\">\r\n                                <div class=\"hero-description\">\r\n                    <p>Tack f\u00f6r din best\u00e4llning. Vi kavlar upp \u00e4rmarna och s\u00e4tter ig\u00e5ng direkt. Du f\u00e5r snart en orderbekr\u00e4ftelse via e-post.<\/p>\n<p>Dina produkter finns att se i dessa showroom:<\/p>\n                <\/div>\r\n                            <\/div>\r\n        <\/div>\r\n    <\/div>\r\n<\/section>\n\n<section class=\"block block-postsslider block-bg-white\">\r\n    <div class=\"container reveal\">\r\n        <div class=\"block-header\">\r\n            <h2>Utformning av ett nytt golv<\/h2>        <\/div>\r\n        <div class=\"glide articles-slider\" data-uid=\"69d5376997ba7\"><div class=\"glide__track\" data-glide-el=\"track\"><ul class=\"glide__slides\"><li class=\"glide__slide\"><article class=\"article reveal\"><div class=\"image-container\"><a href=\"https:\/\/www.novafloor.fi\/sv\/hur-man-valjer-ratt-golv\/\"><img decoding=\"async\" src=\"https:\/\/www.novafloor.fi\/wp-content\/uploads\/2025\/10\/Trinity-fiskbensparkett-Stonewash-180Hsl123-5-590x393.jpg\" srcset=\"https:\/\/www.novafloor.fi\/wp-content\/uploads\/2025\/10\/Trinity-fiskbensparkett-Stonewash-180Hsl123-5-300x200.jpg 300w, https:\/\/www.novafloor.fi\/wp-content\/uploads\/2025\/10\/Trinity-fiskbensparkett-Stonewash-180Hsl123-5-1920x1279.jpg 1920w, https:\/\/www.novafloor.fi\/wp-content\/uploads\/2025\/10\/Trinity-fiskbensparkett-Stonewash-180Hsl123-5-768x512.jpg 768w, https:\/\/www.novafloor.fi\/wp-content\/uploads\/2025\/10\/Trinity-fiskbensparkett-Stonewash-180Hsl123-5-1024x682.jpg 1024w, https:\/\/www.novafloor.fi\/wp-content\/uploads\/2025\/10\/Trinity-fiskbensparkett-Stonewash-180Hsl123-5-1536x1024.jpg 1536w, https:\/\/www.novafloor.fi\/wp-content\/uploads\/2025\/10\/Trinity-fiskbensparkett-Stonewash-180Hsl123-5-2048x1365.jpg 2048w, https:\/\/www.novafloor.fi\/wp-content\/uploads\/2025\/10\/Trinity-fiskbensparkett-Stonewash-180Hsl123-5-890x593.jpg 890w, https:\/\/www.novafloor.fi\/wp-content\/uploads\/2025\/10\/Trinity-fiskbensparkett-Stonewash-180Hsl123-5-714x476.jpg 714w, https:\/\/www.novafloor.fi\/wp-content\/uploads\/2025\/10\/Trinity-fiskbensparkett-Stonewash-180Hsl123-5-590x393.jpg 590w, https:\/\/www.novafloor.fi\/wp-content\/uploads\/2025\/10\/Trinity-fiskbensparkett-Stonewash-180Hsl123-5-367x245.jpg 367w, https:\/\/www.novafloor.fi\/wp-content\/uploads\/2025\/10\/Trinity-fiskbensparkett-Stonewash-180Hsl123-5-600x400.jpg 600w\" alt=\"Hur man v\u00e4ljer r\u00e4tt golv\"><\/a><\/div><div class=\"content-container\"><h3><a href=\"https:\/\/www.novafloor.fi\/sv\/hur-man-valjer-ratt-golv\/\">Hur man v\u00e4ljer r\u00e4tt golv<\/a><\/h3><a href=\"https:\/\/www.novafloor.fi\/sv\/hur-man-valjer-ratt-golv\/\" class=\"btn btn-small btn-outline\">L\u00e4s mer<\/a><\/div><\/article><\/li><li class=\"glide__slide\"><article class=\"article reveal\"><div class=\"image-container\"><a href=\"https:\/\/www.novafloor.fi\/sv\/harder-vinylplankgolv-novafloors-noggrant-utvecklade-golvsortiment\/\"><img decoding=\"async\" src=\"https:\/\/www.novafloor.fi\/wp-content\/uploads\/2025\/12\/Harder-Herring_vinyylilankkulattia-590x394.jpg\" srcset=\"https:\/\/www.novafloor.fi\/wp-content\/uploads\/2025\/12\/Harder-Herring_vinyylilankkulattia-300x200.jpg 300w, https:\/\/www.novafloor.fi\/wp-content\/uploads\/2025\/12\/Harder-Herring_vinyylilankkulattia-425x284.jpg 425w, https:\/\/www.novafloor.fi\/wp-content\/uploads\/2025\/12\/Harder-Herring_vinyylilankkulattia-768x513.jpg 768w, https:\/\/www.novafloor.fi\/wp-content\/uploads\/2025\/12\/Harder-Herring_vinyylilankkulattia-1024x684.jpg 1024w, https:\/\/www.novafloor.fi\/wp-content\/uploads\/2025\/12\/Harder-Herring_vinyylilankkulattia-1536x1025.jpg 1536w, https:\/\/www.novafloor.fi\/wp-content\/uploads\/2025\/12\/Harder-Herring_vinyylilankkulattia-2048x1367.jpg 2048w, https:\/\/www.novafloor.fi\/wp-content\/uploads\/2025\/12\/Harder-Herring_vinyylilankkulattia-1920x1282.jpg 1920w, https:\/\/www.novafloor.fi\/wp-content\/uploads\/2025\/12\/Harder-Herring_vinyylilankkulattia-888x593.jpg 888w, https:\/\/www.novafloor.fi\/wp-content\/uploads\/2025\/12\/Harder-Herring_vinyylilankkulattia-714x477.jpg 714w, https:\/\/www.novafloor.fi\/wp-content\/uploads\/2025\/12\/Harder-Herring_vinyylilankkulattia-590x394.jpg 590w, https:\/\/www.novafloor.fi\/wp-content\/uploads\/2025\/12\/Harder-Herring_vinyylilankkulattia-367x245.jpg 367w, https:\/\/www.novafloor.fi\/wp-content\/uploads\/2025\/12\/Harder-Herring_vinyylilankkulattia-600x401.jpg 600w\" alt=\"HARDER vinylplankgolv \u2013 Novafloors stolthet\"><\/a><\/div><div class=\"content-container\"><h3><a href=\"https:\/\/www.novafloor.fi\/sv\/harder-vinylplankgolv-novafloors-noggrant-utvecklade-golvsortiment\/\">HARDER vinylplankgolv \u2013 Novafloors stolthet<\/a><\/h3><a href=\"https:\/\/www.novafloor.fi\/sv\/harder-vinylplankgolv-novafloors-noggrant-utvecklade-golvsortiment\/\" class=\"btn btn-small btn-outline\">L\u00e4s mer<\/a><\/div><\/article><\/li><li class=\"glide__slide\"><article class=\"article reveal\"><div class=\"image-container\"><a href=\"https:\/\/www.novafloor.fi\/sv\/vad-betyder-design-from-finland-for-novafloor\/\"><img decoding=\"async\" src=\"https:\/\/www.novafloor.fi\/wp-content\/uploads\/2025\/04\/DESIGN_FROM_FINLAND-1024x1024.png-590x590.webp\" srcset=\"https:\/\/www.novafloor.fi\/wp-content\/uploads\/2025\/04\/DESIGN_FROM_FINLAND-1024x1024.png-300x300.webp 300w, https:\/\/www.novafloor.fi\/wp-content\/uploads\/2025\/04\/DESIGN_FROM_FINLAND-1024x1024.png-772x772.webp 772w, https:\/\/www.novafloor.fi\/wp-content\/uploads\/2025\/04\/DESIGN_FROM_FINLAND-1024x1024.png-386x386.webp 386w, https:\/\/www.novafloor.fi\/wp-content\/uploads\/2025\/04\/DESIGN_FROM_FINLAND-1024x1024.png-150x150.webp 150w, https:\/\/www.novafloor.fi\/wp-content\/uploads\/2025\/04\/DESIGN_FROM_FINLAND-1024x1024.png-768x768.webp 768w, https:\/\/www.novafloor.fi\/wp-content\/uploads\/2025\/04\/DESIGN_FROM_FINLAND-1024x1024.png-593x593.webp 593w, https:\/\/www.novafloor.fi\/wp-content\/uploads\/2025\/04\/DESIGN_FROM_FINLAND-1024x1024.png-531x531.webp 531w, https:\/\/www.novafloor.fi\/wp-content\/uploads\/2025\/04\/DESIGN_FROM_FINLAND-1024x1024.png-590x590.webp 590w, https:\/\/www.novafloor.fi\/wp-content\/uploads\/2025\/04\/DESIGN_FROM_FINLAND-1024x1024.png-600x600.webp 600w, https:\/\/www.novafloor.fi\/wp-content\/uploads\/2025\/04\/DESIGN_FROM_FINLAND-1024x1024.png-100x100.webp 100w, https:\/\/www.novafloor.fi\/wp-content\/uploads\/2025\/04\/DESIGN_FROM_FINLAND-1024x1024.png.webp 1024w\" alt=\"Vad betyder Design from Finland f\u00f6r Novafloor?\"><\/a><\/div><div class=\"content-container\"><h3><a href=\"https:\/\/www.novafloor.fi\/sv\/vad-betyder-design-from-finland-for-novafloor\/\">Vad betyder Design from Finland f\u00f6r Novafloor?<\/a><\/h3><a href=\"https:\/\/www.novafloor.fi\/sv\/vad-betyder-design-from-finland-for-novafloor\/\" class=\"btn btn-small btn-outline\">L\u00e4s mer<\/a><\/div><\/article><\/li><li class=\"glide__slide\"><article class=\"article reveal\"><div class=\"image-container\"><a href=\"https:\/\/www.novafloor.fi\/sv\/enkel-och-exakt-installation-av-fiskgrytan-med-en-laspunkt\/\"><img decoding=\"async\" src=\"https:\/\/www.novafloor.fi\/wp-content\/uploads\/2025\/06\/trinity-180HSL119_prod1-393x590.jpg\" srcset=\"https:\/\/www.novafloor.fi\/wp-content\/uploads\/2025\/06\/trinity-180HSL119_prod1-200x300.jpg 200w, https:\/\/www.novafloor.fi\/wp-content\/uploads\/2025\/06\/trinity-180HSL119_prod1-395x593.jpg 395w, https:\/\/www.novafloor.fi\/wp-content\/uploads\/2025\/06\/trinity-180HSL119_prod1-354x531.jpg 354w, https:\/\/www.novafloor.fi\/wp-content\/uploads\/2025\/06\/trinity-180HSL119_prod1-393x590.jpg 393w, https:\/\/www.novafloor.fi\/wp-content\/uploads\/2025\/06\/trinity-180HSL119_prod1.jpg 600w\" alt=\"Enkel installation av fiskbensparkett med klickl\u00e5s\"><\/a><\/div><div class=\"content-container\"><h3><a href=\"https:\/\/www.novafloor.fi\/sv\/enkel-och-exakt-installation-av-fiskgrytan-med-en-laspunkt\/\">Enkel installation av fiskbensparkett med klickl\u00e5s<\/a><\/h3><a href=\"https:\/\/www.novafloor.fi\/sv\/enkel-och-exakt-installation-av-fiskgrytan-med-en-laspunkt\/\" class=\"btn btn-small btn-outline\">L\u00e4s mer<\/a><\/div><\/article><\/li><li class=\"glide__slide\"><article class=\"article reveal\"><div class=\"image-container\"><a href=\"https:\/\/www.novafloor.fi\/sv\/ekgolv-av-hogsta-kvalitet-i-finland-kommer-fran-oss\/\"><img decoding=\"async\" src=\"https:\/\/www.novafloor.fi\/wp-content\/uploads\/2025\/06\/Rosanna_20210605_Juho-Tirkkonen_004-590x393.jpg\" srcset=\"https:\/\/www.novafloor.fi\/wp-content\/uploads\/2025\/06\/Rosanna_20210605_Juho-Tirkkonen_004-300x200.jpg 300w, https:\/\/www.novafloor.fi\/wp-content\/uploads\/2025\/06\/Rosanna_20210605_Juho-Tirkkonen_004-768x512.jpg 768w, https:\/\/www.novafloor.fi\/wp-content\/uploads\/2025\/06\/Rosanna_20210605_Juho-Tirkkonen_004-1024x683.jpg 1024w, https:\/\/www.novafloor.fi\/wp-content\/uploads\/2025\/06\/Rosanna_20210605_Juho-Tirkkonen_004-1536x1024.jpg 1536w, https:\/\/www.novafloor.fi\/wp-content\/uploads\/2025\/06\/Rosanna_20210605_Juho-Tirkkonen_004-1920x1280.jpg 1920w, https:\/\/www.novafloor.fi\/wp-content\/uploads\/2025\/06\/Rosanna_20210605_Juho-Tirkkonen_004-890x593.jpg 890w, https:\/\/www.novafloor.fi\/wp-content\/uploads\/2025\/06\/Rosanna_20210605_Juho-Tirkkonen_004-714x476.jpg 714w, https:\/\/www.novafloor.fi\/wp-content\/uploads\/2025\/06\/Rosanna_20210605_Juho-Tirkkonen_004-590x393.jpg 590w, https:\/\/www.novafloor.fi\/wp-content\/uploads\/2025\/06\/Rosanna_20210605_Juho-Tirkkonen_004-367x245.jpg 367w, https:\/\/www.novafloor.fi\/wp-content\/uploads\/2025\/06\/Rosanna_20210605_Juho-Tirkkonen_004-600x400.jpg 600w, https:\/\/www.novafloor.fi\/wp-content\/uploads\/2025\/06\/Rosanna_20210605_Juho-Tirkkonen_004.jpg 2048w\" alt=\"Ekgolv av h\u00f6gsta kvalitet i Finland kommer fr\u00e5n oss\"><\/a><\/div><div class=\"content-container\"><h3><a href=\"https:\/\/www.novafloor.fi\/sv\/ekgolv-av-hogsta-kvalitet-i-finland-kommer-fran-oss\/\">Ekgolv av h\u00f6gsta kvalitet i Finland kommer fr\u00e5n oss<\/a><\/h3><a href=\"https:\/\/www.novafloor.fi\/sv\/ekgolv-av-hogsta-kvalitet-i-finland-kommer-fran-oss\/\" class=\"btn btn-small btn-outline\">L\u00e4s mer<\/a><\/div><\/article><\/li><li class=\"glide__slide\"><article class=\"article reveal\"><div class=\"image-container\"><a href=\"https:\/\/www.novafloor.fi\/sv\/mina-egna-vagar-ledde-till-golv-i-varldsklass\/\"><img decoding=\"async\" src=\"https:\/\/www.novafloor.fi\/wp-content\/uploads\/2025\/05\/Personal-17-590x393.jpg\" srcset=\"https:\/\/www.novafloor.fi\/wp-content\/uploads\/2025\/05\/Personal-17-300x200.jpg 300w, https:\/\/www.novafloor.fi\/wp-content\/uploads\/2025\/05\/Personal-17-2048x1365.jpg 2048w, https:\/\/www.novafloor.fi\/wp-content\/uploads\/2025\/05\/Personal-17-768x512.jpg 768w, https:\/\/www.novafloor.fi\/wp-content\/uploads\/2025\/05\/Personal-17-1024x683.jpg 1024w, https:\/\/www.novafloor.fi\/wp-content\/uploads\/2025\/05\/Personal-17-1536x1024.jpg 1536w, https:\/\/www.novafloor.fi\/wp-content\/uploads\/2025\/05\/Personal-17-1920x1280.jpg 1920w, https:\/\/www.novafloor.fi\/wp-content\/uploads\/2025\/05\/Personal-17-889x593.jpg 889w, https:\/\/www.novafloor.fi\/wp-content\/uploads\/2025\/05\/Personal-17-714x476.jpg 714w, https:\/\/www.novafloor.fi\/wp-content\/uploads\/2025\/05\/Personal-17-590x393.jpg 590w, https:\/\/www.novafloor.fi\/wp-content\/uploads\/2025\/05\/Personal-17-367x245.jpg 367w, https:\/\/www.novafloor.fi\/wp-content\/uploads\/2025\/05\/Personal-17-600x400.jpg 600w\" alt=\"Mina egna v\u00e4gar ledde till golv i v\u00e4rldsklass\"><\/a><\/div><div class=\"content-container\"><h3><a href=\"https:\/\/www.novafloor.fi\/sv\/mina-egna-vagar-ledde-till-golv-i-varldsklass\/\">Mina egna v\u00e4gar ledde till golv i v\u00e4rldsklass<\/a><\/h3><a href=\"https:\/\/www.novafloor.fi\/sv\/mina-egna-vagar-ledde-till-golv-i-varldsklass\/\" class=\"btn btn-small btn-outline\">L\u00e4s mer<\/a><\/div><\/article><\/li><li class=\"glide__slide\"><article class=\"article reveal\"><div class=\"image-container\"><a href=\"https:\/\/www.novafloor.fi\/sv\/fri-lagring-och-supersnabb-leverans\/\"><img decoding=\"async\" src=\"https:\/\/www.novafloor.fi\/wp-content\/uploads\/2025\/06\/Trinity_novafloor_12-590x590.jpg\" srcset=\"https:\/\/www.novafloor.fi\/wp-content\/uploads\/2025\/06\/Trinity_novafloor_12-300x300.jpg 300w, https:\/\/www.novafloor.fi\/wp-content\/uploads\/2025\/06\/Trinity_novafloor_12-386x386.jpg 386w, https:\/\/www.novafloor.fi\/wp-content\/uploads\/2025\/06\/Trinity_novafloor_12-150x150.jpg 150w, https:\/\/www.novafloor.fi\/wp-content\/uploads\/2025\/06\/Trinity_novafloor_12-593x593.jpg 593w, https:\/\/www.novafloor.fi\/wp-content\/uploads\/2025\/06\/Trinity_novafloor_12-531x531.jpg 531w, https:\/\/www.novafloor.fi\/wp-content\/uploads\/2025\/06\/Trinity_novafloor_12-590x590.jpg 590w, https:\/\/www.novafloor.fi\/wp-content\/uploads\/2025\/06\/Trinity_novafloor_12-600x600.jpg 600w, https:\/\/www.novafloor.fi\/wp-content\/uploads\/2025\/06\/Trinity_novafloor_12-100x100.jpg 100w, https:\/\/www.novafloor.fi\/wp-content\/uploads\/2025\/06\/Trinity_novafloor_12.jpg 750w\" alt=\"Fri lagring och supersnabb leverans\"><\/a><\/div><div class=\"content-container\"><h3><a href=\"https:\/\/www.novafloor.fi\/sv\/fri-lagring-och-supersnabb-leverans\/\">Fri lagring och supersnabb leverans<\/a><\/h3><a href=\"https:\/\/www.novafloor.fi\/sv\/fri-lagring-och-supersnabb-leverans\/\" class=\"btn btn-small btn-outline\">L\u00e4s mer<\/a><\/div><\/article><\/li><li class=\"glide__slide\"><article class=\"article reveal\"><div class=\"image-container\"><a href=\"https:\/\/www.novafloor.fi\/sv\/hur-installerar-jag-vinylgolv\/\"><img decoding=\"async\" src=\"https:\/\/www.novafloor.fi\/wp-content\/uploads\/2025\/06\/IMG_0427-1-393x590.jpg\" srcset=\"https:\/\/www.novafloor.fi\/wp-content\/uploads\/2025\/06\/IMG_0427-1-200x300.jpg 200w, https:\/\/www.novafloor.fi\/wp-content\/uploads\/2025\/06\/IMG_0427-1-1365x2048.jpg 1365w, https:\/\/www.novafloor.fi\/wp-content\/uploads\/2025\/06\/IMG_0427-1-768x1152.jpg 768w, https:\/\/www.novafloor.fi\/wp-content\/uploads\/2025\/06\/IMG_0427-1-683x1024.jpg 683w, https:\/\/www.novafloor.fi\/wp-content\/uploads\/2025\/06\/IMG_0427-1-1024x1536.jpg 1024w, https:\/\/www.novafloor.fi\/wp-content\/uploads\/2025\/06\/IMG_0427-1-1280x1920.jpg 1280w, https:\/\/www.novafloor.fi\/wp-content\/uploads\/2025\/06\/IMG_0427-1-395x593.jpg 395w, https:\/\/www.novafloor.fi\/wp-content\/uploads\/2025\/06\/IMG_0427-1-354x531.jpg 354w, https:\/\/www.novafloor.fi\/wp-content\/uploads\/2025\/06\/IMG_0427-1-393x590.jpg 393w, https:\/\/www.novafloor.fi\/wp-content\/uploads\/2025\/06\/IMG_0427-1-600x900.jpg 600w, https:\/\/www.novafloor.fi\/wp-content\/uploads\/2025\/06\/IMG_0427-1-scaled.jpg 1707w\" alt=\"Hur installerar jag vinylgolv?\"><\/a><\/div><div class=\"content-container\"><h3><a href=\"https:\/\/www.novafloor.fi\/sv\/hur-installerar-jag-vinylgolv\/\">Hur installerar jag vinylgolv?<\/a><\/h3><a href=\"https:\/\/www.novafloor.fi\/sv\/hur-installerar-jag-vinylgolv\/\" class=\"btn btn-small btn-outline\">L\u00e4s mer<\/a><\/div><\/article><\/li><li class=\"glide__slide\"><article class=\"article reveal\"><div class=\"image-container\"><a href=\"https:\/\/www.novafloor.fi\/sv\/skotselanvisningar-for-oljerutade-trinity-golv\/\"><img decoding=\"async\" src=\"https:\/\/www.novafloor.fi\/wp-content\/uploads\/2025\/05\/medium_3_5_21-1-590x590.jpg\" srcset=\"https:\/\/www.novafloor.fi\/wp-content\/uploads\/2025\/05\/medium_3_5_21-1-300x300.jpg 300w, https:\/\/www.novafloor.fi\/wp-content\/uploads\/2025\/05\/medium_3_5_21-1-772x772.jpg 772w, https:\/\/www.novafloor.fi\/wp-content\/uploads\/2025\/05\/medium_3_5_21-1-386x386.jpg 386w, https:\/\/www.novafloor.fi\/wp-content\/uploads\/2025\/05\/medium_3_5_21-1-150x150.jpg 150w, https:\/\/www.novafloor.fi\/wp-content\/uploads\/2025\/05\/medium_3_5_21-1-768x768.jpg 768w, https:\/\/www.novafloor.fi\/wp-content\/uploads\/2025\/05\/medium_3_5_21-1-593x593.jpg 593w, https:\/\/www.novafloor.fi\/wp-content\/uploads\/2025\/05\/medium_3_5_21-1-531x531.jpg 531w, https:\/\/www.novafloor.fi\/wp-content\/uploads\/2025\/05\/medium_3_5_21-1-590x590.jpg 590w, https:\/\/www.novafloor.fi\/wp-content\/uploads\/2025\/05\/medium_3_5_21-1-600x600.jpg 600w, https:\/\/www.novafloor.fi\/wp-content\/uploads\/2025\/05\/medium_3_5_21-1-100x100.jpg 100w, https:\/\/www.novafloor.fi\/wp-content\/uploads\/2025\/05\/medium_3_5_21-1.jpg 1000w\" alt=\"Sk\u00f6tselanvisningar f\u00f6r oljevaxade Trinitygolv\"><\/a><\/div><div class=\"content-container\"><h3><a href=\"https:\/\/www.novafloor.fi\/sv\/skotselanvisningar-for-oljerutade-trinity-golv\/\">Sk\u00f6tselanvisningar f\u00f6r oljevaxade Trinitygolv<\/a><\/h3><a href=\"https:\/\/www.novafloor.fi\/sv\/skotselanvisningar-for-oljerutade-trinity-golv\/\" class=\"btn btn-small btn-outline\">L\u00e4s mer<\/a><\/div><\/article><\/li><li class=\"glide__slide\"><article class=\"article reveal\"><div class=\"image-container\"><a href=\"https:\/\/www.novafloor.fi\/sv\/vilken-typ-av-golv-ska-du-valja-for-din-hundkoja\/\"><img decoding=\"async\" src=\"https:\/\/www.novafloor.fi\/wp-content\/uploads\/2025\/05\/portrait-cocker-spaniel-dog-at-home-living-room-2024-10-17-07-15-23-utc-590x393.jpg\" srcset=\"https:\/\/www.novafloor.fi\/wp-content\/uploads\/2025\/05\/portrait-cocker-spaniel-dog-at-home-living-room-2024-10-17-07-15-23-utc-300x200.jpg 300w, https:\/\/www.novafloor.fi\/wp-content\/uploads\/2025\/05\/portrait-cocker-spaniel-dog-at-home-living-room-2024-10-17-07-15-23-utc-2048x1365.jpg 2048w, https:\/\/www.novafloor.fi\/wp-content\/uploads\/2025\/05\/portrait-cocker-spaniel-dog-at-home-living-room-2024-10-17-07-15-23-utc-768x512.jpg 768w, https:\/\/www.novafloor.fi\/wp-content\/uploads\/2025\/05\/portrait-cocker-spaniel-dog-at-home-living-room-2024-10-17-07-15-23-utc-1024x683.jpg 1024w, https:\/\/www.novafloor.fi\/wp-content\/uploads\/2025\/05\/portrait-cocker-spaniel-dog-at-home-living-room-2024-10-17-07-15-23-utc-1536x1024.jpg 1536w, https:\/\/www.novafloor.fi\/wp-content\/uploads\/2025\/05\/portrait-cocker-spaniel-dog-at-home-living-room-2024-10-17-07-15-23-utc-1920x1280.jpg 1920w, https:\/\/www.novafloor.fi\/wp-content\/uploads\/2025\/05\/portrait-cocker-spaniel-dog-at-home-living-room-2024-10-17-07-15-23-utc-889x593.jpg 889w, https:\/\/www.novafloor.fi\/wp-content\/uploads\/2025\/05\/portrait-cocker-spaniel-dog-at-home-living-room-2024-10-17-07-15-23-utc-714x476.jpg 714w, https:\/\/www.novafloor.fi\/wp-content\/uploads\/2025\/05\/portrait-cocker-spaniel-dog-at-home-living-room-2024-10-17-07-15-23-utc-590x393.jpg 590w, https:\/\/www.novafloor.fi\/wp-content\/uploads\/2025\/05\/portrait-cocker-spaniel-dog-at-home-living-room-2024-10-17-07-15-23-utc-367x245.jpg 367w, https:\/\/www.novafloor.fi\/wp-content\/uploads\/2025\/05\/portrait-cocker-spaniel-dog-at-home-living-room-2024-10-17-07-15-23-utc-600x400.jpg 600w\" alt=\"Vilken typ av golv ska du som hund\u00e4gare v\u00e4lja?\"><\/a><\/div><div class=\"content-container\"><h3><a href=\"https:\/\/www.novafloor.fi\/sv\/vilken-typ-av-golv-ska-du-valja-for-din-hundkoja\/\">Vilken typ av golv ska du som hund\u00e4gare v\u00e4lja?<\/a><\/h3><a href=\"https:\/\/www.novafloor.fi\/sv\/vilken-typ-av-golv-ska-du-valja-for-din-hundkoja\/\" class=\"btn btn-small btn-outline\">L\u00e4s mer<\/a><\/div><\/article><\/li><li class=\"glide__slide\"><article class=\"article reveal\"><div class=\"image-container\"><a href=\"https:\/\/www.novafloor.fi\/sv\/trender-for-golv-2025\/\"><img decoding=\"async\" src=\"https:\/\/www.novafloor.fi\/wp-content\/uploads\/2025\/06\/coffee-in-sun-590x393.jpg\" srcset=\"https:\/\/www.novafloor.fi\/wp-content\/uploads\/2025\/06\/coffee-in-sun-300x200.jpg 300w, https:\/\/www.novafloor.fi\/wp-content\/uploads\/2025\/06\/coffee-in-sun-1024x683.jpg 1024w, https:\/\/www.novafloor.fi\/wp-content\/uploads\/2025\/06\/coffee-in-sun-768x512.jpg 768w, https:\/\/www.novafloor.fi\/wp-content\/uploads\/2025\/06\/coffee-in-sun-1536x1024.jpg 1536w, https:\/\/www.novafloor.fi\/wp-content\/uploads\/2025\/06\/coffee-in-sun-2048x1365.jpg 2048w, https:\/\/www.novafloor.fi\/wp-content\/uploads\/2025\/06\/coffee-in-sun-1920x1280.jpg 1920w, https:\/\/www.novafloor.fi\/wp-content\/uploads\/2025\/06\/coffee-in-sun-890x593.jpg 890w, https:\/\/www.novafloor.fi\/wp-content\/uploads\/2025\/06\/coffee-in-sun-714x476.jpg 714w, https:\/\/www.novafloor.fi\/wp-content\/uploads\/2025\/06\/coffee-in-sun-590x393.jpg 590w, https:\/\/www.novafloor.fi\/wp-content\/uploads\/2025\/06\/coffee-in-sun-367x245.jpg 367w, https:\/\/www.novafloor.fi\/wp-content\/uploads\/2025\/06\/coffee-in-sun-600x400.jpg 600w\" alt=\"Golvtrender f\u00f6r 2025\"><\/a><\/div><div class=\"content-container\"><h3><a href=\"https:\/\/www.novafloor.fi\/sv\/trender-for-golv-2025\/\">Golvtrender f\u00f6r 2025<\/a><\/h3><a href=\"https:\/\/www.novafloor.fi\/sv\/trender-for-golv-2025\/\" class=\"btn btn-small btn-outline\">L\u00e4s mer<\/a><\/div><\/article><\/li><li class=\"glide__slide\"><article class=\"article reveal\"><div class=\"image-container\"><a href=\"https:\/\/www.novafloor.fi\/sv\/novafloor-ar-en-trygg-och-palitlig-handelspartner\/\"><img decoding=\"async\" src=\"https:\/\/www.novafloor.fi\/wp-content\/uploads\/2025\/05\/cf8d0267da81f132645636cc3914d15468a5c374-590x289.png\" srcset=\"https:\/\/www.novafloor.fi\/wp-content\/uploads\/2025\/05\/cf8d0267da81f132645636cc3914d15468a5c374-300x147.png 300w, https:\/\/www.novafloor.fi\/wp-content\/uploads\/2025\/05\/cf8d0267da81f132645636cc3914d15468a5c374-768x376.png 768w, https:\/\/www.novafloor.fi\/wp-content\/uploads\/2025\/05\/cf8d0267da81f132645636cc3914d15468a5c374-1024x502.png 1024w, https:\/\/www.novafloor.fi\/wp-content\/uploads\/2025\/05\/cf8d0267da81f132645636cc3914d15468a5c374-714x350.png 714w, https:\/\/www.novafloor.fi\/wp-content\/uploads\/2025\/05\/cf8d0267da81f132645636cc3914d15468a5c374-590x289.png 590w, https:\/\/www.novafloor.fi\/wp-content\/uploads\/2025\/05\/cf8d0267da81f132645636cc3914d15468a5c374-600x294.png 600w, https:\/\/www.novafloor.fi\/wp-content\/uploads\/2025\/05\/cf8d0267da81f132645636cc3914d15468a5c374.png 1202w\" alt=\"Novafloor \u00e4r en trygg och p\u00e5litlig handelspartner\"><\/a><\/div><div class=\"content-container\"><h3><a href=\"https:\/\/www.novafloor.fi\/sv\/novafloor-ar-en-trygg-och-palitlig-handelspartner\/\">Novafloor \u00e4r en trygg och p\u00e5litlig handelspartner<\/a><\/h3><a href=\"https:\/\/www.novafloor.fi\/sv\/novafloor-ar-en-trygg-och-palitlig-handelspartner\/\" class=\"btn btn-small btn-outline\">L\u00e4s mer<\/a><\/div><\/article><\/li><\/ul><\/div><div class=\"glide__controls\"><div class=\"glide__arrows\" data-glide-el=\"controls\"><span class=\"glide__arrow glide__arrow--left\" data-glide-dir=\"<\"><\/span><span class=\"glide__arrow glide__arrow--right\" data-glide-dir=\">&#8221;><\/span><\/div><div class=\"glide__bullets\" data-glide-el=\"controls[nav]\"><span class=\"glide__bullet\" data-glide-dir=\"=0\" data-parent-uid=\"69d5376997ba7\"><\/span><span class=\"glide__bullet\" data-glide-dir=\"=1\" data-parent-uid=\"69d5376997ba7\"><\/span><span class=\"glide__bullet\" data-glide-dir=\"=2\" data-parent-uid=\"69d5376997ba7\"><\/span><span class=\"glide__bullet\" data-glide-dir=\"=3\" data-parent-uid=\"69d5376997ba7\"><\/span><span class=\"glide__bullet\" data-glide-dir=\"=4\" data-parent-uid=\"69d5376997ba7\"><\/span><span class=\"glide__bullet\" data-glide-dir=\"=5\" data-parent-uid=\"69d5376997ba7\"><\/span><span class=\"glide__bullet\" data-glide-dir=\"=6\" data-parent-uid=\"69d5376997ba7\"><\/span><span class=\"glide__bullet\" data-glide-dir=\"=7\" data-parent-uid=\"69d5376997ba7\"><\/span><span class=\"glide__bullet\" data-glide-dir=\"=8\" data-parent-uid=\"69d5376997ba7\"><\/span><span class=\"glide__bullet\" data-glide-dir=\"=9\" data-parent-uid=\"69d5376997ba7\"><\/span><span class=\"glide__bullet\" data-glide-dir=\"=10\" data-parent-uid=\"69d5376997ba7\"><\/span><span class=\"glide__bullet\" data-glide-dir=\"=11\" data-parent-uid=\"69d5376997ba7\"><\/span><\/div><\/div><\/div>    <\/div>\r\n<\/section>","protected":false},"excerpt":{"rendered":"","protected":false},"author":1,"featured_media":0,"parent":0,"menu_order":37,"comment_status":"closed","ping_status":"closed","template":"","meta":{"_acf_changed":false,"footnotes":""},"class_list":["post-6561","page","type-page","status-publish","hentry"],"acf":[],"_links":{"self":[{"href":"https:\/\/www.novafloor.fi\/sv\/wp-json\/wp\/v2\/pages\/6561","targetHints":{"allow":["GET"]}}],"collection":[{"href":"https:\/\/www.novafloor.fi\/sv\/wp-json\/wp\/v2\/pages"}],"about":[{"href":"https:\/\/www.novafloor.fi\/sv\/wp-json\/wp\/v2\/types\/page"}],"author":[{"embeddable":true,"href":"https:\/\/www.novafloor.fi\/sv\/wp-json\/wp\/v2\/users\/1"}],"replies":[{"embeddable":true,"href":"https:\/\/www.novafloor.fi\/sv\/wp-json\/wp\/v2\/comments?post=6561"}],"version-history":[{"count":4,"href":"https:\/\/www.novafloor.fi\/sv\/wp-json\/wp\/v2\/pages\/6561\/revisions"}],"predecessor-version":[{"id":7638,"href":"https:\/\/www.novafloor.fi\/sv\/wp-json\/wp\/v2\/pages\/6561\/revisions\/7638"}],"wp:attachment":[{"href":"https:\/\/www.novafloor.fi\/sv\/wp-json\/wp\/v2\/media?parent=6561"}],"curies":[{"name":"wp","href":"https:\/\/api.w.org\/{rel}","templated":true}]}}