{"id":6553,"date":"2025-05-05T13:38:58","date_gmt":"2025-05-05T13:38:58","guid":{"rendered":"https:\/\/www.novafloor.fi\/tietosuojaseloste\/"},"modified":"2025-07-17T11:48:40","modified_gmt":"2025-07-17T11:48:40","slug":"integritetspolicy","status":"publish","type":"page","link":"https:\/\/www.novafloor.fi\/sv\/integritetspolicy\/","title":{"rendered":"Integritetspolicy"},"content":{"rendered":"\n<h2 class=\"wp-block-heading\">Detta \u00e4r Novafloor Oy:s integritetspolicy i enlighet med personuppgiftslagen (1999\/523) och EU:s allm\u00e4nna dataskyddsf\u00f6rordning (GDPR).<\/h2>\n\n<p><strong>Uppr\u00e4ttad den 2.5.2018. Senast \u00e4ndrad 24.5.2018. <\/strong><\/p>\n\n<h3 class=\"wp-block-heading\">Namn och kontaktuppgifter till den personuppgiftsansvarige<\/h3>\n\n<p>Kundregistrets namn: Novafloors kundregister<\/p>\n\n<p>Novafloor Oy (&#8221;Novafloor.fi&#8221;)<br\/>Kaarlenkatu 2<br\/>65170 Vasa<br\/>FO-nummer: 2087183-1<br\/>tel. 020 7850 340<\/p>\n\n<h3 class=\"wp-block-heading\">Ansvarig f\u00f6r registret och kontaktuppgifter<\/h3>\n\n<p>Markus Myllym\u00e4ki<br\/>Novafloor Oy<br\/>PL 178<br\/>65101 Vasa<br\/>Tel. 020 7850 340<br\/>registry(at)novafloor.fi <\/p>\n\n<h3 class=\"wp-block-heading\">Kontakt<\/h3>\n\n<p>Om du har n\u00e5gra fr\u00e5gor om behandlingen av dina personuppgifter, om du vill se de uppgifter som finns lagrade om dig eller om du vill radera dina uppgifter fr\u00e5n v\u00e5rt system, kan du kontakta oss via e-post: registry(at)novafloor.fi.<\/p>\n\n<h3 class=\"wp-block-heading\">Anv\u00e4ndarens samtycke<\/h3>\n\n<p>Observera att du genom att best\u00e4lla v\u00e5ra produkter och\/eller genom att prenumerera p\u00e5 v\u00e5ra gratisprover och\/eller genom att prenumerera p\u00e5 v\u00e5rt nyhetsbrev samtycker till att dina uppgifter lagras. F\u00f6r den levererade ordern best\u00e4ms skyldigheten att lagra uppgifterna i enlighet med bokf\u00f6ringslagen (1997\/1336 \u00a7 10). <\/p>\n\n<h3 class=\"wp-block-heading\">Insamlade personuppgifter<\/h3>\n\n<p>Novafloor Oy behandlar dina personuppgifter n\u00e4r du g\u00f6r en best\u00e4llning i v\u00e5r webbutik, best\u00e4ller gratis provbitar, prenumererar p\u00e5 v\u00e5rt nyhetsbrev och\/eller deltar i t\u00e4vlingar som anordnas av Novafloor Oy. Vi samlar ocks\u00e5 in information om ditt bes\u00f6k genom cookies. Du hittar mer information om cookies i slutet av denna integritetspolicy.  <\/p>\n\n<p>Den registrerade kan beg\u00e4ra \u00e4ndring och\/eller radering av sina uppgifter fr\u00e5n registret samt inv\u00e4nda mot att uppgifterna anv\u00e4nds f\u00f6r direktmarknadsf\u00f6ring genom att informera den personuppgiftsansvarige.<\/p>\n\n<h3 class=\"wp-block-heading\">Verifiering\/korrigering av registerdata<\/h3>\n\n<p>Den som vill kontrollera uppgifter om sig sj\u00e4lv eller korrigera felaktiga uppgifter i registret ska l\u00e4mna in en egenh\u00e4ndigt undertecknad beg\u00e4ran om detta till den personuppgiftsansvarige. Beg\u00e4ran ska skickas till Novafloor Oy, PB 178, 65101 Vasa eller per e-post till registerinformation(at)novafloor.fi. <\/p>\n\n<h3 class=\"wp-block-heading\">\u00c4ndam\u00e5let med behandlingen av personuppgifter<\/h3>\n\n<p>Personuppgifter anv\u00e4nds f\u00f6r kundservice, aff\u00e4rs- och e-handelsutveckling, leverans, bearbetning och arkivering av order, riktat inneh\u00e5ll och marknadsf\u00f6ring samt analys och statistik.<\/p>\n\n<h3 class=\"wp-block-heading\">Vem kan anv\u00e4nda dina personuppgifter?<\/h3>\n\n<p>Anst\u00e4llda hos Novafloor Oy och anst\u00e4llda hos underleverant\u00f6rer och partners som agerar p\u00e5 uppdrag av Novafloor Oy har r\u00e4tt att anv\u00e4nda personuppgifter i enlighet med olika niv\u00e5er av \u00e5tkomstr\u00e4ttigheter som kr\u00e4vs f\u00f6r jobbet.<\/p>\n\n<h3 class=\"wp-block-heading\">Skydd av person- och anv\u00e4ndaruppgifter<\/h3>\n\n<p>Registret behandlas med vederb\u00f6rlig omsorg och de uppgifter som behandlas av informationssystemen skyddas p\u00e5 ett adekvat s\u00e4tt. Om uppgifterna lagras p\u00e5 internetservrar ska den fysiska och digitala s\u00e4kerheten f\u00f6r deras h\u00e5rdvara s\u00e4kerst\u00e4llas p\u00e5 l\u00e4mpligt s\u00e4tt. <\/p>\n\n<p>Novafloor Oy:s system d\u00e4r uppgifterna lagras har olika anv\u00e4ndarniv\u00e5er, s\u00e5 att anv\u00e4ndaren har r\u00e4tt att underh\u00e5lla eller bl\u00e4ddra i uppgifterna p\u00e5 det s\u00e4tt som hans eller hennes arbetsuppgifter kr\u00e4ver. Varje definierad anv\u00e4ndare eller anv\u00e4ndargrupp har sitt eget anv\u00e4ndarnamn och l\u00f6senord. <\/p>\n\n<h3 class=\"wp-block-heading\">Kakor<\/h3>\n\n<p>En cookie \u00e4r en kort textfil som en webbserver ber att f\u00e5 lagra p\u00e5 en dator (inklusive mobila enheter) f\u00f6r att identifiera en bes\u00f6kare p\u00e5 en webbplats. Cookies g\u00f6r det m\u00f6jligt f\u00f6r en tj\u00e4nsteleverant\u00f6r att f\u00f6rb\u00e4ttra sin service till sina kunder, att analysera anv\u00e4ndningen av sin webbplats och att erbjuda riktade produktrekommendationer, erbjudanden och andra f\u00f6rm\u00e5ner till sina kunder. <\/p>\n\n<p>Anv\u00e4ndaren kan avvisa anv\u00e4ndningen av cookies i inst\u00e4llningarna f\u00f6r den webbl\u00e4sare som anv\u00e4nds eller genom att radera cookies fr\u00e5n sin webbl\u00e4sare efter att ha slutat anv\u00e4nda webbtj\u00e4nsten. Mer information om webbl\u00e4sarspecifika anvisningar finns i anvisningarna fr\u00e5n webbl\u00e4sarens tillverkare. Webbtj\u00e4nstens funktionalitet kan dock kr\u00e4va att du accepterar cookies f\u00f6r att fungera.  <\/p>\n\n<h3 class=\"wp-block-heading\">Cookies p\u00e5 Novafloor.fi<\/h3>\n\n<p>De cookies som anv\u00e4nds kan vara l\u00e5ng- eller kortsiktiga. L\u00e5ngtidscookies lagras under en best\u00e4md tidsperiod. Permanenta cookies anv\u00e4nds t.ex. f\u00f6r att lagra den tidsperiod under vilken en bes\u00f6kare inte f\u00e5r se popup-f\u00f6nster, t.ex. f\u00f6r att prenumerera p\u00e5 ett nyhetsbrev.  <\/p>\n\n<p>Kortvariga cookies (s.k. sessionscookies) lagras endast p\u00e5 anv\u00e4ndarens enhet under den tid som bes\u00f6ket p\u00e5 webbplatsen varar. Kortvariga cookies anv\u00e4nds t.ex. f\u00f6r att lagra adressinformation s\u00e5 att anv\u00e4ndaren inte beh\u00f6ver ange sina kontaktuppgifter p\u00e5 nytt efter att ha angett dem i kassan. Den kortvariga cookien f\u00f6rsvinner s\u00e5 snart webbl\u00e4saren st\u00e4ngs.  <\/p>\n\n<h3 class=\"wp-block-heading\">Anlitande av tredje part och \u00f6verf\u00f6ring av uppgifter utanf\u00f6r EU eller EES<\/h3>\n\n<p>Vi anv\u00e4nder oss av tj\u00e4nster fr\u00e5n tredje part som anv\u00e4nder cookies p\u00e5 v\u00e5ra webbplatser f\u00f6r att analysera bes\u00f6ksdata, retarget marketing och bannerannonsering. S\u00e5dana tj\u00e4nsteleverant\u00f6rer inkluderar f\u00f6ljande: <\/p>\n\n<p>Google Analytics och Adwords: Google LLC, 1600 Amphitheatre Parkway, Mountain View, CA 94043, USA<br\/>Facebook: Facebook Inc, 1601 S. California Ave, Palo Alto, CA 94304, USA<br\/>Instagram: Instagram HQ, 200 Jefferson Dr, Menlo Park, CA 94025, USA<br\/>Youtube: Youtube LLC, 901 Cherry Avenue, Second Floor, San Bruno, CA 94066, USA<\/p>\n\n<p>Genom att anv\u00e4nda www.novafloor.fi samtycker du till v\u00e5r anv\u00e4ndning av cookies p\u00e5 de s\u00e4tt som anges ovan.<\/p>\n\n<p><\/p>\n","protected":false},"excerpt":{"rendered":"<p>Detta \u00e4r Novafloor Oy:s integritetspolicy i enlighet med personuppgiftslagen (1999\/523) och EU:s allm\u00e4nna dataskyddsf\u00f6rordning&#8230;<\/p>\n","protected":false},"author":1,"featured_media":0,"parent":0,"menu_order":25,"comment_status":"closed","ping_status":"closed","template":"","meta":{"_acf_changed":false,"footnotes":""},"class_list":["post-6553","page","type-page","status-publish","hentry"],"acf":[],"_links":{"self":[{"href":"https:\/\/www.novafloor.fi\/sv\/wp-json\/wp\/v2\/pages\/6553","targetHints":{"allow":["GET"]}}],"collection":[{"href":"https:\/\/www.novafloor.fi\/sv\/wp-json\/wp\/v2\/pages"}],"about":[{"href":"https:\/\/www.novafloor.fi\/sv\/wp-json\/wp\/v2\/types\/page"}],"author":[{"embeddable":true,"href":"https:\/\/www.novafloor.fi\/sv\/wp-json\/wp\/v2\/users\/1"}],"replies":[{"embeddable":true,"href":"https:\/\/www.novafloor.fi\/sv\/wp-json\/wp\/v2\/comments?post=6553"}],"version-history":[{"count":2,"href":"https:\/\/www.novafloor.fi\/sv\/wp-json\/wp\/v2\/pages\/6553\/revisions"}],"predecessor-version":[{"id":6888,"href":"https:\/\/www.novafloor.fi\/sv\/wp-json\/wp\/v2\/pages\/6553\/revisions\/6888"}],"wp:attachment":[{"href":"https:\/\/www.novafloor.fi\/sv\/wp-json\/wp\/v2\/media?parent=6553"}],"curies":[{"name":"wp","href":"https:\/\/api.w.org\/{rel}","templated":true}]}}