{"id":6547,"date":"2025-04-23T13:33:33","date_gmt":"2025-04-23T13:33:33","guid":{"rendered":"https:\/\/www.novafloor.fi\/yhteystiedot\/"},"modified":"2026-02-02T08:17:18","modified_gmt":"2026-02-02T08:17:18","slug":"kontakt","status":"publish","type":"page","link":"https:\/\/www.novafloor.fi\/sv\/kontakt\/","title":{"rendered":"Kontakt"},"content":{"rendered":"<section class=\"block block-hero block-bg-white image-style-next\">\r\n    <div class=\"container container-full\">\r\n        <div class=\"image-container\"><img decoding=\"async\" src=\"https:\/\/www.novafloor.fi\/wp-content\/uploads\/2025\/05\/Personal-20-590x393.jpg\" srcset=\"https:\/\/www.novafloor.fi\/wp-content\/uploads\/2025\/05\/Personal-20-300x200.jpg 300w, https:\/\/www.novafloor.fi\/wp-content\/uploads\/2025\/05\/Personal-20-2048x1365.jpg 2048w, https:\/\/www.novafloor.fi\/wp-content\/uploads\/2025\/05\/Personal-20-890x593.jpg 890w, https:\/\/www.novafloor.fi\/wp-content\/uploads\/2025\/05\/Personal-20-768x512.jpg 768w, https:\/\/www.novafloor.fi\/wp-content\/uploads\/2025\/05\/Personal-20-1024x683.jpg 1024w, https:\/\/www.novafloor.fi\/wp-content\/uploads\/2025\/05\/Personal-20-1536x1024.jpg 1536w, https:\/\/www.novafloor.fi\/wp-content\/uploads\/2025\/05\/Personal-20-1920x1280.jpg 1920w, https:\/\/www.novafloor.fi\/wp-content\/uploads\/2025\/05\/Personal-20-714x476.jpg 714w, https:\/\/www.novafloor.fi\/wp-content\/uploads\/2025\/05\/Personal-20-590x393.jpg 590w, https:\/\/www.novafloor.fi\/wp-content\/uploads\/2025\/05\/Personal-20-367x245.jpg 367w, https:\/\/www.novafloor.fi\/wp-content\/uploads\/2025\/05\/Personal-20-600x400.jpg 600w\" sizes=\"100vw\" alt=\"Personal-20\" width=\"2560\" height=\"1707\" data-no-lazy=\"1\" fetchpriority=\"high\"><\/div>        <div class=\"hero-container\">\r\n            <div class=\"container\"><div class=\"breadcrumbs-container\"><ol itemscope itemtype=\"https:\/\/schema.org\/BreadcrumbList\"><li itemprop=\"itemListElement\" itemscope itemtype=\"https:\/\/schema.org\/ListItem\"><a itemprop=\"item\" href=\"https:\/\/www.novafloor.fi\/sv\/\"><span itemprop=\"name\">Novafloor<\/span><\/a><meta itemprop=\"position\" content=\"1\" \/><\/li><li itemprop=\"itemListElement\" itemscope itemtype=\"https:\/\/schema.org\/ListItem\"><span itemprop=\"name\">Kontakt<\/span><meta itemprop=\"position\" content=\"2\" \/><\/li><\/ol><\/div><\/div>\r\n            <h1 class=\"h2\">Kontaktuppgifter och \u00f6ppettider<\/h1>            <div class=\"hero-content\">\r\n                                <div class=\"hero-description\">\r\n                    <p>Vi erbjuder personlig service i v\u00e5ra butiker i Vasa, Vanda, Tammerfors och \u00c5bo. Vi betj\u00e4nar dig och hj\u00e4lper dig hitta r\u00e4tt golv \u00e4ven via e-post, videosamtal eller telefon.<\/p>\n                <\/div>\r\n                            <\/div>\r\n        <\/div>\r\n    <\/div>\r\n<\/section>\n\n<section class=\"block block-personnel block-bg-white\">\r\n    <div class=\"container\">\r\n        <div class=\"content-container reveal\">\r\n            <div class=\"container\"><div class=\"category-nav\"><a class=\"btn btn-small btn-noicon btn-light\" href=\"#konsumentforsaljning\">Konsumentf\u00f6rs\u00e4ljning<\/a><a class=\"btn btn-small btn-noicon btn-light\" href=\"#foretagsforsaljning\">F\u00f6retagsf\u00f6rs\u00e4ljning<\/a><a class=\"btn btn-small btn-noicon btn-light\" href=\"#forsaljning-i-sverige\">F\u00f6rs\u00e4ljning i Sverige<\/a><a class=\"btn btn-small btn-noicon btn-light\" href=\"#produktion-och-logistik\">Produktion och logistik<\/a><a class=\"btn btn-small btn-noicon btn-light\" href=\"#ledningsgrupp\">Ledningsgrupp<\/a><\/div><\/div><div class=\"personnel-container\"><div class=\"container\"><h2>Personal<\/h2><div class=\"person-groups\"><div class=\"person-group\" id=\"konsumentforsaljning\"><h3 class=\"h5 person-group-title\">Konsumentf\u00f6rs\u00e4ljning<\/h3><div class=\"person-list\"><div class=\"person\"><div class=\"author-image\"><img decoding=\"async\" src=\"https:\/\/www.novafloor.fi\/wp-content\/uploads\/2025\/05\/enskild-nyare-2-12-393x590.jpg\" alt=\"Jussi Vuotila\"><\/div><div class=\"author-details\"><span class=\"author-name\">Jussi Vuotila<span class=\"author-languages\"><img decoding=\"async\" class=\"author-lang-flag\" src=\"https:\/\/www.novafloor.fi\/wp-content\/plugins\/sitepress-multilingual-cms\/res\/flags\/fi.png\" alt=\"Suomi\" title=\"Suomi\"><\/span><\/span><span class=\"author-title\">Konsumentf\u00f6rs\u00e4ljning, teknisk r\u00e5dgivning<\/span><a href=\"tel:+358 40 0492 045\">+358 40 0492 045<\/a><a href=\"\" class=\"author-email\">6a757373692e76756f74696c61406e6f7661666c6f6f722e6669<\/a><\/div><\/div><div class=\"person\"><div class=\"author-image\"><img decoding=\"async\" src=\"https:\/\/www.novafloor.fi\/wp-content\/uploads\/2025\/05\/enskild-nyare-2-2-393x590.jpg\" alt=\"Saara Loiske\"><\/div><div class=\"author-details\"><span class=\"author-name\">Saara Loiske<span class=\"author-languages\"><img decoding=\"async\" class=\"author-lang-flag\" src=\"https:\/\/www.novafloor.fi\/wp-content\/plugins\/sitepress-multilingual-cms\/res\/flags\/fi.png\" alt=\"Suomi\" title=\"Suomi\"><\/span><\/span><span class=\"author-title\">Konsumentf\u00f6rs\u00e4ljning, Formgivare<\/span><a href=\"tel:+358 40 041 8878\">+358 40 041 8878<\/a><a href=\"\" class=\"author-email\">73616172612e6c6f69736b65406e6f7661666c6f6f722e6669<\/a><\/div><\/div><div class=\"person\"><div class=\"author-image\"><img decoding=\"async\" src=\"https:\/\/www.novafloor.fi\/wp-content\/uploads\/2025\/05\/enskild-aldre-22-393x590.jpg\" alt=\"Linus Lindman\"><\/div><div class=\"author-details\"><span class=\"author-name\">Linus Lindman<span class=\"author-languages\"><img decoding=\"async\" class=\"author-lang-flag\" src=\"https:\/\/www.novafloor.fi\/wp-content\/plugins\/sitepress-multilingual-cms\/res\/flags\/sv.png\" alt=\"Svenska\" title=\"Svenska\"><\/span><\/span><span class=\"author-title\">Export Skandinavien<\/span><a href=\"tel:+358 40 4822 710\">+358 40 4822 710<\/a><a href=\"\" class=\"author-email\">6c696e75732e6c696e646d616e406e6f7661666c6f6f722e6669<\/a><\/div><\/div><\/div><\/div><div class=\"person-group\" id=\"foretagsforsaljning\"><h3 class=\"h5 person-group-title\">F\u00f6retagsf\u00f6rs\u00e4ljning<\/h3><div class=\"person-list\"><div class=\"person\"><div class=\"author-image\"><img decoding=\"async\" src=\"https:\/\/www.novafloor.fi\/wp-content\/uploads\/2025\/06\/enskild-nyare-2-9-393x590.jpg\" alt=\"Arto Ylinen\"><\/div><div class=\"author-details\"><span class=\"author-name\">Arto Ylinen<span class=\"author-languages\"><img decoding=\"async\" class=\"author-lang-flag\" src=\"https:\/\/www.novafloor.fi\/wp-content\/plugins\/sitepress-multilingual-cms\/res\/flags\/fi.png\" alt=\"Suomi\" title=\"Suomi\"><\/span><\/span><span class=\"author-title\">F\u00f6retagsf\u00f6rs\u00e4ljning<\/span><a href=\"tel:+358 500 566 208\">+358 500 566 208<\/a><a href=\"\" class=\"author-email\">6172746f2e796c696e656e406e6f7661666c6f6f722e6669<\/a><\/div><\/div><div class=\"person\"><div class=\"author-image\"><img decoding=\"async\" src=\"https:\/\/www.novafloor.fi\/wp-content\/uploads\/2025\/05\/nova-42-393x590.jpg\" alt=\"Markus Myllym\u00e4ki\"><\/div><div class=\"author-details\"><span class=\"author-name\">Markus Myllym\u00e4ki<span class=\"author-languages\"><img decoding=\"async\" class=\"author-lang-flag\" src=\"https:\/\/www.novafloor.fi\/wp-content\/plugins\/sitepress-multilingual-cms\/res\/flags\/fi.png\" alt=\"Suomi\" title=\"Suomi\"><img decoding=\"async\" class=\"author-lang-flag\" src=\"https:\/\/www.novafloor.fi\/wp-content\/plugins\/sitepress-multilingual-cms\/res\/flags\/sv.png\" alt=\"Svenska\" title=\"Svenska\"><img decoding=\"async\" class=\"author-lang-flag\" src=\"https:\/\/www.novafloor.fi\/wp-content\/plugins\/sitepress-multilingual-cms\/res\/flags\/en.png\" alt=\"English\" title=\"English\"><img decoding=\"async\" class=\"author-lang-flag\" src=\"https:\/\/www.novafloor.fi\/wp-content\/plugins\/sitepress-multilingual-cms\/res\/flags\/de.png\" alt=\"de\" title=\"de\"><\/span><\/span><span class=\"author-title\">F\u00f6rs\u00e4ljning, VD<\/span><a href=\"tel:+358 50 347 3710\">+358 50 347 3710<\/a><a href=\"\" class=\"author-email\">6d61726b75732e6d796c6c796d616b69406e6f7661666c6f6f722e6669<\/a><\/div><\/div><\/div><\/div><div class=\"person-group\" id=\"forsaljning-i-sverige\"><h3 class=\"h5 person-group-title\">F\u00f6rs\u00e4ljning i Sverige<\/h3><div class=\"person-list\"><div class=\"person\"><div class=\"author-image\"><img decoding=\"async\" src=\"https:\/\/www.novafloor.fi\/wp-content\/uploads\/2025\/05\/enskild-aldre-12-393x590.jpg\" alt=\"Bitte Persson\"><\/div><div class=\"author-details\"><span class=\"author-name\">Bitte Persson<\/span><span class=\"author-title\">Den svenska inre marknaden<\/span><a href=\"tel:+46 73 5404 221\">+46 73 5404 221<\/a><a href=\"\" class=\"author-email\">6269747465406e6f7661666c6f6f722e6669<\/a><\/div><\/div><div class=\"person\"><div class=\"author-image\"><img decoding=\"async\" src=\"https:\/\/www.novafloor.fi\/wp-content\/uploads\/2025\/05\/enskild-aldre-22-393x590.jpg\" alt=\"Linus Lindman\"><\/div><div class=\"author-details\"><span class=\"author-name\">Linus Lindman<span class=\"author-languages\"><img decoding=\"async\" class=\"author-lang-flag\" src=\"https:\/\/www.novafloor.fi\/wp-content\/plugins\/sitepress-multilingual-cms\/res\/flags\/sv.png\" alt=\"Svenska\" title=\"Svenska\"><\/span><\/span><span class=\"author-title\">Export Skandinavien<\/span><a href=\"tel:+358 40 4822 710\">+358 40 4822 710<\/a><a href=\"\" class=\"author-email\">6c696e75732e6c696e646d616e406e6f7661666c6f6f722e6669<\/a><\/div><\/div><\/div><\/div><div class=\"person-group\" id=\"produktion-och-logistik\"><h3 class=\"h5 person-group-title\">Produktion och logistik<\/h3><div class=\"person-list\"><div class=\"person\"><div class=\"author-image\"><img decoding=\"async\" src=\"https:\/\/www.novafloor.fi\/wp-content\/uploads\/2025\/05\/enskild-aldre-19-scaled.jpg\" alt=\"Anders Granfors\"><\/div><div class=\"author-details\"><span class=\"author-name\">Anders Granfors<\/span><span class=\"author-title\">Produktionschef<\/span><\/div><\/div><div class=\"person\"><div class=\"author-image\"><img decoding=\"async\" src=\"https:\/\/www.novafloor.fi\/wp-content\/uploads\/2025\/05\/enskild-aldre-17-393x590.jpg\" alt=\"David Granfors\"><\/div><div class=\"author-details\"><span class=\"author-name\">David Granfors<\/span><span class=\"author-title\">Lagerchef<\/span><\/div><\/div><div class=\"person\"><div class=\"author-image\"><img decoding=\"async\" src=\"https:\/\/www.novafloor.fi\/wp-content\/uploads\/2025\/05\/enskild-aldre-7-393x590.jpg\" alt=\"Isak R\u00f6nnqvist\"><\/div><div class=\"author-details\"><span class=\"author-name\">Isak R\u00f6nnqvist<\/span><span class=\"author-title\">Lagerarbetare<\/span><\/div><\/div><div class=\"person\"><div class=\"author-image\"><img decoding=\"async\" src=\"https:\/\/www.novafloor.fi\/wp-content\/uploads\/2025\/05\/enskild-aldre-9-393x590.jpg\" alt=\"Dennis Pernell\"><\/div><div class=\"author-details\"><span class=\"author-name\">Dennis Pernell<\/span><span class=\"author-title\">Inredning f\u00f6r butiker<\/span><\/div><\/div><div class=\"person\"><div class=\"author-image\"><img decoding=\"async\" src=\"https:\/\/www.novafloor.fi\/wp-content\/uploads\/2025\/05\/enskild-aldre-4-393x590.jpg\" alt=\"Quacey Nelson\"><\/div><div class=\"author-details\"><span class=\"author-name\">Quacey Nelson<\/span><span class=\"author-title\">Produktionsst\u00f6djande \u00e5tg\u00e4rder<\/span><\/div><\/div><div class=\"person\"><div class=\"author-image\"><img decoding=\"async\" src=\"https:\/\/www.novafloor.fi\/wp-content\/uploads\/2025\/05\/enskild-aldre-24-393x590.jpg\" alt=\"Javad Hussaini\"><\/div><div class=\"author-details\"><span class=\"author-name\">Javad Hussaini<\/span><span class=\"author-title\">Ytbehandlare<\/span><\/div><\/div><\/div><\/div><div class=\"person-group\" id=\"ledningsgrupp\"><h3 class=\"h5 person-group-title\">Ledningsgrupp<\/h3><div class=\"person-list\"><div class=\"person\"><div class=\"author-image\"><img decoding=\"async\" src=\"https:\/\/www.novafloor.fi\/wp-content\/uploads\/2025\/05\/nova-42-393x590.jpg\" alt=\"Markus Myllym\u00e4ki\"><\/div><div class=\"author-details\"><span class=\"author-name\">Markus Myllym\u00e4ki<span class=\"author-languages\"><img decoding=\"async\" class=\"author-lang-flag\" src=\"https:\/\/www.novafloor.fi\/wp-content\/plugins\/sitepress-multilingual-cms\/res\/flags\/fi.png\" alt=\"Suomi\" title=\"Suomi\"><img decoding=\"async\" class=\"author-lang-flag\" src=\"https:\/\/www.novafloor.fi\/wp-content\/plugins\/sitepress-multilingual-cms\/res\/flags\/sv.png\" alt=\"Svenska\" title=\"Svenska\"><img decoding=\"async\" class=\"author-lang-flag\" src=\"https:\/\/www.novafloor.fi\/wp-content\/plugins\/sitepress-multilingual-cms\/res\/flags\/en.png\" alt=\"English\" title=\"English\"><img decoding=\"async\" class=\"author-lang-flag\" src=\"https:\/\/www.novafloor.fi\/wp-content\/plugins\/sitepress-multilingual-cms\/res\/flags\/de.png\" alt=\"de\" title=\"de\"><\/span><\/span><span class=\"author-title\">F\u00f6rs\u00e4ljning, VD<\/span><a href=\"tel:+358 50 347 3710\">+358 50 347 3710<\/a><a href=\"\" class=\"author-email\">6d61726b75732e6d796c6c796d616b69406e6f7661666c6f6f722e6669<\/a><\/div><\/div><div class=\"person\"><div class=\"author-image\"><img decoding=\"async\" src=\"https:\/\/www.novafloor.fi\/wp-content\/uploads\/2025\/05\/enskild-nyare-2-12-393x590.jpg\" alt=\"Jussi Vuotila\"><\/div><div class=\"author-details\"><span class=\"author-name\">Jussi Vuotila<span class=\"author-languages\"><img decoding=\"async\" class=\"author-lang-flag\" src=\"https:\/\/www.novafloor.fi\/wp-content\/plugins\/sitepress-multilingual-cms\/res\/flags\/fi.png\" alt=\"Suomi\" title=\"Suomi\"><\/span><\/span><span class=\"author-title\">Konsumentf\u00f6rs\u00e4ljning, teknisk r\u00e5dgivning<\/span><a href=\"tel:+358 40 0492 045\">+358 40 0492 045<\/a><a href=\"\" class=\"author-email\">6a757373692e76756f74696c61406e6f7661666c6f6f722e6669<\/a><\/div><\/div><div class=\"person\"><div class=\"author-image\"><img decoding=\"async\" src=\"https:\/\/www.novafloor.fi\/wp-content\/uploads\/2025\/05\/enskild-aldre-40-393x590.jpg\" alt=\"Anders Olin\"><\/div><div class=\"author-details\"><span class=\"author-name\">Anders Olin<\/span><span class=\"author-title\">Programmeringsansvarig<\/span><a href=\"\" class=\"author-email\">616e646572732e6f6c696e406e6f7661666c6f6f722e6669<\/a><\/div><\/div><div class=\"person\"><div class=\"author-image\"><img decoding=\"async\" src=\"https:\/\/www.novafloor.fi\/wp-content\/uploads\/2025\/05\/enskild-aldre-22-393x590.jpg\" alt=\"Linus Lindman\"><\/div><div class=\"author-details\"><span class=\"author-name\">Linus Lindman<span class=\"author-languages\"><img decoding=\"async\" class=\"author-lang-flag\" src=\"https:\/\/www.novafloor.fi\/wp-content\/plugins\/sitepress-multilingual-cms\/res\/flags\/sv.png\" alt=\"Svenska\" title=\"Svenska\"><\/span><\/span><span class=\"author-title\">Export Skandinavien<\/span><a href=\"tel:+358 40 4822 710\">+358 40 4822 710<\/a><a href=\"\" class=\"author-email\">6c696e75732e6c696e646d616e406e6f7661666c6f6f722e6669<\/a><\/div><\/div><\/div><\/div><\/div><\/div><\/div>        <\/div>\r\n    <\/div>\r\n<\/section>\n\n<section class=\"block block-openinghours block-bg-white\">\r\n    <div class=\"container\">\r\n        <div class=\"content-container reveal\">\r\n            <h2>\u00d6ppettider f\u00f6r butiker och showrooms<\/h2><div class=\"opening-hours\"><div class=\"opening-hours-item\"><h3 class=\"h5\">Vanda<\/h3><div class=\"hours\"><span>M\u00e5n-Fre 9-19<\/span><span>L\u00f6r 10-18<\/span><span>S\u00f6n 11-18<\/span><\/div><\/div><div class=\"opening-hours-item\"><h3 class=\"h5\">Vasa<\/h3><div class=\"hours\"><span>M\u00e5n-Fre 10-17<\/span><span>L\u00f6r 10-13<\/span><span>S\u00f6n st\u00e4ngd<\/span><span>2.5. Suljettu<\/span><\/div><\/div><div class=\"opening-hours-item\"><h3 class=\"h5\">\u00c5bo<\/h3><div class=\"hours\"><span>M\u00e5n-Fre 10-20<\/span><span>L\u00f6r 10-18<\/span><span>S\u00f6n 11-18<\/span><\/div><\/div><div class=\"opening-hours-item\"><h3 class=\"h5\">Tammerfors<\/h3><div class=\"hours\"><span>M\u00e5n-Fre 08-20<\/span><span>L\u00f6r-S\u00f6n 09-18<\/span><\/div><\/div><div class=\"opening-hours-item\"><h3 class=\"h5\">Malm\u00f6<\/h3><div class=\"hours\"><span>M\u00e5n-S\u00f6n 9-20<\/span><\/div><\/div><\/div><div class=\"buttons\"><a href=\"https:\/\/www.novafloor.fi\/sv\/butiker\/\" class=\"btn btn-wide btn-outline\">Butiker och showrooms<\/a><\/div>        <\/div>\r\n    <\/div>\r\n<\/section>\n\n<section class=\"block block-contactform block-bg-white\">\r\n    <div class=\"container\">\r\n        <div class=\"content-container reveal\">\r\n            <div class=\"left-column\"><h2>Lager f\u00f6r \u00e5tervinning<\/h2><h3 class=\"h5\">Vasa<\/h3>\n<p>Novafloors centrallager ligger i <strong>Vasa<\/strong>, d\u00e4r du ocks\u00e5 kan h\u00e4mta din best\u00e4llning om du inte vill ha hemleverans.<\/p>\n<p>Ring g\u00e4rna minst 3 timmar i f\u00f6rv\u00e4g f\u00f6r att meddela n\u00e4r du kommer. D\u00e5 har vi tid att h\u00e4mta din best\u00e4llning f\u00f6r leverans.<\/p>\n<p><strong>Avh\u00e4mtningsdep\u00e5n \u00e4r \u00f6ppen p\u00e5 vardagar fr\u00e5n 07:00 till 14:30. V\u00e4nligen informera oss i f\u00f6rv\u00e4g om din upph\u00e4mtning: tel. 0400 340 717<\/strong><\/p>\n<h3 class=\"h5\">Adressuppgifter<\/h3>\n<p><strong>Adress: <a href=\"https:\/\/www.google.com\/maps\/place\/Kaarlentie+2,+65170+Vaasa\/\">Kaarlentie 2, 65170 Vasa<\/a><\/strong><\/p>\n<p>\u00d6ppettider: m\u00e5n-fre 07:00-14:30.<br \/>\nTelefonnummer: <a href=\"tel:0400340717\"><strong>040 034 0717<\/strong><\/a><\/p>\n<p>Bes\u00f6ksadress: Kaarlentie 2, 65170 Vasa<\/p>\n<p>Postadress: Novafloor Oy, Box 178, 65101 Vasa<\/p>\n<p>F\u00f6retags ID: 2087183-1<\/p>\n<\/div><div class=\"right-column\"><h2>Skicka ett meddelande<\/h2><p>Vi svarar senast n\u00e4sta arbetsdag<\/p>\n<div class=\"form-container\">\n<div class=\"wpcf7 no-js\" id=\"wpcf7-f6865-o1\" lang=\"sv-SE\" dir=\"ltr\" data-wpcf7-id=\"6865\">\n<div class=\"screen-reader-response\"><p role=\"status\" aria-live=\"polite\" aria-atomic=\"true\"><\/p> <ul><\/ul><\/div>\n<form action=\"\/sv\/wp-json\/wp\/v2\/pages\/6547#wpcf7-f6865-o1\" method=\"post\" class=\"wpcf7-form init\" aria-label=\"Kontaktformul\u00e4r\" novalidate=\"novalidate\" data-status=\"init\">\n<fieldset class=\"hidden-fields-container\"><input type=\"hidden\" name=\"_wpcf7\" value=\"6865\" \/><input type=\"hidden\" name=\"_wpcf7_version\" value=\"6.1.5\" \/><input type=\"hidden\" name=\"_wpcf7_locale\" value=\"sv_SE\" \/><input type=\"hidden\" name=\"_wpcf7_unit_tag\" value=\"wpcf7-f6865-o1\" \/><input type=\"hidden\" name=\"_wpcf7_container_post\" value=\"0\" \/><input type=\"hidden\" name=\"_wpcf7_posted_data_hash\" value=\"\" \/>\n<\/fieldset>\n<div class=\"wpcf7-turnstile cf-turnstile\" data-sitekey=\"0x4AAAAAABkTxQKyHgQh-qgC\" data-response-field-name=\"_wpcf7_turnstile_response\"><\/div>\n\n<div class=\"form-row\">\n<div class=\"form-col\">\n<label>F\u00f6rnamn<\/label>\n<span class=\"wpcf7-form-control-wrap\" data-name=\"fornamn\"><input size=\"40\" maxlength=\"400\" class=\"wpcf7-form-control wpcf7-text form-control form-control-gray  wpcf7-validates-as-required\" aria-required=\"true\" aria-invalid=\"false\" placeholder=\"F\u00f6rnamn\" value=\"\" type=\"text\" name=\"fornamn\" \/><\/span>\n<\/div>\n<div class=\"form-col\">\n<label>Efternamn<\/label>\n<span class=\"wpcf7-form-control-wrap\" data-name=\"efternamn\"><input size=\"40\" maxlength=\"400\" class=\"wpcf7-form-control wpcf7-text form-control form-control-gray  wpcf7-validates-as-required\" aria-required=\"true\" aria-invalid=\"false\" placeholder=\"Efternamn\" value=\"\" type=\"text\" name=\"efternamn\" \/><\/span>\n<\/div>\n<\/div>\n\n<div class=\"form-row\">\n<div class=\"form-col\">\n<label>E-post<\/label>\n<span class=\"wpcf7-form-control-wrap\" data-name=\"email\"><input size=\"40\" maxlength=\"400\" class=\"wpcf7-form-control wpcf7-email wpcf7-validates-as-required wpcf7-text form-control form-control-gray  wpcf7-validates-as-email\" aria-required=\"true\" aria-invalid=\"false\" placeholder=\"E-post\" value=\"\" type=\"email\" name=\"email\" \/><\/span>\n<\/div>\n<div class=\"form-col\">\n<label>Telefon<\/label>\n<span class=\"wpcf7-form-control-wrap\" data-name=\"telefon\"><input size=\"40\" maxlength=\"400\" class=\"wpcf7-form-control wpcf7-tel wpcf7-validates-as-required wpcf7-text form-control form-control-gray  wpcf7-validates-as-tel\" aria-required=\"true\" aria-invalid=\"false\" placeholder=\"Telefon\" value=\"\" type=\"tel\" name=\"telefon\" \/><\/span>\n<\/div>\n<\/div>\n\n<div class=\"form-row\">\n<div class=\"form-col\">\n<label>Meddelande<\/label>\n<span class=\"wpcf7-form-control-wrap\" data-name=\"meddelande\"><textarea cols=\"40\" rows=\"10\" maxlength=\"2000\" class=\"wpcf7-form-control wpcf7-text form-control form-control-gray area wpcf7-validates-as-required\" aria-required=\"true\" aria-invalid=\"false\" placeholder=\"Meddelande\" name=\"meddelande\"><\/textarea><\/span>\n<\/div>\n<\/div>\n\n<div class=\"form-row\">\n<div class=\"form-col\">\n<button type=\"submit\" class=\"btn btn-small\">Skicka till<\/button>\n<\/div>\n<\/div>\n\n<div class=\"form-row form-row-privacy\">\n<div class=\"form-col\">Genom att klicka p\u00e5 Skicka godk\u00e4nner du <a href=\"https:\/\/novafloor.fi\/tietosuojaseloste\/\" target=\"_blank\">sekretesspolicyn*<\/a>.\n<\/div>\n<\/div><div class=\"wpcf7-response-output\" aria-hidden=\"true\"><\/div>\n<\/form>\n<\/div>\n<\/div><\/div>        <\/div>\r\n    <\/div>\r\n<\/section>","protected":false},"excerpt":{"rendered":"","protected":false},"author":1,"featured_media":1680,"parent":0,"menu_order":17,"comment_status":"closed","ping_status":"closed","template":"","meta":{"_acf_changed":false,"footnotes":""},"class_list":["post-6547","page","type-page","status-publish","has-post-thumbnail","hentry"],"acf":[],"_links":{"self":[{"href":"https:\/\/www.novafloor.fi\/sv\/wp-json\/wp\/v2\/pages\/6547","targetHints":{"allow":["GET"]}}],"collection":[{"href":"https:\/\/www.novafloor.fi\/sv\/wp-json\/wp\/v2\/pages"}],"about":[{"href":"https:\/\/www.novafloor.fi\/sv\/wp-json\/wp\/v2\/types\/page"}],"author":[{"embeddable":true,"href":"https:\/\/www.novafloor.fi\/sv\/wp-json\/wp\/v2\/users\/1"}],"replies":[{"embeddable":true,"href":"https:\/\/www.novafloor.fi\/sv\/wp-json\/wp\/v2\/comments?post=6547"}],"version-history":[{"count":3,"href":"https:\/\/www.novafloor.fi\/sv\/wp-json\/wp\/v2\/pages\/6547\/revisions"}],"predecessor-version":[{"id":10142,"href":"https:\/\/www.novafloor.fi\/sv\/wp-json\/wp\/v2\/pages\/6547\/revisions\/10142"}],"wp:featuredmedia":[{"embeddable":true,"href":"https:\/\/www.novafloor.fi\/sv\/wp-json\/wp\/v2\/media\/1680"}],"wp:attachment":[{"href":"https:\/\/www.novafloor.fi\/sv\/wp-json\/wp\/v2\/media?parent=6547"}],"curies":[{"name":"wp","href":"https:\/\/api.w.org\/{rel}","templated":true}]}}