{"id":6907,"date":"2025-06-27T12:02:09","date_gmt":"2025-06-27T12:02:09","guid":{"rendered":"https:\/\/www.novafloor.fi\/chatbot-test\/"},"modified":"2025-07-16T10:47:22","modified_gmt":"2025-07-16T10:47:22","slug":"chatbot-test","status":"publish","type":"page","link":"https:\/\/www.novafloor.fi\/en\/chatbot-test\/","title":{"rendered":"Chatbot test"},"content":{"rendered":"<section class=\"block block-hero block-bg-white image-style-next\">\r\n    <div class=\"container container-full\">\r\n        <div class=\"image-container\"><img decoding=\"async\" src=\"https:\/\/www.novafloor.fi\/wp-content\/uploads\/2025\/06\/trinity-233TS126_prod5-590x393.jpg\" srcset=\"https:\/\/www.novafloor.fi\/wp-content\/uploads\/2025\/06\/trinity-233TS126_prod5-300x200.jpg 300w, https:\/\/www.novafloor.fi\/wp-content\/uploads\/2025\/06\/trinity-233TS126_prod5-1024x683.jpg 1024w, https:\/\/www.novafloor.fi\/wp-content\/uploads\/2025\/06\/trinity-233TS126_prod5-768x512.jpg 768w, https:\/\/www.novafloor.fi\/wp-content\/uploads\/2025\/06\/trinity-233TS126_prod5-890x593.jpg 890w, https:\/\/www.novafloor.fi\/wp-content\/uploads\/2025\/06\/trinity-233TS126_prod5-714x476.jpg 714w, https:\/\/www.novafloor.fi\/wp-content\/uploads\/2025\/06\/trinity-233TS126_prod5-590x393.jpg 590w, https:\/\/www.novafloor.fi\/wp-content\/uploads\/2025\/06\/trinity-233TS126_prod5-367x245.jpg 367w, https:\/\/www.novafloor.fi\/wp-content\/uploads\/2025\/06\/trinity-233TS126_prod5-600x400.jpg 600w, https:\/\/www.novafloor.fi\/wp-content\/uploads\/2025\/06\/trinity-233TS126_prod5.jpg 1500w\" sizes=\"100vw\" alt=\"trinity-233TS126_prod5\" width=\"1500\" height=\"1000\" data-no-lazy=\"1\" fetchpriority=\"high\"><\/div>        <div class=\"hero-container\">\r\n            <div class=\"container\"><div class=\"breadcrumbs-container\"><ol itemscope itemtype=\"https:\/\/schema.org\/BreadcrumbList\"><li itemprop=\"itemListElement\" itemscope itemtype=\"https:\/\/schema.org\/ListItem\"><a itemprop=\"item\" href=\"https:\/\/www.novafloor.fi\/en\/\"><span itemprop=\"name\">Novafloor<\/span><\/a><meta itemprop=\"position\" content=\"1\" \/><\/li><li itemprop=\"itemListElement\" itemscope itemtype=\"https:\/\/schema.org\/ListItem\"><span itemprop=\"name\">Chatbot test<\/span><meta itemprop=\"position\" content=\"2\" \/><\/li><\/ol><\/div><\/div>\r\n            <h1>Chatbot testi<\/h1>            <div class=\"hero-content\">\r\n                                <div class=\"hero-description\">\r\n                    <p>Chatbo tulee n\u00e4kyviin t\u00e4ll\u00e4 sivulla<\/p>\n                <\/div>\r\n                            <\/div>\r\n        <\/div>\r\n    <\/div>\r\n<\/section>","protected":false},"excerpt":{"rendered":"","protected":false},"author":8,"featured_media":0,"parent":0,"menu_order":2,"comment_status":"closed","ping_status":"closed","template":"","meta":{"_acf_changed":false,"footnotes":""},"class_list":["post-6907","page","type-page","status-publish","hentry"],"acf":[],"_links":{"self":[{"href":"https:\/\/www.novafloor.fi\/en\/wp-json\/wp\/v2\/pages\/6907","targetHints":{"allow":["GET"]}}],"collection":[{"href":"https:\/\/www.novafloor.fi\/en\/wp-json\/wp\/v2\/pages"}],"about":[{"href":"https:\/\/www.novafloor.fi\/en\/wp-json\/wp\/v2\/types\/page"}],"author":[{"embeddable":true,"href":"https:\/\/www.novafloor.fi\/en\/wp-json\/wp\/v2\/users\/8"}],"replies":[{"embeddable":true,"href":"https:\/\/www.novafloor.fi\/en\/wp-json\/wp\/v2\/comments?post=6907"}],"version-history":[{"count":1,"href":"https:\/\/www.novafloor.fi\/en\/wp-json\/wp\/v2\/pages\/6907\/revisions"}],"predecessor-version":[{"id":6908,"href":"https:\/\/www.novafloor.fi\/en\/wp-json\/wp\/v2\/pages\/6907\/revisions\/6908"}],"wp:attachment":[{"href":"https:\/\/www.novafloor.fi\/en\/wp-json\/wp\/v2\/media?parent=6907"}],"curies":[{"name":"wp","href":"https:\/\/api.w.org\/{rel}","templated":true}]}}